{"id":8354,"date":"2021-02-14T21:28:07","date_gmt":"2021-02-14T18:28:07","guid":{"rendered":"https:\/\/ceoparts.com\/?post_type=product&#038;p=8354"},"modified":"2026-05-16T09:41:35","modified_gmt":"2026-05-16T06:41:35","slug":"82x60-60-20-yuk-tekeri","status":"publish","type":"product","link":"https:\/\/ceoparts.com\/de\/urun\/82x60-60-20-yuk-tekeri\/","title":{"rendered":"82&#215;60\/60-20 Ceoparts Lastrad &#8211; 500552972"},"content":{"rendered":"<p>82&#215;60\/60-20 Ceoparts Lastrad &#8211; 500552972<\/p>\n<p>Jungheinrich 50052972<\/p>\n<p>AM22<\/p>\n<p>AM2200<\/p>\n<p>TM22<\/p>\n<p>Still<\/p>\n<p>HP22<\/p>","protected":false},"excerpt":{"rendered":"<p data-start=\"117\" data-end=\"650\"><br data-start=\"2000\" data-end=\"2003\" \/>Die <strong data-start=\"2007\" data-end=\"2041\">82\u00d760\/60-20 Ceoparts Lastrolle<\/strong> ist eine hochwertige Rolle mit mittlerer bis hoher Haltbarkeit, entwickelt f\u00fcr Gabelstapler und Lagertechnik. Die breite Aufstandsfl\u00e4che sorgt f\u00fcr eine gleichm\u00e4\u00dfige Lastverteilung und einen stabilen, sicheren Betrieb. Mit robustem Metallkern und Polyurethan- oder Gummibeschichtung bietet sie langlebige Leistung und einen leisen, vibrationsfreien Lauf. Das kompakte Design erm\u00f6glicht hohe Wendigkeit auf engem Raum und einfache Montage. F\u00fcr den industriellen Einsatz geeignet.<\/p>\n<p data-start=\"2521\" data-end=\"2965\"><strong data-start=\"2521\" data-end=\"2538\">Eigenschaften<\/strong><br data-start=\"2538\" data-end=\"2541\" \/><strong data-start=\"2541\" data-end=\"2557\">Produktname:<\/strong> 82\u00d760\/60-20 Ceoparts Lastrolle<br data-start=\"2588\" data-end=\"2591\" \/><strong data-start=\"2591\" data-end=\"2607\">Teilenummer:<\/strong> 500552972<br data-start=\"2617\" data-end=\"2620\" \/><strong data-start=\"2620\" data-end=\"2633\">Material:<\/strong> Robuster Metallkern, verschlei\u00dffeste Polyurethan- oder Gummibeschichtung<br data-start=\"2706\" data-end=\"2709\" \/><strong data-start=\"2709\" data-end=\"2731\">Anwendungsbereich:<\/strong> Tragf\u00e4hige Systeme f\u00fcr Gabelstapler und Lagertechnik<br data-start=\"2784\" data-end=\"2787\" \/><strong data-start=\"2787\" data-end=\"2799\">Vorteil:<\/strong> Gleichm\u00e4\u00dfige Lastverteilung, leiser und vibrationsfreier Betrieb, lange Lebensdauer, bodenschonendes Design, kompakte und langlebige Konstruktion, einfache Montage<\/p>\n<hr data-start=\"2967\" data-end=\"2970\" \/>\n<p data-start=\"2972\" data-end=\"3532\">\n","protected":false},"featured_media":15543,"template":"","meta":[],"product_brand":[],"product_cat":[398,400,236,238,241,243],"product_tag":[],"class_list":{"0":"post-8354","1":"product","2":"type-product","3":"status-publish","4":"has-post-thumbnail","6":"product_cat-catal-tekeri-ceo","7":"product_cat-catal-tekeri","8":"product_cat-jungheinrich","9":"product_cat-catal-tekeri-jungheinrich","10":"product_cat-still","11":"product_cat-catal-tekeri-still","13":"first","14":"instock","15":"taxable","16":"shipping-taxable","17":"purchasable","18":"product-type-simple"},"_links":{"self":[{"href":"https:\/\/ceoparts.com\/de\/wp-json\/wp\/v2\/product\/8354","targetHints":{"allow":["GET"]}}],"collection":[{"href":"https:\/\/ceoparts.com\/de\/wp-json\/wp\/v2\/product"}],"about":[{"href":"https:\/\/ceoparts.com\/de\/wp-json\/wp\/v2\/types\/product"}],"wp:featuredmedia":[{"embeddable":true,"href":"https:\/\/ceoparts.com\/de\/wp-json\/wp\/v2\/media\/15543"}],"wp:attachment":[{"href":"https:\/\/ceoparts.com\/de\/wp-json\/wp\/v2\/media?parent=8354"}],"wp:term":[{"taxonomy":"product_brand","embeddable":true,"href":"https:\/\/ceoparts.com\/de\/wp-json\/wp\/v2\/product_brand?post=8354"},{"taxonomy":"product_cat","embeddable":true,"href":"https:\/\/ceoparts.com\/de\/wp-json\/wp\/v2\/product_cat?post=8354"},{"taxonomy":"product_tag","embeddable":true,"href":"https:\/\/ceoparts.com\/de\/wp-json\/wp\/v2\/product_tag?post=8354"}],"curies":[{"name":"wp","href":"https:\/\/api.w.org\/{rel}","templated":true}]}}