{"id":8355,"date":"2021-02-14T21:29:16","date_gmt":"2021-02-14T18:29:16","guid":{"rendered":"https:\/\/ceoparts.com\/?post_type=product&#038;p=8355"},"modified":"2026-05-16T10:40:20","modified_gmt":"2026-05-16T07:40:20","slug":"82x70-75-20-yuk-tekeri","status":"publish","type":"product","link":"https:\/\/ceoparts.com\/de\/urun\/82x70-75-20-yuk-tekeri\/","title":{"rendered":"82&#215;70\/75-20 Ceoparts Lastrad"},"content":{"rendered":"<p>82&#215;70\/75-20 Ceoparts Lastrad<\/p>","protected":false},"excerpt":{"rendered":"<p data-start=\"90\" data-end=\"633\"><br data-start=\"1899\" data-end=\"1902\" \/>Die <strong data-start=\"1906\" data-end=\"1940\">82\u00d770\/75-20 Ceoparts Lastrolle<\/strong> ist eine langlebige Rolle f\u00fcr Gabelstapler und Lagertechnik mit mittlerer Tragf\u00e4higkeit. Der robuste Metallkern und die verschlei\u00dffeste Polyurethan- oder Gummibeschichtung sorgen f\u00fcr einen leisen und sicheren Betrieb auf dem Boden. Die kompakte Gr\u00f6\u00dfe und die breite Aufstandsfl\u00e4che unterst\u00fctzen eine gleichm\u00e4\u00dfige Lastverteilung, verbessern die Stabilit\u00e4t des Ger\u00e4ts und die Man\u00f6vrierf\u00e4higkeit. Die lange Lebensdauer und einfache Montage machen sie ideal f\u00fcr den industriellen Einsatz.<\/p>\n<p data-start=\"2427\" data-end=\"2844\"><strong data-start=\"2427\" data-end=\"2444\">Eigenschaften<\/strong><br data-start=\"2444\" data-end=\"2447\" \/><strong data-start=\"2447\" data-end=\"2463\">Produktname:<\/strong> 82\u00d770\/75-20 Ceoparts Lastrolle<br data-start=\"2494\" data-end=\"2497\" \/><strong data-start=\"2497\" data-end=\"2513\">Teilenummer:<\/strong> &#8211;<br data-start=\"2515\" data-end=\"2518\" \/><strong data-start=\"2518\" data-end=\"2531\">Material:<\/strong> Robuster Metallkern, verschlei\u00dffeste Polyurethan- oder Gummibeschichtung<br data-start=\"2604\" data-end=\"2607\" \/><strong data-start=\"2607\" data-end=\"2629\">Anwendungsbereich:<\/strong> Tragf\u00e4hige Systeme f\u00fcr Gabelstapler und Lagertechnik<br data-start=\"2682\" data-end=\"2685\" \/><strong data-start=\"2685\" data-end=\"2697\">Vorteil:<\/strong> Gleichm\u00e4\u00dfige Lastverteilung, leiser und vibrationsfreier Betrieb, bodenschonendes Design, kompakte und langlebige Konstruktion, einfache Montage<\/p>\n<hr data-start=\"2846\" data-end=\"2849\" \/>\n<p data-start=\"2851\" data-end=\"3371\">\n","protected":false},"featured_media":15546,"template":"","meta":[],"product_brand":[],"product_cat":[398,400],"product_tag":[],"class_list":{"0":"post-8355","1":"product","2":"type-product","3":"status-publish","4":"has-post-thumbnail","6":"product_cat-catal-tekeri-ceo","7":"product_cat-catal-tekeri","9":"first","10":"instock","11":"taxable","12":"shipping-taxable","13":"purchasable","14":"product-type-simple"},"_links":{"self":[{"href":"https:\/\/ceoparts.com\/de\/wp-json\/wp\/v2\/product\/8355","targetHints":{"allow":["GET"]}}],"collection":[{"href":"https:\/\/ceoparts.com\/de\/wp-json\/wp\/v2\/product"}],"about":[{"href":"https:\/\/ceoparts.com\/de\/wp-json\/wp\/v2\/types\/product"}],"wp:featuredmedia":[{"embeddable":true,"href":"https:\/\/ceoparts.com\/de\/wp-json\/wp\/v2\/media\/15546"}],"wp:attachment":[{"href":"https:\/\/ceoparts.com\/de\/wp-json\/wp\/v2\/media?parent=8355"}],"wp:term":[{"taxonomy":"product_brand","embeddable":true,"href":"https:\/\/ceoparts.com\/de\/wp-json\/wp\/v2\/product_brand?post=8355"},{"taxonomy":"product_cat","embeddable":true,"href":"https:\/\/ceoparts.com\/de\/wp-json\/wp\/v2\/product_cat?post=8355"},{"taxonomy":"product_tag","embeddable":true,"href":"https:\/\/ceoparts.com\/de\/wp-json\/wp\/v2\/product_tag?post=8355"}],"curies":[{"name":"wp","href":"https:\/\/api.w.org\/{rel}","templated":true}]}}