{"id":8356,"date":"2021-02-14T21:30:12","date_gmt":"2021-02-14T18:30:12","guid":{"rendered":"https:\/\/ceoparts.com\/?post_type=product&#038;p=8356"},"modified":"2026-05-16T18:38:50","modified_gmt":"2026-05-16T15:38:50","slug":"82x100-105-20-yuk-tekeri","status":"publish","type":"product","link":"https:\/\/ceoparts.com\/de\/urun\/82x100-105-20-yuk-tekeri\/","title":{"rendered":"82&#215;100\/105-20 Ceoparts Lastrad"},"content":{"rendered":"<p>82&#215;100\/105-20 Ceoparts Lastrad<\/p>\n<p>82&#215;100\/105-20 Ceoparts Lastrad<\/p>","protected":false},"excerpt":{"rendered":"<p data-start=\"92\" data-end=\"586\"><br data-start=\"1894\" data-end=\"1897\" \/>Die <strong data-start=\"1901\" data-end=\"1937\">82\u00d7100\/105-20 Ceoparts Lastrolle<\/strong> ist eine langlebige und hochwertige Rolle, die f\u00fcr mittelschwere bis schwere Lasten bei Gabelstaplern und Lagertechnik entwickelt wurde. Die breite Aufstandsfl\u00e4che sorgt f\u00fcr eine gleichm\u00e4\u00dfige Lastverteilung und tr\u00e4gt zu einem stabilen und leisen Betrieb bei. Mit robustem Metallkern und verschlei\u00dffestem Polyurethan- oder Gummibelag bietet sie lange Lebensdauer und bodenschonenden Einsatz. Das kompakte Design gew\u00e4hrleistet hohe Wendigkeit in engen Bereichen.<\/p>\n<p data-start=\"2400\" data-end=\"2825\"><strong data-start=\"2400\" data-end=\"2417\">Eigenschaften<\/strong><br data-start=\"2417\" data-end=\"2420\" \/><strong data-start=\"2420\" data-end=\"2436\">Produktname:<\/strong> 82\u00d7100\/105-20 Ceoparts Lastrolle<br data-start=\"2469\" data-end=\"2472\" \/><strong data-start=\"2472\" data-end=\"2488\">Teilenummer:<\/strong> &#8211;<br data-start=\"2490\" data-end=\"2493\" \/><strong data-start=\"2493\" data-end=\"2506\">Material:<\/strong> Robuster Metallkern, verschlei\u00dffeste Polyurethan- oder Gummibeschichtung<br data-start=\"2579\" data-end=\"2582\" \/><strong data-start=\"2582\" data-end=\"2604\">Anwendungsbereich:<\/strong> Tragf\u00e4hige Systeme f\u00fcr Gabelstapler und Lagertechnik<br data-start=\"2657\" data-end=\"2660\" \/><strong data-start=\"2660\" data-end=\"2672\">Vorteil:<\/strong> Breite Lauffl\u00e4che f\u00fcr gleichm\u00e4\u00dfige Lastverteilung, leiser und vibrationsfreier Lauf, lange Lebensdauer, bodenschonend, kompakte Ma\u00dfe, einfache Montage<\/p>\n<hr data-start=\"2827\" data-end=\"2830\" \/>\n<p data-start=\"2832\" data-end=\"3366\">\n","protected":false},"featured_media":15540,"template":"","meta":[],"product_brand":[],"product_cat":[398,400],"product_tag":[],"class_list":{"0":"post-8356","1":"product","2":"type-product","3":"status-publish","4":"has-post-thumbnail","6":"product_cat-catal-tekeri-ceo","7":"product_cat-catal-tekeri","9":"first","10":"instock","11":"taxable","12":"shipping-taxable","13":"purchasable","14":"product-type-simple"},"_links":{"self":[{"href":"https:\/\/ceoparts.com\/de\/wp-json\/wp\/v2\/product\/8356","targetHints":{"allow":["GET"]}}],"collection":[{"href":"https:\/\/ceoparts.com\/de\/wp-json\/wp\/v2\/product"}],"about":[{"href":"https:\/\/ceoparts.com\/de\/wp-json\/wp\/v2\/types\/product"}],"wp:featuredmedia":[{"embeddable":true,"href":"https:\/\/ceoparts.com\/de\/wp-json\/wp\/v2\/media\/15540"}],"wp:attachment":[{"href":"https:\/\/ceoparts.com\/de\/wp-json\/wp\/v2\/media?parent=8356"}],"wp:term":[{"taxonomy":"product_brand","embeddable":true,"href":"https:\/\/ceoparts.com\/de\/wp-json\/wp\/v2\/product_brand?post=8356"},{"taxonomy":"product_cat","embeddable":true,"href":"https:\/\/ceoparts.com\/de\/wp-json\/wp\/v2\/product_cat?post=8356"},{"taxonomy":"product_tag","embeddable":true,"href":"https:\/\/ceoparts.com\/de\/wp-json\/wp\/v2\/product_tag?post=8356"}],"curies":[{"name":"wp","href":"https:\/\/api.w.org\/{rel}","templated":true}]}}