{"id":8358,"date":"2021-02-14T21:33:57","date_gmt":"2021-02-14T18:33:57","guid":{"rendered":"https:\/\/ceoparts.com\/?post_type=product&#038;p=8358"},"modified":"2026-05-03T05:05:47","modified_gmt":"2026-05-03T02:05:47","slug":"85x60-62-17-yuk-tekeri","status":"publish","type":"product","link":"https:\/\/ceoparts.com\/de\/urun\/85x60-62-17-yuk-tekeri\/","title":{"rendered":"85&#215;60\/62-17 Ceoparts Lastrad &#8211; 8190118"},"content":{"rendered":"<p>85&#215;60\/62-17 Ceoparts Lastrad &#8211; 8190118<\/p>\n<p>CS20\/711030<br \/>\nCS20\/711030\/II NR711030010263\/12-03<br \/>\nCS20L\/II NR711030010263\/03-03<\/p>\n<p>CSH20\/711032\/II NR711032010395\/03-03<br \/>\nCSH20L\/711032\/II NR711032010395<\/p>\n<p>EGD-S 1600\/710217\/03-97<br \/>\nEGD-S16\/710218\/06-06<br \/>\nEGD 1600\/710215\/01-97<br \/>\nEGD 16\/710219\/01-07<\/p>\n<p>EGU-H&#8211;71 0201<br \/>\nEGU-S20-24\/II NR710124010323-710126010306\/01-07<br \/>\nEGU 14\/710114\/11-97<br \/>\nEGU 16\/710116\/02-97<\/p>\n<p>EGV-S 710212\/710211\/05-95<br \/>\nEGV 710212\/710216\/710220\/12.00<br \/>\nEGV 14.16-710248\/710250<\/p>\n<p>EXD S20\/710203\/01-07<\/p>\n<p>EXU-H-AC\/710203\/01-07<br \/>\nEXU-H\/710202\/01-07<\/p>","protected":false},"excerpt":{"rendered":"<p data-start=\"74\" data-end=\"600\"><br data-start=\"1977\" data-end=\"1980\" \/>Die <strong data-start=\"1984\" data-end=\"2018\">85\u00d760\/62-17 Ceoparts Lastrolle<\/strong> ist eine hochwertige, langlebige Lastrolle f\u00fcr leichte bis mittelschwere Eins\u00e4tze an Gabelstaplern und Stapelger\u00e4ten. Der robuste Metallkern und die verschlei\u00dffeste Polyurethan- oder Gummibeschichtung gew\u00e4hrleisten einen leisen, vibrationsfreien Lauf. Dank der kompakten Abmessungen und der bodenschonenden Bauweise \u00fcberzeugt sie mit hoher Wendigkeit in engen Arbeitsbereichen. Erh\u00e4ltlich unter der Teilenummer <strong data-start=\"2430\" data-end=\"2441\">8190118<\/strong> in bew\u00e4hrter Ceoparts-Qualit\u00e4t.<\/p>\n<p data-start=\"2475\" data-end=\"2907\"><strong data-start=\"2475\" data-end=\"2492\">Eigenschaften<\/strong><br data-start=\"2492\" data-end=\"2495\" \/><strong data-start=\"2495\" data-end=\"2511\">Produktname:<\/strong> 85\u00d760\/62-17 Ceoparts Lastrolle<br data-start=\"2542\" data-end=\"2545\" \/><strong data-start=\"2545\" data-end=\"2561\">Teilenummer:<\/strong> 8190118<br data-start=\"2569\" data-end=\"2572\" \/><strong data-start=\"2572\" data-end=\"2585\">Material:<\/strong> Robuster Metallkern, verschlei\u00dffeste Polyurethan- oder Gummibeschichtung<br data-start=\"2658\" data-end=\"2661\" \/><strong data-start=\"2661\" data-end=\"2683\">Anwendungsbereich:<\/strong> Tragf\u00e4hige Systeme f\u00fcr Gabelstapler und Stapelger\u00e4te<br data-start=\"2736\" data-end=\"2739\" \/><strong data-start=\"2739\" data-end=\"2751\">Vorteil:<\/strong> Kompakte Bauweise, hohe Wendigkeit in engen Bereichen, leiser und vibrationsfreier Lauf, bodenschonende Konstruktion, lange Lebensdauer, einfache Montage<\/p>\n<hr data-start=\"2909\" data-end=\"2912\" \/>\n<p data-start=\"2914\" data-end=\"3417\">\n","protected":false},"featured_media":15953,"template":"","meta":[],"product_brand":[],"product_cat":[398,400],"product_tag":[],"class_list":{"0":"post-8358","1":"product","2":"type-product","3":"status-publish","4":"has-post-thumbnail","6":"product_cat-catal-tekeri-ceo","7":"product_cat-catal-tekeri","9":"first","10":"instock","11":"taxable","12":"shipping-taxable","13":"purchasable","14":"product-type-simple"},"_links":{"self":[{"href":"https:\/\/ceoparts.com\/de\/wp-json\/wp\/v2\/product\/8358","targetHints":{"allow":["GET"]}}],"collection":[{"href":"https:\/\/ceoparts.com\/de\/wp-json\/wp\/v2\/product"}],"about":[{"href":"https:\/\/ceoparts.com\/de\/wp-json\/wp\/v2\/types\/product"}],"wp:featuredmedia":[{"embeddable":true,"href":"https:\/\/ceoparts.com\/de\/wp-json\/wp\/v2\/media\/15953"}],"wp:attachment":[{"href":"https:\/\/ceoparts.com\/de\/wp-json\/wp\/v2\/media?parent=8358"}],"wp:term":[{"taxonomy":"product_brand","embeddable":true,"href":"https:\/\/ceoparts.com\/de\/wp-json\/wp\/v2\/product_brand?post=8358"},{"taxonomy":"product_cat","embeddable":true,"href":"https:\/\/ceoparts.com\/de\/wp-json\/wp\/v2\/product_cat?post=8358"},{"taxonomy":"product_tag","embeddable":true,"href":"https:\/\/ceoparts.com\/de\/wp-json\/wp\/v2\/product_tag?post=8358"}],"curies":[{"name":"wp","href":"https:\/\/api.w.org\/{rel}","templated":true}]}}