{"id":8360,"date":"2021-02-14T21:37:46","date_gmt":"2021-02-14T18:37:46","guid":{"rendered":"https:\/\/ceoparts.com\/?post_type=product&#038;p=8360"},"modified":"2026-05-16T20:32:38","modified_gmt":"2026-05-16T17:32:38","slug":"85x45-45-20-yuk-tekeri","status":"publish","type":"product","link":"https:\/\/ceoparts.com\/de\/urun\/85x45-45-20-yuk-tekeri\/","title":{"rendered":"85&#215;45\/45-20 Ceoparts Lastrad"},"content":{"rendered":"<p>85&#215;45\/45-20 Ceoparts Lastrad<\/p>","protected":false},"excerpt":{"rendered":"<p data-start=\"99\" data-end=\"550\"><br data-start=\"1799\" data-end=\"1802\" \/>Die <strong data-start=\"1806\" data-end=\"1840\">85\u00d745\/45-20 Ceoparts Lastrolle<\/strong> ist eine langlebige und bodenschonende Lastrolle f\u00fcr leichte und mittelschwere Eins\u00e4tze mit Gabelstaplern und Stapelger\u00e4ten. Durch ihre kompakte Bauweise bietet sie hervorragende Wendigkeit in engen Arbeitsbereichen. Die hochwertige Polyurethan- oder Gummibeschichtung sorgt f\u00fcr einen leisen und vibrationsfreien Lauf. Hergestellt mit Ceoparts-Qualit\u00e4t f\u00fcr eine lange und st\u00f6rungsfreie Nutzung.<\/p>\n<p data-start=\"2237\" data-end=\"2658\"><strong data-start=\"2237\" data-end=\"2254\">Eigenschaften<\/strong><br data-start=\"2254\" data-end=\"2257\" \/><strong data-start=\"2257\" data-end=\"2273\">Produktname:<\/strong> 85\u00d745\/45-20 Ceoparts Lastrolle<br data-start=\"2304\" data-end=\"2307\" \/><strong data-start=\"2307\" data-end=\"2323\">Teilenummer:<\/strong> &#8211;<br data-start=\"2325\" data-end=\"2328\" \/><strong data-start=\"2328\" data-end=\"2341\">Material:<\/strong> Robuster Metallkern, verschlei\u00dffeste Polyurethan- oder Gummibeschichtung<br data-start=\"2414\" data-end=\"2417\" \/><strong data-start=\"2417\" data-end=\"2439\">Anwendungsbereich:<\/strong> Tragf\u00e4hige Systeme f\u00fcr Gabelstapler und Stapelger\u00e4te<br data-start=\"2492\" data-end=\"2495\" \/><strong data-start=\"2495\" data-end=\"2507\">Vorteil:<\/strong> Kompakte Bauweise, hohe Wendigkeit in engen Bereichen, leiser und vibrationsfreier Lauf, bodenschonendes Design, lange Lebensdauer, einfache Montage<\/p>\n<hr data-start=\"2660\" data-end=\"2663\" \/>\n<p data-start=\"2665\" data-end=\"3084\">\n","protected":false},"featured_media":15952,"template":"","meta":[],"product_brand":[],"product_cat":[395,398,400],"product_tag":[],"class_list":{"0":"post-8360","1":"product","2":"type-product","3":"status-publish","4":"has-post-thumbnail","6":"product_cat-ceoparts","7":"product_cat-catal-tekeri-ceo","8":"product_cat-catal-tekeri","10":"first","11":"instock","12":"taxable","13":"shipping-taxable","14":"purchasable","15":"product-type-simple"},"_links":{"self":[{"href":"https:\/\/ceoparts.com\/de\/wp-json\/wp\/v2\/product\/8360","targetHints":{"allow":["GET"]}}],"collection":[{"href":"https:\/\/ceoparts.com\/de\/wp-json\/wp\/v2\/product"}],"about":[{"href":"https:\/\/ceoparts.com\/de\/wp-json\/wp\/v2\/types\/product"}],"wp:featuredmedia":[{"embeddable":true,"href":"https:\/\/ceoparts.com\/de\/wp-json\/wp\/v2\/media\/15952"}],"wp:attachment":[{"href":"https:\/\/ceoparts.com\/de\/wp-json\/wp\/v2\/media?parent=8360"}],"wp:term":[{"taxonomy":"product_brand","embeddable":true,"href":"https:\/\/ceoparts.com\/de\/wp-json\/wp\/v2\/product_brand?post=8360"},{"taxonomy":"product_cat","embeddable":true,"href":"https:\/\/ceoparts.com\/de\/wp-json\/wp\/v2\/product_cat?post=8360"},{"taxonomy":"product_tag","embeddable":true,"href":"https:\/\/ceoparts.com\/de\/wp-json\/wp\/v2\/product_tag?post=8360"}],"curies":[{"name":"wp","href":"https:\/\/api.w.org\/{rel}","templated":true}]}}