{"id":8363,"date":"2021-02-14T21:45:13","date_gmt":"2021-02-14T18:45:13","guid":{"rendered":"https:\/\/ceoparts.com\/?post_type=product&#038;p=8363"},"modified":"2026-05-16T16:18:13","modified_gmt":"2026-05-16T13:18:13","slug":"85x60-65-25-yuk-tekeri","status":"publish","type":"product","link":"https:\/\/ceoparts.com\/de\/urun\/85x60-65-25-yuk-tekeri\/","title":{"rendered":"85&#215;60\/65-25 Ceoparts Lastrad &#8211; 27631400"},"content":{"rendered":"<p>85&#215;60\/65-25 Ceoparts Lastrad &#8211; 27631400<\/p>\n<p>ECE 116\u00a0 4.04 &#8211; 7.06<br \/>\nECE 20\u00a0 3.93 &#8211; 8.97<br \/>\nECE 220\/225\u00a0 8.09 &#8211;<br \/>\nECE 225 HP\u00a0 12.07 &#8211;<\/p>\n<p>EJC 14\/16\u00a0 6.98 &#8211; 2.06<br \/>\nEJC-Z 12,5\u00a0 1.85 &#8211; 6.86<br \/>\nEJC-Z 12,5\u00a0 6.87 &#8211; 9.88<br \/>\nEJC-Z 12,5\u00a0 10.88 &#8211; 12.92<br \/>\nEJC-Z 12,5\u00a0 1.93 &#8211; 7.93<br \/>\nEJC-Z 12,5\/16\u00a0 7.94 &#8211; 6.96<br \/>\nEJC-Z 14\/16\u00a0 7.96 &#8211; 12.98<br \/>\nEJC-Z 16\u00a0 1.93 &#8211; 7.93<\/p>\n<p>EJD 16\u00a0 9.92 &#8211; 4.94<br \/>\nEJD 16\u00a0 5.91 &#8211; 12.91<br \/>\nEJD 16-4\u00a0 8.96 &#8211; 12.99<br \/>\nEJD 20-3\u00a0 5.94 &#8211; 10.94<br \/>\nEJD 20-3\u00a0 10.94 &#8211; 3.95<br \/>\nEJD 20-4\u00a0 4.95 &#8211; 12.01<br \/>\nEJD 20-4\u00a0 5.94 &#8211; 10.94<\/p>\n<p>EJE 12,5-16\u00a0 10.88 &#8211; 3.91<br \/>\nEJE 16-4\u00a0 1.00 &#8211;<br \/>\nEJE 16\/20\u00a0 9.92 &#8211; 7.93<br \/>\nEJE 16\/20\u00a0 9.92 &#8211; 7.93<br \/>\nEJE KMS 16\u00a0 10.93 &#8211; 10.99<br \/>\nEJE KMS 16\u00a0 1.00 &#8211; 2.04<br \/>\nEJE-L 14\u00a0 8.93 &#8211; 4.94<br \/>\nEJE\/-R 20\u00a0 9.92 &#8211; 7.93<br \/>\nEJE\/-R 20-24\u00a0 6.96 &#8211; 4.97<\/p>\n<p>EJG 06-10\u00a0 12.04 &#8211;<br \/>\nEJG 06-10 (PR)\u00a0 1.98 &#8211; 4.05<\/p>\n<p>EKC-Z\u00a0 5.04 &#8211; 12.04<br \/>\nEKC-Z 12,5 \/ 16\u00a0 2.95 &#8211; 12.99<br \/>\nEKC-Z 12,5 \/ 16\u00a0 1.00 &#8211; 4.04<\/p>\n<p>EKD 10-20\u00a0 5.95 &#8211; 12.99<\/p>\n<p>EKE 20\u00a0 5.94 &#8211; 5.97<\/p>\n<p>ERC-Z 12,5\u00a0 4.86 &#8211; 3.87<\/p>","protected":false},"excerpt":{"rendered":"<p data-start=\"115\" data-end=\"546\"><br data-start=\"1772\" data-end=\"1775\" \/>Die <strong data-start=\"1779\" data-end=\"1813\">85\u00d760\/65-25 Ceoparts Lastrolle<\/strong> ist eine leistungsstarke Lastrolle, die speziell f\u00fcr intensive und schwere Lastentransporte mit Gabelstaplern und Stapelger\u00e4ten entwickelt wurde. Sie verf\u00fcgt \u00fcber einen robusten Metallkern und eine hochwertige Polyurethan- oder Gummibeschichtung, die f\u00fcr maximale Haltbarkeit und leisen Betrieb sorgt. Ihre bodenschonende Eigenschaft reduziert Bodenabnutzung und bietet hervorragende Wendigkeit auf engem Raum.<\/p>\n<p data-start=\"2226\" data-end=\"2632\"><strong data-start=\"2226\" data-end=\"2243\">Eigenschaften<\/strong><br data-start=\"2243\" data-end=\"2246\" \/><strong data-start=\"2246\" data-end=\"2262\">Produktname:<\/strong> 85\u00d760\/65-25 Ceoparts Lastrolle<br data-start=\"2293\" data-end=\"2296\" \/><strong data-start=\"2296\" data-end=\"2312\">Teilenummer:<\/strong> 27631400<br data-start=\"2321\" data-end=\"2324\" \/><strong data-start=\"2324\" data-end=\"2337\">Material:<\/strong> Robuster Metallkern, verschlei\u00dffeste Polyurethan- oder Gummibeschichtung<br data-start=\"2410\" data-end=\"2413\" \/><strong data-start=\"2413\" data-end=\"2435\">Anwendungsbereich:<\/strong> Tragf\u00e4hige Systeme f\u00fcr Gabelstapler und Stapelger\u00e4te<br data-start=\"2488\" data-end=\"2491\" \/><strong data-start=\"2491\" data-end=\"2503\">Vorteil:<\/strong> Hohe Tragf\u00e4higkeit, lange Lebensdauer, leiser und vibrationsfreier Lauf, bodenschonende Bauweise, einfache Montage und Wartung<\/p>\n<hr data-start=\"2634\" data-end=\"2637\" \/>\n<p data-start=\"2639\" data-end=\"3038\">\n","protected":false},"featured_media":15976,"template":"","meta":[],"product_brand":[],"product_cat":[398,400],"product_tag":[],"class_list":{"0":"post-8363","1":"product","2":"type-product","3":"status-publish","4":"has-post-thumbnail","6":"product_cat-catal-tekeri-ceo","7":"product_cat-catal-tekeri","9":"first","10":"instock","11":"taxable","12":"shipping-taxable","13":"purchasable","14":"product-type-simple"},"_links":{"self":[{"href":"https:\/\/ceoparts.com\/de\/wp-json\/wp\/v2\/product\/8363","targetHints":{"allow":["GET"]}}],"collection":[{"href":"https:\/\/ceoparts.com\/de\/wp-json\/wp\/v2\/product"}],"about":[{"href":"https:\/\/ceoparts.com\/de\/wp-json\/wp\/v2\/types\/product"}],"wp:featuredmedia":[{"embeddable":true,"href":"https:\/\/ceoparts.com\/de\/wp-json\/wp\/v2\/media\/15976"}],"wp:attachment":[{"href":"https:\/\/ceoparts.com\/de\/wp-json\/wp\/v2\/media?parent=8363"}],"wp:term":[{"taxonomy":"product_brand","embeddable":true,"href":"https:\/\/ceoparts.com\/de\/wp-json\/wp\/v2\/product_brand?post=8363"},{"taxonomy":"product_cat","embeddable":true,"href":"https:\/\/ceoparts.com\/de\/wp-json\/wp\/v2\/product_cat?post=8363"},{"taxonomy":"product_tag","embeddable":true,"href":"https:\/\/ceoparts.com\/de\/wp-json\/wp\/v2\/product_tag?post=8363"}],"curies":[{"name":"wp","href":"https:\/\/api.w.org\/{rel}","templated":true}]}}