{"id":8366,"date":"2021-02-14T22:22:55","date_gmt":"2021-02-14T19:22:55","guid":{"rendered":"https:\/\/ceoparts.com\/?post_type=product&#038;p=8366"},"modified":"2026-05-16T11:48:44","modified_gmt":"2026-05-16T08:48:44","slug":"85x66-70-25-yuk-tekeri","status":"publish","type":"product","link":"https:\/\/ceoparts.com\/de\/urun\/85x66-70-25-yuk-tekeri\/","title":{"rendered":"85&#215;66\/70-25 Ceoparts Lastrad"},"content":{"rendered":"<p>85&#215;66\/70-25 Ceoparts Lastrad<\/p>","protected":false},"excerpt":{"rendered":"<p data-start=\"98\" data-end=\"542\"><br data-start=\"1795\" data-end=\"1798\" \/>Die <strong data-start=\"1802\" data-end=\"1836\">85\u00d766\/70-25 Ceoparts Lastrolle<\/strong> ist eine leistungsstarke Lastrolle f\u00fcr den Einsatz in Gabelstaplern und Stapelger\u00e4ten bei schweren und dauerhaften Transportaufgaben. Hergestellt von Ceoparts, kombiniert dieses Modell einen robusten Metallkern mit einer verschlei\u00dffesten Gummi- oder Polyurethanbeschichtung, die einen langlebigen, leisen und vibrationsfreien Betrieb erm\u00f6glicht. Ideal f\u00fcr enge Arbeitsbereiche und pr\u00e4zises Rangieren.<\/p>\n<p data-start=\"2239\" data-end=\"2643\"><strong data-start=\"2239\" data-end=\"2256\">Eigenschaften<\/strong><br data-start=\"2256\" data-end=\"2259\" \/><strong data-start=\"2259\" data-end=\"2275\">Produktname:<\/strong> 85\u00d766\/70-25 Ceoparts Lastrolle<br data-start=\"2306\" data-end=\"2309\" \/><strong data-start=\"2309\" data-end=\"2325\">Teilenummer:<\/strong> &#8211;<br data-start=\"2327\" data-end=\"2330\" \/><strong data-start=\"2330\" data-end=\"2343\">Material:<\/strong> Robuster Metallkern, hochwertige Gummi- oder Polyurethanbeschichtung<br data-start=\"2412\" data-end=\"2415\" \/><strong data-start=\"2415\" data-end=\"2437\">Anwendungsbereich:<\/strong> Tragf\u00e4hige Systeme f\u00fcr Gabelstapler und schwere Maschinen<br data-start=\"2495\" data-end=\"2498\" \/><strong data-start=\"2498\" data-end=\"2510\">Vorteil:<\/strong> Hohe Tragf\u00e4higkeit, lange Lebensdauer, leiser und vibrationsfreier Lauf, bodenschonende Konstruktion, einfache Montage und Wartung<\/p>\n<hr data-start=\"2645\" data-end=\"2648\" \/>\n<p data-start=\"2650\" data-end=\"3087\">\n","protected":false},"featured_media":15985,"template":"","meta":[],"product_brand":[],"product_cat":[398,400],"product_tag":[],"class_list":{"0":"post-8366","1":"product","2":"type-product","3":"status-publish","4":"has-post-thumbnail","6":"product_cat-catal-tekeri-ceo","7":"product_cat-catal-tekeri","9":"first","10":"instock","11":"taxable","12":"shipping-taxable","13":"purchasable","14":"product-type-simple"},"_links":{"self":[{"href":"https:\/\/ceoparts.com\/de\/wp-json\/wp\/v2\/product\/8366","targetHints":{"allow":["GET"]}}],"collection":[{"href":"https:\/\/ceoparts.com\/de\/wp-json\/wp\/v2\/product"}],"about":[{"href":"https:\/\/ceoparts.com\/de\/wp-json\/wp\/v2\/types\/product"}],"wp:featuredmedia":[{"embeddable":true,"href":"https:\/\/ceoparts.com\/de\/wp-json\/wp\/v2\/media\/15985"}],"wp:attachment":[{"href":"https:\/\/ceoparts.com\/de\/wp-json\/wp\/v2\/media?parent=8366"}],"wp:term":[{"taxonomy":"product_brand","embeddable":true,"href":"https:\/\/ceoparts.com\/de\/wp-json\/wp\/v2\/product_brand?post=8366"},{"taxonomy":"product_cat","embeddable":true,"href":"https:\/\/ceoparts.com\/de\/wp-json\/wp\/v2\/product_cat?post=8366"},{"taxonomy":"product_tag","embeddable":true,"href":"https:\/\/ceoparts.com\/de\/wp-json\/wp\/v2\/product_tag?post=8366"}],"curies":[{"name":"wp","href":"https:\/\/api.w.org\/{rel}","templated":true}]}}