{"id":8367,"date":"2021-02-14T22:23:47","date_gmt":"2021-02-14T19:23:47","guid":{"rendered":"https:\/\/ceoparts.com\/?post_type=product&#038;p=8367"},"modified":"2026-05-16T19:46:16","modified_gmt":"2026-05-16T16:46:16","slug":"85x70-75-12-yuk-tekeri","status":"publish","type":"product","link":"https:\/\/ceoparts.com\/de\/urun\/85x70-75-12-yuk-tekeri\/","title":{"rendered":"85&#215;70\/75-12 Ceoparts Lastrad &#8211; 77800066 ,50454245"},"content":{"rendered":"<p>85&#215;70\/75-12 Ceoparts Lastrad &#8211; 77800066 ,50454245<\/p>\n<p>EMC\/EMB 10 &#8211; 5.96 &#8211; 2.00<br \/>\nEMC 110 &#8211; 5.04 &#8211; 11.09<br \/>\nEMC 110 (US) &#8211; 10.06 &#8211;<br \/>\nEMC 10 (BOSS) &#8211; 3.00 &#8211; 12.01<\/p>","protected":false},"excerpt":{"rendered":"<p data-start=\"121\" data-end=\"562\"><br data-start=\"1736\" data-end=\"1739\" \/>Die <strong data-start=\"1743\" data-end=\"1777\">85\u00d770\/75-12 Ceoparts Lastrolle<\/strong> ist eine hochwertige Lastrolle, die f\u00fcr Gabelstapler und Stapelger\u00e4te entwickelt wurde und eine hohe Leistung sowie lange Lebensdauer bietet. Hergestellt von Ceoparts, verf\u00fcgt dieses Modell \u00fcber einen robusten Metallkern mit einer verschlei\u00dffesten Gummi- oder Polyurethanbeschichtung und sorgt f\u00fcr einen leisen, vibrationsfreien Betrieb. Besonders geeignet f\u00fcr enge Arbeitsbereiche.<\/p>\n<p data-start=\"2162\" data-end=\"2560\"><strong data-start=\"2162\" data-end=\"2179\">Eigenschaften<\/strong><br data-start=\"2179\" data-end=\"2182\" \/><strong data-start=\"2182\" data-end=\"2198\">Produktname:<\/strong> 85\u00d770\/75-12 Ceoparts Lastrolle<br data-start=\"2229\" data-end=\"2232\" \/><strong data-start=\"2232\" data-end=\"2248\">Teilenummer:<\/strong> 77800066, 50454245<br data-start=\"2267\" data-end=\"2270\" \/><strong data-start=\"2270\" data-end=\"2283\">Material:<\/strong> Robuster Metallkern, Gummi- oder Polyurethanbeschichtung<br data-start=\"2340\" data-end=\"2343\" \/><strong data-start=\"2343\" data-end=\"2365\">Anwendungsbereich:<\/strong> Tragf\u00e4hige Systeme f\u00fcr Gabelstapler und Stapelger\u00e4te<br data-start=\"2418\" data-end=\"2421\" \/><strong data-start=\"2421\" data-end=\"2433\">Vorteil:<\/strong> Hohe Haltbarkeit, lange Lebensdauer, leiser und vibrationsfreier Betrieb, starke Tragf\u00e4higkeit, einfache Montage und Wartung<\/p>\n<hr data-start=\"2562\" data-end=\"2565\" \/>\n<p data-start=\"2567\" data-end=\"2948\">\n","protected":false},"featured_media":15991,"template":"","meta":[],"product_brand":[],"product_cat":[398,400],"product_tag":[],"class_list":{"0":"post-8367","1":"product","2":"type-product","3":"status-publish","4":"has-post-thumbnail","6":"product_cat-catal-tekeri-ceo","7":"product_cat-catal-tekeri","9":"first","10":"instock","11":"taxable","12":"shipping-taxable","13":"purchasable","14":"product-type-simple"},"_links":{"self":[{"href":"https:\/\/ceoparts.com\/de\/wp-json\/wp\/v2\/product\/8367","targetHints":{"allow":["GET"]}}],"collection":[{"href":"https:\/\/ceoparts.com\/de\/wp-json\/wp\/v2\/product"}],"about":[{"href":"https:\/\/ceoparts.com\/de\/wp-json\/wp\/v2\/types\/product"}],"wp:featuredmedia":[{"embeddable":true,"href":"https:\/\/ceoparts.com\/de\/wp-json\/wp\/v2\/media\/15991"}],"wp:attachment":[{"href":"https:\/\/ceoparts.com\/de\/wp-json\/wp\/v2\/media?parent=8367"}],"wp:term":[{"taxonomy":"product_brand","embeddable":true,"href":"https:\/\/ceoparts.com\/de\/wp-json\/wp\/v2\/product_brand?post=8367"},{"taxonomy":"product_cat","embeddable":true,"href":"https:\/\/ceoparts.com\/de\/wp-json\/wp\/v2\/product_cat?post=8367"},{"taxonomy":"product_tag","embeddable":true,"href":"https:\/\/ceoparts.com\/de\/wp-json\/wp\/v2\/product_tag?post=8367"}],"curies":[{"name":"wp","href":"https:\/\/api.w.org\/{rel}","templated":true}]}}