{"id":8368,"date":"2021-02-14T22:24:49","date_gmt":"2021-02-14T19:24:49","guid":{"rendered":"https:\/\/ceoparts.com\/?post_type=product&#038;p=8368"},"modified":"2026-05-16T17:28:15","modified_gmt":"2026-05-16T14:28:15","slug":"85x70-17-yuk-tekeri","status":"publish","type":"product","link":"https:\/\/ceoparts.com\/de\/urun\/85x70-17-yuk-tekeri\/","title":{"rendered":"85&#215;70\/75-17 Ceoparts Lastrad &#8211; 167607 , 200968"},"content":{"rendered":"<p>85&#215;70\/75-17 Ceoparts Lastrad &#8211; 167607 , 200968<\/p>\n<p>BT L2000<br \/>\nBT L23<br \/>\nBT OSE 120<br \/>\nBT HWE 100<br \/>\nBT LWE 140LEVIO<br \/>\nBT LWE 160 LEVIO<br \/>\nBT LWE 180<br \/>\nBT LWE 200 N<br \/>\nBT MP14<br \/>\nBT PPT 1400 MX<br \/>\nBT PPT 1600 MX<br \/>\nBT PPT 2000MMD<br \/>\nBT W18 Orion<br \/>\nBT W20N<\/p>","protected":false},"excerpt":{"rendered":"<p data-start=\"123\" data-end=\"564\"><br data-start=\"1778\" data-end=\"1781\" \/>Die <strong data-start=\"1785\" data-end=\"1819\">85\u00d770\/75-17 Ceoparts Lastrolle<\/strong> ist eine hochwertige Lastrolle f\u00fcr den intensiven Lastentransport in Gabelstaplern und Stapelger\u00e4ten. Hergestellt von Ceoparts, verf\u00fcgt dieses Modell \u00fcber einen robusten Metallkern mit einer verschlei\u00dffesten Gummi- oder Polyurethanbeschichtung, die einen langlebigen, leisen und stabilen Betrieb gew\u00e4hrleistet. Besonders geeignet f\u00fcr enge Bereiche und h\u00e4ufige Man\u00f6ver.<\/p>\n<p data-start=\"2190\" data-end=\"2603\"><strong data-start=\"2190\" data-end=\"2207\">Eigenschaften<\/strong><br data-start=\"2207\" data-end=\"2210\" \/><strong data-start=\"2210\" data-end=\"2226\">Produktname:<\/strong> 85\u00d770\/75-17 Ceoparts Lastrolle<br data-start=\"2257\" data-end=\"2260\" \/><strong data-start=\"2260\" data-end=\"2276\">Teilenummer:<\/strong> 167607, 200968<br data-start=\"2291\" data-end=\"2294\" \/><strong data-start=\"2294\" data-end=\"2307\">Material:<\/strong> Robuster Metallkern, Gummi- oder Polyurethanbeschichtung<br data-start=\"2364\" data-end=\"2367\" \/><strong data-start=\"2367\" data-end=\"2389\">Anwendungsbereich:<\/strong> Tragf\u00e4higes System f\u00fcr Gabelstapler, Stapelger\u00e4te und schwere Maschinen<br data-start=\"2461\" data-end=\"2464\" \/><strong data-start=\"2464\" data-end=\"2476\">Vorteil:<\/strong> Hohe Haltbarkeit, lange Lebensdauer, leiser und vibrationsfreier Betrieb, starke Tragf\u00e4higkeit, einfache Montage und Wartung<\/p>\n<hr data-start=\"2605\" data-end=\"2608\" \/>\n<p data-start=\"2610\" data-end=\"3023\">\n","protected":false},"featured_media":15994,"template":"","meta":[],"product_brand":[],"product_cat":[400,251,253,398],"product_tag":[],"class_list":{"0":"post-8368","1":"product","2":"type-product","3":"status-publish","4":"has-post-thumbnail","6":"product_cat-catal-tekeri","7":"product_cat-bt","8":"product_cat-catal-tekeri-bt","9":"product_cat-catal-tekeri-ceo","11":"first","12":"instock","13":"taxable","14":"shipping-taxable","15":"purchasable","16":"product-type-simple"},"_links":{"self":[{"href":"https:\/\/ceoparts.com\/de\/wp-json\/wp\/v2\/product\/8368","targetHints":{"allow":["GET"]}}],"collection":[{"href":"https:\/\/ceoparts.com\/de\/wp-json\/wp\/v2\/product"}],"about":[{"href":"https:\/\/ceoparts.com\/de\/wp-json\/wp\/v2\/types\/product"}],"wp:featuredmedia":[{"embeddable":true,"href":"https:\/\/ceoparts.com\/de\/wp-json\/wp\/v2\/media\/15994"}],"wp:attachment":[{"href":"https:\/\/ceoparts.com\/de\/wp-json\/wp\/v2\/media?parent=8368"}],"wp:term":[{"taxonomy":"product_brand","embeddable":true,"href":"https:\/\/ceoparts.com\/de\/wp-json\/wp\/v2\/product_brand?post=8368"},{"taxonomy":"product_cat","embeddable":true,"href":"https:\/\/ceoparts.com\/de\/wp-json\/wp\/v2\/product_cat?post=8368"},{"taxonomy":"product_tag","embeddable":true,"href":"https:\/\/ceoparts.com\/de\/wp-json\/wp\/v2\/product_tag?post=8368"}],"curies":[{"name":"wp","href":"https:\/\/api.w.org\/{rel}","templated":true}]}}