{"id":8370,"date":"2021-02-14T22:27:40","date_gmt":"2021-02-14T19:27:40","guid":{"rendered":"https:\/\/ceoparts.com\/?post_type=product&#038;p=8370"},"modified":"2026-05-16T17:28:48","modified_gmt":"2026-05-16T14:28:48","slug":"85x70-75-20-yuk-tekeri","status":"publish","type":"product","link":"https:\/\/ceoparts.com\/de\/urun\/85x70-75-20-yuk-tekeri\/","title":{"rendered":"85&#215;70\/75-20 Ceoparts Lastrad &#8211; 50440837 , 277548200 , 0039903507"},"content":{"rendered":"<p>85&#215;70\/75-20 Ceoparts Lastrad &#8211; 50440837 , 277548200 , 0039903507<\/p>\n<p>ERE 120 \u2013 9.05 \u2013 10.07<br \/>\nERE 120n \u2013 9.09 &#8211;<br \/>\nERE 120 (Qingpu) \u2013 9.06 \u2013 12.08<br \/>\nERE 120 (Qingpu) \u2013 1.09 \u2013 8.09<br \/>\nERE 120 \u2013 6.08 &#8211;<\/p>\n<p>ERD \u2013 10.09 &#8211;<\/p>\n<p>ELS 18 \u2013 7.96 \u2013 4.04<br \/>\nELS 12 \u2013 2.03 \u2013 12.03<\/p>\n<p>ELE 16-20 ac \u2013 9.02 \u2013 8.03<br \/>\nELE 16-20 \u2013 4.96 \u2013 8.02<\/p>\n<p>EJE C20 \u2013 10.07 &#8211;<br \/>\nEJE 135\/145 \u2013 9.03 \u2013 10.06<br \/>\nEJE 116\/120 (Qingpu) \u2013 9.06 \u2013 9.07<br \/>\nEJE 116\/118\/120 \u2013 9.03 \u2013 10.07<\/p>\n<p>EJD K18 \u2013 6.08 &#8211;<\/p>\n<p>ECE 118 \u2013 4.10 &#8211;<br \/>\nECE 118 \u2013 12.06 \u2013 3.10<\/p>\n<p>CROWN WS 2300<\/p>","protected":false},"excerpt":{"rendered":"<p data-start=\"152\" data-end=\"581\"><br data-start=\"1806\" data-end=\"1809\" \/>Das <strong data-start=\"1813\" data-end=\"1847\">85\u00d770\/75-20 Ceoparts Lastrolle<\/strong> ist eine hochwertige, langlebige Lastrolle, die in Gabelstaplern und schweren Maschinen f\u00fcr intensive Lastentransporte eingesetzt wird. Hergestellt von Ceoparts, bietet dieses Modell einen robusten Metallkern mit einer verschlei\u00dffesten Gummi- oder Polyurethanbeschichtung, die einen leisen, vibrationsfreien und langlebigen Betrieb gew\u00e4hrleistet. Sie erh\u00f6ht die Tragf\u00e4higkeit des Gabelstaplers und verbessert die Betriebseffizienz.<\/p>\n<p data-start=\"2281\" data-end=\"2697\"><strong data-start=\"2281\" data-end=\"2298\">Eigenschaften<\/strong><br data-start=\"2298\" data-end=\"2301\" \/><strong data-start=\"2301\" data-end=\"2317\">Produktname:<\/strong> 85\u00d770\/75-20 Ceoparts Lastrolle<br data-start=\"2348\" data-end=\"2351\" \/><strong data-start=\"2351\" data-end=\"2367\">Teilenummer:<\/strong> 50440837, 277548200, 0039903507<br data-start=\"2399\" data-end=\"2402\" \/><strong data-start=\"2402\" data-end=\"2415\">Material:<\/strong> Robuster Metallkern, Gummi- oder Polyurethanbeschichtung<br data-start=\"2472\" data-end=\"2475\" \/><strong data-start=\"2475\" data-end=\"2497\">Anwendungsbereich:<\/strong> Tragf\u00e4higes System f\u00fcr Gabelstapler und schwere Maschinen<br data-start=\"2555\" data-end=\"2558\" \/><strong data-start=\"2558\" data-end=\"2570\">Vorteil:<\/strong> Hohe Haltbarkeit, lange Lebensdauer, leiser und vibrationsfreier Betrieb, starke Tragf\u00e4higkeit, einfache Montage und Wartung<\/p>\n<hr data-start=\"2699\" data-end=\"2702\" \/>\n<p data-start=\"2704\" data-end=\"3141\">\n","protected":false},"featured_media":15997,"template":"","meta":[],"product_brand":[],"product_cat":[272,274,398,400],"product_tag":[],"class_list":{"0":"post-8370","1":"product","2":"type-product","3":"status-publish","4":"has-post-thumbnail","6":"product_cat-crown","7":"product_cat-catal-tekeri-crown","8":"product_cat-catal-tekeri-ceo","9":"product_cat-catal-tekeri","11":"first","12":"instock","13":"taxable","14":"shipping-taxable","15":"purchasable","16":"product-type-simple"},"_links":{"self":[{"href":"https:\/\/ceoparts.com\/de\/wp-json\/wp\/v2\/product\/8370","targetHints":{"allow":["GET"]}}],"collection":[{"href":"https:\/\/ceoparts.com\/de\/wp-json\/wp\/v2\/product"}],"about":[{"href":"https:\/\/ceoparts.com\/de\/wp-json\/wp\/v2\/types\/product"}],"wp:featuredmedia":[{"embeddable":true,"href":"https:\/\/ceoparts.com\/de\/wp-json\/wp\/v2\/media\/15997"}],"wp:attachment":[{"href":"https:\/\/ceoparts.com\/de\/wp-json\/wp\/v2\/media?parent=8370"}],"wp:term":[{"taxonomy":"product_brand","embeddable":true,"href":"https:\/\/ceoparts.com\/de\/wp-json\/wp\/v2\/product_brand?post=8370"},{"taxonomy":"product_cat","embeddable":true,"href":"https:\/\/ceoparts.com\/de\/wp-json\/wp\/v2\/product_cat?post=8370"},{"taxonomy":"product_tag","embeddable":true,"href":"https:\/\/ceoparts.com\/de\/wp-json\/wp\/v2\/product_tag?post=8370"}],"curies":[{"name":"wp","href":"https:\/\/api.w.org\/{rel}","templated":true}]}}