{"id":8371,"date":"2021-02-14T22:30:12","date_gmt":"2021-02-14T19:30:12","guid":{"rendered":"https:\/\/ceoparts.com\/?post_type=product&#038;p=8371"},"modified":"2026-05-16T18:32:53","modified_gmt":"2026-05-16T15:32:53","slug":"85x70-75-25-yuk-tekeri","status":"publish","type":"product","link":"https:\/\/ceoparts.com\/de\/urun\/85x70-75-25-yuk-tekeri\/","title":{"rendered":"85&#215;70\/75-25 Ceoparts Lastrad"},"content":{"rendered":"<p>85&#215;70\/75-25 Ceoparts Lastrad<\/p>","protected":false},"excerpt":{"rendered":"<p data-start=\"94\" data-end=\"474\"><br data-start=\"1466\" data-end=\"1469\" \/>Die <strong data-start=\"1473\" data-end=\"1507\">85\u00d770\/75-25 Ceoparts Lastrolle<\/strong> ist eine hochbelastbare Lastrolle, die in Gabelstaplern und schweren Maschinen eingesetzt wird. Hergestellt von Ceoparts, verf\u00fcgt diese Rolle \u00fcber einen robusten Metallkern mit Gummi- oder Polyurethanbeschichtung f\u00fcr eine lange Lebensdauer, leisen und sicheren Betrieb. Sie erh\u00f6ht die Tragf\u00e4higkeit des Gabelstaplers und bietet Stabilit\u00e4t und Effizienz.<\/p>\n<p data-start=\"1863\" data-end=\"2195\"><strong data-start=\"1863\" data-end=\"1880\">Eigenschaften<\/strong><br data-start=\"1880\" data-end=\"1883\" \/><strong data-start=\"1883\" data-end=\"1899\">Produktname:<\/strong> 85\u00d770\/75-25 Ceoparts Lastrolle<br data-start=\"1930\" data-end=\"1933\" \/><strong data-start=\"1933\" data-end=\"1946\">Material:<\/strong> Robuster Metallkern, Gummi- oder Polyurethanbeschichtung<br data-start=\"2003\" data-end=\"2006\" \/><strong data-start=\"2006\" data-end=\"2028\">Anwendungsbereich:<\/strong> Tragf\u00e4higes System f\u00fcr Gabelstapler und schwere Maschinen<br data-start=\"2086\" data-end=\"2089\" \/><strong data-start=\"2089\" data-end=\"2101\">Vorteil:<\/strong> Hohe Haltbarkeit, lange Lebensdauer, leiser Betrieb, starke Tragf\u00e4higkeit, einfache Montage<\/p>\n<hr data-start=\"2197\" data-end=\"2200\" \/>\n<p data-start=\"2202\" data-end=\"2576\">\n","protected":false},"featured_media":15425,"template":"","meta":[],"product_brand":[],"product_cat":[398,400],"product_tag":[],"class_list":{"0":"post-8371","1":"product","2":"type-product","3":"status-publish","4":"has-post-thumbnail","6":"product_cat-catal-tekeri-ceo","7":"product_cat-catal-tekeri","9":"first","10":"instock","11":"taxable","12":"shipping-taxable","13":"purchasable","14":"product-type-simple"},"_links":{"self":[{"href":"https:\/\/ceoparts.com\/de\/wp-json\/wp\/v2\/product\/8371","targetHints":{"allow":["GET"]}}],"collection":[{"href":"https:\/\/ceoparts.com\/de\/wp-json\/wp\/v2\/product"}],"about":[{"href":"https:\/\/ceoparts.com\/de\/wp-json\/wp\/v2\/types\/product"}],"wp:featuredmedia":[{"embeddable":true,"href":"https:\/\/ceoparts.com\/de\/wp-json\/wp\/v2\/media\/15425"}],"wp:attachment":[{"href":"https:\/\/ceoparts.com\/de\/wp-json\/wp\/v2\/media?parent=8371"}],"wp:term":[{"taxonomy":"product_brand","embeddable":true,"href":"https:\/\/ceoparts.com\/de\/wp-json\/wp\/v2\/product_brand?post=8371"},{"taxonomy":"product_cat","embeddable":true,"href":"https:\/\/ceoparts.com\/de\/wp-json\/wp\/v2\/product_cat?post=8371"},{"taxonomy":"product_tag","embeddable":true,"href":"https:\/\/ceoparts.com\/de\/wp-json\/wp\/v2\/product_tag?post=8371"}],"curies":[{"name":"wp","href":"https:\/\/api.w.org\/{rel}","templated":true}]}}