{"id":8372,"date":"2021-02-14T22:36:16","date_gmt":"2021-02-14T19:36:16","guid":{"rendered":"https:\/\/ceoparts.com\/?post_type=product&#038;p=8372"},"modified":"2026-05-16T14:33:09","modified_gmt":"2026-05-16T11:33:09","slug":"85x74-78-13-yuk-tekeri","status":"publish","type":"product","link":"https:\/\/ceoparts.com\/de\/urun\/85x74-78-13-yuk-tekeri\/","title":{"rendered":"85&#215;74\/78-13 Ceoparts Lastrad"},"content":{"rendered":"<p>85&#215;74\/78-13 Ceoparts Lastrad<\/p>","protected":false},"excerpt":{"rendered":"<p data-start=\"94\" data-end=\"467\"><br data-start=\"1448\" data-end=\"1451\" \/>Die <strong data-start=\"1455\" data-end=\"1489\">85\u00d774\/78-13 Ceoparts Lastrolle<\/strong> ist eine langlebige, hochwertige Lastrolle, die in Gabelstaplern und schweren Maschinen eingesetzt wird. Hergestellt von Ceoparts, verf\u00fcgt diese Rolle \u00fcber einen robusten Metallkern mit Gummi- oder Polyurethanbeschichtung f\u00fcr eine lange Lebensdauer, leisen und sicheren Betrieb. Sie erh\u00f6ht die Tragf\u00e4higkeit des Gabelstaplers und unterst\u00fctzt die Stabilit\u00e4t.<\/p>\n<p data-start=\"1849\" data-end=\"2181\"><strong data-start=\"1849\" data-end=\"1866\">Eigenschaften<\/strong><br data-start=\"1866\" data-end=\"1869\" \/><strong data-start=\"1869\" data-end=\"1885\">Produktname:<\/strong> 85\u00d774\/78-13 Ceoparts Lastrolle<br data-start=\"1916\" data-end=\"1919\" \/><strong data-start=\"1919\" data-end=\"1932\">Material:<\/strong> Robuster Metallkern, Gummi- oder Polyurethanbeschichtung<br data-start=\"1989\" data-end=\"1992\" \/><strong data-start=\"1992\" data-end=\"2014\">Anwendungsbereich:<\/strong> Tragf\u00e4higes System f\u00fcr Gabelstapler und schwere Maschinen<br data-start=\"2072\" data-end=\"2075\" \/><strong data-start=\"2075\" data-end=\"2087\">Vorteil:<\/strong> Hohe Haltbarkeit, lange Lebensdauer, leiser Betrieb, starke Tragf\u00e4higkeit, einfache Montage<\/p>\n<hr data-start=\"2183\" data-end=\"2186\" \/>\n<p data-start=\"2188\" data-end=\"2562\">\n","protected":false},"featured_media":16000,"template":"","meta":[],"product_brand":[],"product_cat":[398,400],"product_tag":[],"class_list":{"0":"post-8372","1":"product","2":"type-product","3":"status-publish","4":"has-post-thumbnail","6":"product_cat-catal-tekeri-ceo","7":"product_cat-catal-tekeri","9":"first","10":"instock","11":"taxable","12":"shipping-taxable","13":"purchasable","14":"product-type-simple"},"_links":{"self":[{"href":"https:\/\/ceoparts.com\/de\/wp-json\/wp\/v2\/product\/8372","targetHints":{"allow":["GET"]}}],"collection":[{"href":"https:\/\/ceoparts.com\/de\/wp-json\/wp\/v2\/product"}],"about":[{"href":"https:\/\/ceoparts.com\/de\/wp-json\/wp\/v2\/types\/product"}],"wp:featuredmedia":[{"embeddable":true,"href":"https:\/\/ceoparts.com\/de\/wp-json\/wp\/v2\/media\/16000"}],"wp:attachment":[{"href":"https:\/\/ceoparts.com\/de\/wp-json\/wp\/v2\/media?parent=8372"}],"wp:term":[{"taxonomy":"product_brand","embeddable":true,"href":"https:\/\/ceoparts.com\/de\/wp-json\/wp\/v2\/product_brand?post=8372"},{"taxonomy":"product_cat","embeddable":true,"href":"https:\/\/ceoparts.com\/de\/wp-json\/wp\/v2\/product_cat?post=8372"},{"taxonomy":"product_tag","embeddable":true,"href":"https:\/\/ceoparts.com\/de\/wp-json\/wp\/v2\/product_tag?post=8372"}],"curies":[{"name":"wp","href":"https:\/\/api.w.org\/{rel}","templated":true}]}}