{"id":8373,"date":"2021-02-14T22:36:56","date_gmt":"2021-02-14T19:36:56","guid":{"rendered":"https:\/\/ceoparts.com\/?post_type=product&#038;p=8373"},"modified":"2026-05-16T13:14:28","modified_gmt":"2026-05-16T10:14:28","slug":"85x74-78-20-yuk-tekeri","status":"publish","type":"product","link":"https:\/\/ceoparts.com\/de\/urun\/85x74-78-20-yuk-tekeri\/","title":{"rendered":"85&#215;74\/78-20 Ceoparts Lastrad"},"content":{"rendered":"<p>85&#215;74\/78-20 Ceoparts Lastrad<\/p>","protected":false},"excerpt":{"rendered":"<p data-start=\"95\" data-end=\"501\"><br data-start=\"1535\" data-end=\"1538\" \/>Das <strong data-start=\"1542\" data-end=\"1576\">85\u00d774\/78-20 Ceoparts Lastrolle<\/strong> ist eine langlebige, hochwertige Lastrolle, die in Gabelstaplern und schweren Maschinen verwendet wird. Diese Lastrolle der Marke Ceoparts verf\u00fcgt \u00fcber einen robusten Metallkern mit Gummi- oder Polyurethanbeschichtung und sorgt f\u00fcr eine lange Lebensdauer sowie einen leisen Betrieb. Sie erh\u00f6ht die Tragf\u00e4higkeit des Gabelstaplers, unterst\u00fctzt die Stabilit\u00e4t und bietet eine sichere und effiziente Nutzung.<\/p>\n<p data-start=\"1984\" data-end=\"2316\"><strong data-start=\"1984\" data-end=\"2001\">Eigenschaften<\/strong><br data-start=\"2001\" data-end=\"2004\" \/><strong data-start=\"2004\" data-end=\"2020\">Produktname:<\/strong> 85\u00d774\/78-20 Ceoparts Lastrolle<br data-start=\"2051\" data-end=\"2054\" \/><strong data-start=\"2054\" data-end=\"2067\">Material:<\/strong> Robuster Metallkern, Gummi- oder Polyurethanbeschichtung<br data-start=\"2124\" data-end=\"2127\" \/><strong data-start=\"2127\" data-end=\"2149\">Anwendungsbereich:<\/strong> Tragf\u00e4higes System f\u00fcr Gabelstapler und schwere Maschinen<br data-start=\"2207\" data-end=\"2210\" \/><strong data-start=\"2210\" data-end=\"2222\">Vorteil:<\/strong> Hohe Haltbarkeit, lange Lebensdauer, leiser Betrieb, starke Tragf\u00e4higkeit, einfache Montage<\/p>\n<hr data-start=\"2318\" data-end=\"2321\" \/>\n<p data-start=\"2323\" data-end=\"2759\">\n","protected":false},"featured_media":15441,"template":"","meta":[],"product_brand":[],"product_cat":[398,400],"product_tag":[],"class_list":{"0":"post-8373","1":"product","2":"type-product","3":"status-publish","4":"has-post-thumbnail","6":"product_cat-catal-tekeri-ceo","7":"product_cat-catal-tekeri","9":"first","10":"instock","11":"taxable","12":"shipping-taxable","13":"purchasable","14":"product-type-simple"},"_links":{"self":[{"href":"https:\/\/ceoparts.com\/de\/wp-json\/wp\/v2\/product\/8373","targetHints":{"allow":["GET"]}}],"collection":[{"href":"https:\/\/ceoparts.com\/de\/wp-json\/wp\/v2\/product"}],"about":[{"href":"https:\/\/ceoparts.com\/de\/wp-json\/wp\/v2\/types\/product"}],"wp:featuredmedia":[{"embeddable":true,"href":"https:\/\/ceoparts.com\/de\/wp-json\/wp\/v2\/media\/15441"}],"wp:attachment":[{"href":"https:\/\/ceoparts.com\/de\/wp-json\/wp\/v2\/media?parent=8373"}],"wp:term":[{"taxonomy":"product_brand","embeddable":true,"href":"https:\/\/ceoparts.com\/de\/wp-json\/wp\/v2\/product_brand?post=8373"},{"taxonomy":"product_cat","embeddable":true,"href":"https:\/\/ceoparts.com\/de\/wp-json\/wp\/v2\/product_cat?post=8373"},{"taxonomy":"product_tag","embeddable":true,"href":"https:\/\/ceoparts.com\/de\/wp-json\/wp\/v2\/product_tag?post=8373"}],"curies":[{"name":"wp","href":"https:\/\/api.w.org\/{rel}","templated":true}]}}