{"id":8374,"date":"2021-02-14T22:37:59","date_gmt":"2021-02-14T19:37:59","guid":{"rendered":"https:\/\/ceoparts.com\/?post_type=product&#038;p=8374"},"modified":"2026-05-16T14:57:56","modified_gmt":"2026-05-16T11:57:56","slug":"85x74-76-13-yuk-tekeri","status":"publish","type":"product","link":"https:\/\/ceoparts.com\/de\/urun\/85x74-76-13-yuk-tekeri\/","title":{"rendered":"85&#215;74\/76-13 Ceoparts Lastrad &#8211; 220212"},"content":{"rendered":"<p>85&#215;74\/76-13 Ceoparts Lastrad &#8211; 220212<\/p>\n<ul class=\"mb54_5r mp4t_0 m3h2_0 mryx_0 munh_0 mh36_16 mzaq_1\">\n<li>\n<p class=\"mgn2_14 mp0t_0a mqu1_21 mgmw_wo mli8_k4 mp4t_0 m3h2_0 mryx_0 munh_0 _1b0db_llr9c _1b0db_aqhL6\">\/ BT LPE 200<\/p>\n<\/li>\n<li>\n<p class=\"mgn2_14 mp0t_0a mqu1_21 mgmw_wo mli8_k4 mp4t_0 m3h2_0 mryx_0 munh_0 _1b0db_llr9c _1b0db_aqhL6\">\/ BT LWE 160<\/p>\n<\/li>\n<li>\n<p class=\"mgn2_14 mp0t_0a mqu1_21 mgmw_wo mli8_k4 mp4t_0 m3h2_0 mryx_0 munh_0 _1b0db_llr9c _1b0db_aqhL6\">\/ BT SWE 120<\/p>\n<\/li>\n<\/ul>","protected":false},"excerpt":{"rendered":"<p data-start=\"104\" data-end=\"509\"><br data-start=\"1594\" data-end=\"1597\" \/>Das <strong data-start=\"1601\" data-end=\"1635\">85\u00d774\/76-13 Ceoparts Lastrolle<\/strong> ist eine langlebige, hochwertige Lastrolle, die in Gabelstaplern und schweren Maschinen verwendet wird. Diese Lastrolle der Marke Ceoparts verf\u00fcgt \u00fcber einen robusten Metallkern mit Gummi- oder Polyurethanbeschichtung und sorgt f\u00fcr eine lange Lebensdauer sowie einen leisen Betrieb. Sie erh\u00f6ht die Tragf\u00e4higkeit des Gabelstaplers, unterst\u00fctzt die Stabilit\u00e4t und bietet eine sichere und effiziente Nutzung.<\/p>\n<p data-start=\"2043\" data-end=\"2401\"><strong data-start=\"2043\" data-end=\"2060\">Eigenschaften<\/strong><br data-start=\"2060\" data-end=\"2063\" \/><strong data-start=\"2063\" data-end=\"2079\">Produktname:<\/strong> 85\u00d774\/76-13 Ceoparts Lastrolle<br data-start=\"2110\" data-end=\"2113\" \/><strong data-start=\"2113\" data-end=\"2129\">Teilenummer:<\/strong> 220212<br data-start=\"2136\" data-end=\"2139\" \/><strong data-start=\"2139\" data-end=\"2152\">Material:<\/strong> Robuster Metallkern, Gummi- oder Polyurethanbeschichtung<br data-start=\"2209\" data-end=\"2212\" \/><strong data-start=\"2212\" data-end=\"2234\">Anwendungsbereich:<\/strong> Tragf\u00e4higes System f\u00fcr Gabelstapler und schwere Maschinen<br data-start=\"2292\" data-end=\"2295\" \/><strong data-start=\"2295\" data-end=\"2307\">Vorteil:<\/strong> Hohe Haltbarkeit, lange Lebensdauer, leiser Betrieb, starke Tragf\u00e4higkeit, einfache Montage<\/p>\n<hr data-start=\"2403\" data-end=\"2406\" \/>\n<p data-start=\"2408\" data-end=\"2844\">\n","protected":false},"featured_media":15430,"template":"","meta":[],"product_brand":[],"product_cat":[251,253,398,400],"product_tag":[],"class_list":{"0":"post-8374","1":"product","2":"type-product","3":"status-publish","4":"has-post-thumbnail","6":"product_cat-bt","7":"product_cat-catal-tekeri-bt","8":"product_cat-catal-tekeri-ceo","9":"product_cat-catal-tekeri","11":"first","12":"instock","13":"taxable","14":"shipping-taxable","15":"purchasable","16":"product-type-simple"},"_links":{"self":[{"href":"https:\/\/ceoparts.com\/de\/wp-json\/wp\/v2\/product\/8374","targetHints":{"allow":["GET"]}}],"collection":[{"href":"https:\/\/ceoparts.com\/de\/wp-json\/wp\/v2\/product"}],"about":[{"href":"https:\/\/ceoparts.com\/de\/wp-json\/wp\/v2\/types\/product"}],"wp:featuredmedia":[{"embeddable":true,"href":"https:\/\/ceoparts.com\/de\/wp-json\/wp\/v2\/media\/15430"}],"wp:attachment":[{"href":"https:\/\/ceoparts.com\/de\/wp-json\/wp\/v2\/media?parent=8374"}],"wp:term":[{"taxonomy":"product_brand","embeddable":true,"href":"https:\/\/ceoparts.com\/de\/wp-json\/wp\/v2\/product_brand?post=8374"},{"taxonomy":"product_cat","embeddable":true,"href":"https:\/\/ceoparts.com\/de\/wp-json\/wp\/v2\/product_cat?post=8374"},{"taxonomy":"product_tag","embeddable":true,"href":"https:\/\/ceoparts.com\/de\/wp-json\/wp\/v2\/product_tag?post=8374"}],"curies":[{"name":"wp","href":"https:\/\/api.w.org\/{rel}","templated":true}]}}