{"id":8375,"date":"2021-02-14T22:38:57","date_gmt":"2021-02-14T19:38:57","guid":{"rendered":"https:\/\/ceoparts.com\/?post_type=product&#038;p=8375"},"modified":"2026-05-16T13:24:28","modified_gmt":"2026-05-16T10:24:28","slug":"85x74-76-17-yuk-tekeri","status":"publish","type":"product","link":"https:\/\/ceoparts.com\/de\/urun\/85x74-76-17-yuk-tekeri\/","title":{"rendered":"85&#215;74\/76-17 Ceoparts Lastrad &#8211; 167607"},"content":{"rendered":"<p>85&#215;74\/76-17 Ceoparts Lastrad &#8211; 167607<\/p>\n<p>BT L2000<br \/>\nBT L23<br \/>\nBT OSE 120<br \/>\nBT HWE 100<br \/>\nBT LWE 140LEVIO<br \/>\nBT LWE 160 LEVIO<br \/>\nBT LWE 180<br \/>\nBT LWE 200 N<br \/>\nBT MP14<br \/>\nBT PPT 1400 MX<br \/>\nBT PPT 1600 MX<br \/>\nBT PPT 2000MMD<br \/>\nBT W18 Orion<br \/>\nBT W20N<\/p>","protected":false},"excerpt":{"rendered":"<p data-start=\"103\" data-end=\"494\"><br data-start=\"1560\" data-end=\"1563\" \/>Das <strong data-start=\"1567\" data-end=\"1601\">85\u00d774\/76-17 Ceoparts Lastrolle<\/strong> ist eine hochwertige, langlebige Lastrolle, die in Gabelstaplern und schweren Maschinen verwendet wird. Diese Lastrolle der Marke Ceoparts verf\u00fcgt \u00fcber einen robusten Metallkern mit Gummi- oder Polyurethanbeschichtung und sorgt f\u00fcr eine lange Lebensdauer sowie einen leisen Betrieb. Sie unterst\u00fctzt die Tragf\u00e4higkeit des Gabelstaplers und gew\u00e4hrleistet einen sicheren und effizienten Betrieb.<\/p>\n<p data-start=\"1996\" data-end=\"2345\"><strong data-start=\"1996\" data-end=\"2013\">Eigenschaften<\/strong><br data-start=\"2013\" data-end=\"2016\" \/><strong data-start=\"2016\" data-end=\"2032\">Produktname:<\/strong> 85\u00d774\/76-17 Ceoparts Lastrolle<br data-start=\"2063\" data-end=\"2066\" \/><strong data-start=\"2066\" data-end=\"2082\">Teilenummer:<\/strong> 167607<br data-start=\"2089\" data-end=\"2092\" \/><strong data-start=\"2092\" data-end=\"2105\">Material:<\/strong> Robuster Metallkern, Gummi- oder Polyurethanbeschichtung<br data-start=\"2162\" data-end=\"2165\" \/><strong data-start=\"2165\" data-end=\"2187\">Anwendungsbereich:<\/strong> Lastrolle f\u00fcr Gabelstapler und schwere Maschinen<br data-start=\"2236\" data-end=\"2239\" \/><strong data-start=\"2239\" data-end=\"2251\">Vorteil:<\/strong> Hohe Haltbarkeit, lange Lebensdauer, leiser Betrieb, starke Tragf\u00e4higkeit, einfache Montage<\/p>\n<hr data-start=\"2347\" data-end=\"2350\" \/>\n<p data-start=\"2352\" data-end=\"2759\">\n","protected":false},"featured_media":15432,"template":"","meta":[],"product_brand":[],"product_cat":[251,253,398,400],"product_tag":[],"class_list":{"0":"post-8375","1":"product","2":"type-product","3":"status-publish","4":"has-post-thumbnail","6":"product_cat-bt","7":"product_cat-catal-tekeri-bt","8":"product_cat-catal-tekeri-ceo","9":"product_cat-catal-tekeri","11":"first","12":"instock","13":"taxable","14":"shipping-taxable","15":"purchasable","16":"product-type-simple"},"_links":{"self":[{"href":"https:\/\/ceoparts.com\/de\/wp-json\/wp\/v2\/product\/8375","targetHints":{"allow":["GET"]}}],"collection":[{"href":"https:\/\/ceoparts.com\/de\/wp-json\/wp\/v2\/product"}],"about":[{"href":"https:\/\/ceoparts.com\/de\/wp-json\/wp\/v2\/types\/product"}],"wp:featuredmedia":[{"embeddable":true,"href":"https:\/\/ceoparts.com\/de\/wp-json\/wp\/v2\/media\/15432"}],"wp:attachment":[{"href":"https:\/\/ceoparts.com\/de\/wp-json\/wp\/v2\/media?parent=8375"}],"wp:term":[{"taxonomy":"product_brand","embeddable":true,"href":"https:\/\/ceoparts.com\/de\/wp-json\/wp\/v2\/product_brand?post=8375"},{"taxonomy":"product_cat","embeddable":true,"href":"https:\/\/ceoparts.com\/de\/wp-json\/wp\/v2\/product_cat?post=8375"},{"taxonomy":"product_tag","embeddable":true,"href":"https:\/\/ceoparts.com\/de\/wp-json\/wp\/v2\/product_tag?post=8375"}],"curies":[{"name":"wp","href":"https:\/\/api.w.org\/{rel}","templated":true}]}}