{"id":8378,"date":"2021-02-14T22:46:13","date_gmt":"2021-02-14T19:46:13","guid":{"rendered":"https:\/\/ceoparts.com\/?post_type=product&#038;p=8378"},"modified":"2026-05-03T04:33:01","modified_gmt":"2026-05-03T01:33:01","slug":"85x75-80-20-yuk-tekeri","status":"publish","type":"product","link":"https:\/\/ceoparts.com\/de\/urun\/85x75-80-20-yuk-tekeri\/","title":{"rendered":"85&#215;75\/80-20 Ceoparts Lastrad &#8211; 0009903531"},"content":{"rendered":"<p>85&#215;75\/80-20 Ceoparts Lastrad &#8211; 0009903531<\/p>\n<p>LINDE 0009903531<\/p>\n<p>140\u00a0T20R<\/p>\n<p>141\u00a0T20AP<br \/>\n141\u00a0T20\/30<\/p>\n<p>144\u00a0T20S\/T20SF<\/p>\n<p>149\u00a0N20\/N25\/N20L\/LI\/LX<br \/>\n149\u00a0N20V-N20VI<\/p>\n<p>360\u00a0T16\/T18\/T20\/T16L<\/p>","protected":false},"excerpt":{"rendered":"<p data-start=\"107\" data-end=\"499\"><br data-start=\"1533\" data-end=\"1536\" \/>Das <strong data-start=\"1540\" data-end=\"1574\">85\u00d775\/80-20 Ceoparts Lastenrad<\/strong> ist ein langlebiges, leistungsstarkes Lastenrad, das in Gabelstaplern und Lagerger\u00e4ten verwendet wird. Sein robuster Metalllegierungsk\u00f6rper und die verschlei\u00dffeste Gummibeschichtung gew\u00e4hrleisten eine langlebige und ger\u00e4uscharme Nutzung. Es bietet hervorragende Stabilit\u00e4t und Man\u00f6vrierf\u00e4higkeit unter schwierigen Arbeitsbedingungen. Ideal f\u00fcr Logistik-, Produktions- und Industrieanlagen.<\/p>\n<p data-start=\"1966\" data-end=\"2290\"><strong data-start=\"1966\" data-end=\"1983\">Eigenschaften<\/strong><br data-start=\"1983\" data-end=\"1986\" \/><strong data-start=\"1986\" data-end=\"2002\">Produktname:<\/strong> 85\u00d775\/80-20 Ceoparts Lastenrad<br data-start=\"2033\" data-end=\"2036\" \/><strong data-start=\"2036\" data-end=\"2052\">Teilenummer:<\/strong> 0009903531<br data-start=\"2063\" data-end=\"2066\" \/><strong data-start=\"2066\" data-end=\"2079\">Material:<\/strong> Verschlei\u00dffester Gummi und robuste Metalllegierung<br data-start=\"2130\" data-end=\"2133\" \/><strong data-start=\"2133\" data-end=\"2155\">Anwendungsbereich:<\/strong> Lastensysteme f\u00fcr Gabelstapler<br data-start=\"2186\" data-end=\"2189\" \/><strong data-start=\"2189\" data-end=\"2201\">Vorteil:<\/strong> Hohe Haltbarkeit, leiser und ausgewogener Betrieb, lange Lebensdauer, einfache Montage<\/p>\n<hr data-start=\"2292\" data-end=\"2295\" \/>\n<p data-start=\"2297\" data-end=\"2700\">\n","protected":false},"featured_media":20185,"template":"","meta":[],"product_brand":[],"product_cat":[246,248,398,400],"product_tag":[],"class_list":{"0":"post-8378","1":"product","2":"type-product","3":"status-publish","4":"has-post-thumbnail","6":"product_cat-linde","7":"product_cat-catal-tekeri-linde","8":"product_cat-catal-tekeri-ceo","9":"product_cat-catal-tekeri","11":"first","12":"instock","13":"taxable","14":"shipping-taxable","15":"purchasable","16":"product-type-simple"},"_links":{"self":[{"href":"https:\/\/ceoparts.com\/de\/wp-json\/wp\/v2\/product\/8378","targetHints":{"allow":["GET"]}}],"collection":[{"href":"https:\/\/ceoparts.com\/de\/wp-json\/wp\/v2\/product"}],"about":[{"href":"https:\/\/ceoparts.com\/de\/wp-json\/wp\/v2\/types\/product"}],"wp:featuredmedia":[{"embeddable":true,"href":"https:\/\/ceoparts.com\/de\/wp-json\/wp\/v2\/media\/20185"}],"wp:attachment":[{"href":"https:\/\/ceoparts.com\/de\/wp-json\/wp\/v2\/media?parent=8378"}],"wp:term":[{"taxonomy":"product_brand","embeddable":true,"href":"https:\/\/ceoparts.com\/de\/wp-json\/wp\/v2\/product_brand?post=8378"},{"taxonomy":"product_cat","embeddable":true,"href":"https:\/\/ceoparts.com\/de\/wp-json\/wp\/v2\/product_cat?post=8378"},{"taxonomy":"product_tag","embeddable":true,"href":"https:\/\/ceoparts.com\/de\/wp-json\/wp\/v2\/product_tag?post=8378"}],"curies":[{"name":"wp","href":"https:\/\/api.w.org\/{rel}","templated":true}]}}