{"id":8381,"date":"2021-02-14T22:52:36","date_gmt":"2021-02-14T19:52:36","guid":{"rendered":"https:\/\/ceoparts.com\/?post_type=product&#038;p=8381"},"modified":"2026-05-16T13:16:14","modified_gmt":"2026-05-16T10:16:14","slug":"85x80-82-17-yuk-tekeri","status":"publish","type":"product","link":"https:\/\/ceoparts.com\/de\/urun\/85x80-82-17-yuk-tekeri\/","title":{"rendered":"85&#215;80\/82-17 Ceoparts Lastrad &#8211; 0009933902"},"content":{"rendered":"<p>85&#215;80\/82-17 Ceoparts Lastrad &#8211; 0009933902<\/p>\n<p>85&#215;80\/82-17 Ceoparts Lastrad<\/p>","protected":false},"excerpt":{"rendered":"<p data-start=\"107\" data-end=\"565\"><br data-start=\"1686\" data-end=\"1689\" \/>Das <strong data-start=\"1693\" data-end=\"1727\">85\u00d780\/82-17 Ceoparts Lastenrad<\/strong> ist ein robustes und leistungsstarkes Lastenrad f\u00fcr Gabelstapler und Lagerger\u00e4te. Die hochwertige Gummibeschichtung bietet hervorragenden Verschlei\u00df- und Schlagfestigkeitsschutz. In Kombination mit einem stabilen Metallkern verbessert es die Stabilit\u00e4t des Gabelstaplers und sorgt f\u00fcr einen sicheren und leisen Betrieb. Es bietet hervorragende Leistung und lange Lebensdauer in industriellen Anwendungen. H\u00e4ufig in Lagern und Logistikzentren verwendet.<\/p>\n<p data-start=\"2182\" data-end=\"2510\"><strong data-start=\"2182\" data-end=\"2199\">Eigenschaften<\/strong><br data-start=\"2199\" data-end=\"2202\" \/><strong data-start=\"2202\" data-end=\"2218\">Produktname:<\/strong> 85\u00d780\/82-17 Ceoparts Lastenrad<br data-start=\"2249\" data-end=\"2252\" \/><strong data-start=\"2252\" data-end=\"2268\">Teilenummer:<\/strong> 0009933902<br data-start=\"2279\" data-end=\"2282\" \/><strong data-start=\"2282\" data-end=\"2295\">Material:<\/strong> Verschlei\u00dffester Gummi und robuste Metalllegierung<br data-start=\"2346\" data-end=\"2349\" \/><strong data-start=\"2349\" data-end=\"2371\">Anwendungsbereich:<\/strong> Lastensysteme f\u00fcr Gabelstapler<br data-start=\"2402\" data-end=\"2405\" \/><strong data-start=\"2405\" data-end=\"2417\">Vorteil:<\/strong> Hohe Haltbarkeit, leiser und vibrationsfreier Betrieb, lange Lebensdauer, einfache Montage<\/p>\n<hr data-start=\"2512\" data-end=\"2515\" \/>\n<p data-start=\"2517\" data-end=\"3020\">\n","protected":false},"featured_media":15455,"template":"","meta":[],"product_brand":[],"product_cat":[398,400],"product_tag":[],"class_list":{"0":"post-8381","1":"product","2":"type-product","3":"status-publish","4":"has-post-thumbnail","6":"product_cat-catal-tekeri-ceo","7":"product_cat-catal-tekeri","9":"first","10":"instock","11":"taxable","12":"shipping-taxable","13":"purchasable","14":"product-type-simple"},"_links":{"self":[{"href":"https:\/\/ceoparts.com\/de\/wp-json\/wp\/v2\/product\/8381","targetHints":{"allow":["GET"]}}],"collection":[{"href":"https:\/\/ceoparts.com\/de\/wp-json\/wp\/v2\/product"}],"about":[{"href":"https:\/\/ceoparts.com\/de\/wp-json\/wp\/v2\/types\/product"}],"wp:featuredmedia":[{"embeddable":true,"href":"https:\/\/ceoparts.com\/de\/wp-json\/wp\/v2\/media\/15455"}],"wp:attachment":[{"href":"https:\/\/ceoparts.com\/de\/wp-json\/wp\/v2\/media?parent=8381"}],"wp:term":[{"taxonomy":"product_brand","embeddable":true,"href":"https:\/\/ceoparts.com\/de\/wp-json\/wp\/v2\/product_brand?post=8381"},{"taxonomy":"product_cat","embeddable":true,"href":"https:\/\/ceoparts.com\/de\/wp-json\/wp\/v2\/product_cat?post=8381"},{"taxonomy":"product_tag","embeddable":true,"href":"https:\/\/ceoparts.com\/de\/wp-json\/wp\/v2\/product_tag?post=8381"}],"curies":[{"name":"wp","href":"https:\/\/api.w.org\/{rel}","templated":true}]}}