{"id":8382,"date":"2021-02-14T22:55:21","date_gmt":"2021-02-14T19:55:21","guid":{"rendered":"https:\/\/ceoparts.com\/?post_type=product&#038;p=8382"},"modified":"2026-05-16T15:12:44","modified_gmt":"2026-05-16T12:12:44","slug":"85x80-85-20-yuk-tekeri","status":"publish","type":"product","link":"https:\/\/ceoparts.com\/de\/urun\/85x80-85-20-yuk-tekeri\/","title":{"rendered":"85&#215;80\/85-20 Ceoparts Lastrad &#8211; 0009903524"},"content":{"rendered":"<p>85&#215;80\/85-20 Ceoparts Lastrad &#8211; 0009903524<\/p>\n<table border=\"0\" width=\"229\" cellspacing=\"0\" cellpadding=\"0\">\n<colgroup><\/colgroup>\n<colgroup>\n<col width=\"81\" \/>\n<col width=\"148\" \/><\/colgroup>\n<tbody>\n<tr>\n<td class=\"xl63\" width=\"81\" height=\"20\"><span style=\"font-family: tim;\">BR<\/span><\/td>\n<td class=\"xl63\" width=\"148\"><span style=\"font-family: tim;\">Typ<\/span><\/td>\n<\/tr>\n<tr>\n<td class=\"xl63\" height=\"20\"><span style=\"font-family: tim;\">134<\/span><\/td>\n<td class=\"xl63\"><span style=\"font-family: tim;\">L 20 L\/LP<\/span><\/td>\n<\/tr>\n<tr>\n<td class=\"xl63\" height=\"20\"><span style=\"font-family: tim;\">1111<\/span><\/td>\n<td class=\"xl63\"><span style=\"font-family: tim;\">N20VI &#8211; N20VLI<\/span><\/td>\n<\/tr>\n<tr>\n<td class=\"xl63\" height=\"20\"><span style=\"font-family: tim;\">1151<\/span><\/td>\n<td class=\"xl63\"><span style=\"font-family: tim;\">T16\/T16P\/T20\/T20P<\/span><\/td>\n<\/tr>\n<tr>\n<td class=\"xl63\" height=\"20\"><span style=\"font-family: tim;\">1152<\/span><\/td>\n<td class=\"xl63\"><span style=\"font-family: tim;\">T16\/T18\/T20\/T16L<\/span><\/td>\n<\/tr>\n<tr>\n<td class=\"xl63\" height=\"20\"><span style=\"font-family: tim;\">131<\/span><\/td>\n<td class=\"xl63\"><span style=\"font-family: tim;\">T20AP\/T20SP<\/span><\/td>\n<\/tr>\n<tr>\n<td class=\"xl63\" height=\"20\"><span style=\"font-family: tim;\">131<\/span><\/td>\n<td class=\"xl63\"><span style=\"font-family: tim;\">T30<\/span><\/td>\n<\/tr>\n<tr>\n<td class=\"xl63\" height=\"20\"><span style=\"font-family: tim;\">132<\/span><\/td>\n<td class=\"xl63\"><span style=\"font-family: tim;\">N20\/N24\/N20L\/N20LI<\/span><\/td>\n<\/tr>\n<tr>\n<td class=\"xl63\" height=\"20\"><span style=\"font-family: tim;\">138<\/span><\/td>\n<td class=\"xl63\"><span style=\"font-family: tim;\">L 12\/16<\/span><\/td>\n<\/tr>\n<tr>\n<td class=\"xl63\" height=\"20\"><span style=\"font-family: tim;\">138<\/span><\/td>\n<td class=\"xl63\"><span style=\"font-family: tim;\">L 12\/16<\/span><\/td>\n<\/tr>\n<tr>\n<td class=\"xl63\" height=\"20\"><span style=\"font-family: tim;\">139<\/span><\/td>\n<td class=\"xl63\"><span style=\"font-family: tim;\">L 12\/16 S<\/span><\/td>\n<\/tr>\n<tr>\n<td class=\"xl63\" height=\"20\"><span style=\"font-family: tim;\">139<\/span><\/td>\n<td class=\"xl63\"><span style=\"font-family: tim;\">L 12\/16 S<\/span><\/td>\n<\/tr>\n<tr>\n<td class=\"xl63\" height=\"20\"><span style=\"font-family: tim;\">139<\/span><\/td>\n<td class=\"xl63\"><span style=\"font-family: tim;\">L 12\/16 S<\/span><\/td>\n<\/tr>\n<tr>\n<td class=\"xl63\" height=\"20\"><span style=\"font-family: tim;\">139<\/span><\/td>\n<td class=\"xl63\"><span style=\"font-family: tim;\">L 12\/16 R<\/span><\/td>\n<\/tr>\n<tr>\n<td class=\"xl63\" height=\"20\"><span style=\"font-family: tim;\">139<\/span><\/td>\n<td class=\"xl63\"><span style=\"font-family: tim;\">L 12\/16 R<\/span><\/td>\n<\/tr>\n<tr>\n<td class=\"xl63\" height=\"20\"><span style=\"font-family: tim;\">139<\/span><\/td>\n<td class=\"xl63\"><span style=\"font-family: tim;\">L 12\/16 R<\/span><\/td>\n<\/tr>\n<tr>\n<td class=\"xl63\" height=\"20\"><span style=\"font-family: tim;\">140<\/span><\/td>\n<td class=\"xl63\"><span style=\"font-family: tim;\">T20R<\/span><\/td>\n<\/tr>\n<tr>\n<td class=\"xl63\" height=\"20\"><span style=\"font-family: tim;\">141<\/span><\/td>\n<td class=\"xl63\"><span style=\"font-family: tim;\">T20AP<\/span><\/td>\n<\/tr>\n<tr>\n<td class=\"xl63\" height=\"20\"><span style=\"font-family: tim;\">141<\/span><\/td>\n<td class=\"xl63\"><span style=\"font-family: tim;\">T20AP<\/span><\/td>\n<\/tr>\n<tr>\n<td class=\"xl63\" height=\"20\"><span style=\"font-family: tim;\">141<\/span><\/td>\n<td class=\"xl63\"><span style=\"font-family: tim;\">T20\/30<\/span><\/td>\n<\/tr>\n<tr>\n<td class=\"xl63\" height=\"20\"><span style=\"font-family: tim;\">142<\/span><\/td>\n<td class=\"xl63\"><span style=\"font-family: tim;\">T20 S01\/S02<\/span><\/td>\n<\/tr>\n<tr>\n<td class=\"xl63\" height=\"20\"><span style=\"font-family: tim;\">144<\/span><\/td>\n<td class=\"xl63\"><span style=\"font-family: tim;\">T20S\/T20SF<\/span><\/td>\n<\/tr>\n<tr>\n<td class=\"xl63\" height=\"20\"><span style=\"font-family: tim;\">149<\/span><\/td>\n<td class=\"xl63\"><span style=\"font-family: tim;\">N20\/N25\/N20L\/LI\/LX<\/span><\/td>\n<\/tr>\n<tr>\n<td class=\"xl63\" height=\"20\"><span style=\"font-family: tim;\">149<\/span><\/td>\n<td class=\"xl63\"><span style=\"font-family: tim;\">N20V-N20VI<\/span><\/td>\n<\/tr>\n<tr>\n<td class=\"xl63\" height=\"20\"><span style=\"font-family: tim;\">360<\/span><\/td>\n<td class=\"xl63\"><span style=\"font-family: tim;\">T16\/T18\/T20\/T16L<\/span><\/td>\n<\/tr>\n<\/tbody>\n<\/table>\n<p>&nbsp;<\/p>\n<p>Crown<\/p>\n<p>WP2300S , WP2300, WP2000S, WP2000<\/p>","protected":false},"excerpt":{"rendered":"<p data-start=\"111\" data-end=\"604\"><br data-start=\"1784\" data-end=\"1787\" \/>Das <strong data-start=\"1791\" data-end=\"1825\">85\u00d780\/85-20 Ceoparts Lastenrad<\/strong> ist ein hochwertiges und langlebiges Lastenrad f\u00fcr Gabelstapler und Lagerfahrzeuge. Mit einem robusten Metallkern und einer verschlei\u00dffesten Spezialgummibeschichtung sorgt es f\u00fcr einen leisen, vibrationsfreien und stabilen Betrieb auch unter anspruchsvollen Einsatzbedingungen. Dank hoher Tragkraft und ausgezeichneter Bodenhaftung verbessert es die Man\u00f6vrierf\u00e4higkeit und Einsatzsicherheit von Staplern. Ideal f\u00fcr Lager, Produktionsst\u00e4tten und industrielle Anwendungen.<\/p>\n<p data-start=\"2298\" data-end=\"2633\"><strong data-start=\"2298\" data-end=\"2315\">Eigenschaften<\/strong><br data-start=\"2315\" data-end=\"2318\" \/><strong data-start=\"2318\" data-end=\"2334\">Produktname:<\/strong> 85\u00d780\/85-20 Ceoparts Lastenrad<br data-start=\"2365\" data-end=\"2368\" \/><strong data-start=\"2368\" data-end=\"2384\">Teilenummer:<\/strong> 0009903524<br data-start=\"2395\" data-end=\"2398\" \/><strong data-start=\"2398\" data-end=\"2411\">Material:<\/strong> Verschlei\u00dffester Gummi und robuste Metalllegierung<br data-start=\"2462\" data-end=\"2465\" \/><strong data-start=\"2465\" data-end=\"2487\">Anwendungsbereich:<\/strong> Lastensysteme f\u00fcr Gabelstapler<br data-start=\"2518\" data-end=\"2521\" \/><strong data-start=\"2521\" data-end=\"2533\">Vorteil:<\/strong> Hohe Sto\u00df- und Abriebfestigkeit, leiser und stabiler Betrieb, lange Lebensdauer, einfache Montage<\/p>\n<hr data-start=\"2635\" data-end=\"2638\" \/>\n<p data-start=\"2640\" data-end=\"3118\">\n","protected":false},"featured_media":20192,"template":"","meta":[],"product_brand":[],"product_cat":[272,274,398,400],"product_tag":[],"class_list":{"0":"post-8382","1":"product","2":"type-product","3":"status-publish","4":"has-post-thumbnail","6":"product_cat-crown","7":"product_cat-catal-tekeri-crown","8":"product_cat-catal-tekeri-ceo","9":"product_cat-catal-tekeri","11":"first","12":"instock","13":"taxable","14":"shipping-taxable","15":"purchasable","16":"product-type-simple"},"_links":{"self":[{"href":"https:\/\/ceoparts.com\/de\/wp-json\/wp\/v2\/product\/8382","targetHints":{"allow":["GET"]}}],"collection":[{"href":"https:\/\/ceoparts.com\/de\/wp-json\/wp\/v2\/product"}],"about":[{"href":"https:\/\/ceoparts.com\/de\/wp-json\/wp\/v2\/types\/product"}],"wp:featuredmedia":[{"embeddable":true,"href":"https:\/\/ceoparts.com\/de\/wp-json\/wp\/v2\/media\/20192"}],"wp:attachment":[{"href":"https:\/\/ceoparts.com\/de\/wp-json\/wp\/v2\/media?parent=8382"}],"wp:term":[{"taxonomy":"product_brand","embeddable":true,"href":"https:\/\/ceoparts.com\/de\/wp-json\/wp\/v2\/product_brand?post=8382"},{"taxonomy":"product_cat","embeddable":true,"href":"https:\/\/ceoparts.com\/de\/wp-json\/wp\/v2\/product_cat?post=8382"},{"taxonomy":"product_tag","embeddable":true,"href":"https:\/\/ceoparts.com\/de\/wp-json\/wp\/v2\/product_tag?post=8382"}],"curies":[{"name":"wp","href":"https:\/\/api.w.org\/{rel}","templated":true}]}}