{"id":8383,"date":"2021-02-14T22:56:41","date_gmt":"2021-02-14T19:56:41","guid":{"rendered":"https:\/\/ceoparts.com\/?post_type=product&#038;p=8383"},"modified":"2026-05-16T15:00:43","modified_gmt":"2026-05-16T12:00:43","slug":"85x80-85-25-yuk-tekeri","status":"publish","type":"product","link":"https:\/\/ceoparts.com\/de\/urun\/85x80-85-25-yuk-tekeri\/","title":{"rendered":"85&#215;80\/85-25 Ceoparts Lastrad &#8211; 27631380"},"content":{"rendered":"<p>85&#215;80\/85-25 Ceoparts Lastrad &#8211; 27631380<\/p>\n<p>Jungheinrich 0763138, 2763138, 27631380, 27623820, 27623900, 63143540, 63145510, 63145550<\/p>\n<p>ECC 10 5.94 &#8211; 3.98<br \/>\nECC 10 4.98 &#8211; 4.98<br \/>\nEJC 12,5 9.92 &#8211; 7.93<br \/>\nEJC 12-16 7.96 &#8211; 4.98<br \/>\nEJC 16 10.88 &#8211; 10.92<br \/>\nEJC 16 11.92 &#8211; 7.93<br \/>\nEJC-L 08\/10 12.89 &#8211; 3.92<br \/>\nEJC-L 10 5.93 &#8211; 7.93<br \/>\nEJC-L 10 5.94 &#8211; 6.96<br \/>\nEJC-L 10 7.96 &#8211; 9.97<br \/>\nEJC-Z 12,5 10.88 &#8211; 12.92<br \/>\nEJE\/-R 18-24 5.94 &#8211; 5.96<br \/>\nEKC 12,5 \/ 16 2.95 &#8211; 12.99<br \/>\nEKC 12,5 \/ 16 1.00 &#8211; 4.04<br \/>\nEKC 20 5.04 &#8211; 12.04<br \/>\nEKE 20\/30 +L 5.82 &#8211; 12.90<br \/>\nERC 12-16 10.94 &#8211; 3.01<br \/>\nESC 2 1.05 &#8211; 7.09<br \/>\nKmS 2\/3\/4 Z 1.89 &#8211; 9.89<\/p>","protected":false},"excerpt":{"rendered":"<p data-start=\"109\" data-end=\"682\"><br data-start=\"1912\" data-end=\"1915\" \/>Das <strong data-start=\"1919\" data-end=\"1953\">85\u00d780\/85-25 Ceoparts Lastenrad<\/strong> ist ein leistungsstarkes und langlebiges Ersatzteil f\u00fcr Lastensysteme in Gabelstaplern und Lagerfahrzeugen. Mit einem robusten Metallkern und einer sto\u00df- sowie verschlei\u00dffesten Spezialgummibeschichtung sorgt es f\u00fcr einen ger\u00e4uscharmen, vibrationsfreien und stabilen Betrieb auch unter anspruchsvollen Bedingungen. Hohe Tragf\u00e4higkeit und ausgezeichnete Bodenhaftung verbessern die Man\u00f6vrierf\u00e4higkeit des Gabelstaplers und gew\u00e4hrleisten einen sicheren und effizienten Betrieb. Ideal f\u00fcr Lagerh\u00e4user, Logistikzentren und industrielle Anlagen.<\/p>\n<p data-start=\"2495\" data-end=\"2828\"><strong data-start=\"2495\" data-end=\"2512\">Eigenschaften<\/strong><br data-start=\"2512\" data-end=\"2515\" \/><strong data-start=\"2515\" data-end=\"2531\">Produktname:<\/strong> 85\u00d780\/85-25 Ceoparts Lastenrad<br data-start=\"2562\" data-end=\"2565\" \/><strong data-start=\"2565\" data-end=\"2581\">Teilenummer:<\/strong> 27631380<br data-start=\"2590\" data-end=\"2593\" \/><strong data-start=\"2593\" data-end=\"2606\">Material:<\/strong> Verschlei\u00dffester Gummi und robuste Metalllegierung<br data-start=\"2657\" data-end=\"2660\" \/><strong data-start=\"2660\" data-end=\"2682\">Anwendungsbereich:<\/strong> Lastensysteme f\u00fcr Gabelstapler<br data-start=\"2713\" data-end=\"2716\" \/><strong data-start=\"2716\" data-end=\"2728\">Vorteil:<\/strong> Hohe Sto\u00df- und Abriebfestigkeit, leiser und stabiler Betrieb, lange Lebensdauer, einfache Montage<\/p>\n<hr data-start=\"2830\" data-end=\"2833\" \/>\n<p data-start=\"2835\" data-end=\"3352\">\n","protected":false},"featured_media":20189,"template":"","meta":[],"product_brand":[],"product_cat":[236,238,398,400],"product_tag":[],"class_list":{"0":"post-8383","1":"product","2":"type-product","3":"status-publish","4":"has-post-thumbnail","6":"product_cat-jungheinrich","7":"product_cat-catal-tekeri-jungheinrich","8":"product_cat-catal-tekeri-ceo","9":"product_cat-catal-tekeri","11":"first","12":"instock","13":"taxable","14":"shipping-taxable","15":"purchasable","16":"product-type-simple"},"_links":{"self":[{"href":"https:\/\/ceoparts.com\/de\/wp-json\/wp\/v2\/product\/8383","targetHints":{"allow":["GET"]}}],"collection":[{"href":"https:\/\/ceoparts.com\/de\/wp-json\/wp\/v2\/product"}],"about":[{"href":"https:\/\/ceoparts.com\/de\/wp-json\/wp\/v2\/types\/product"}],"wp:featuredmedia":[{"embeddable":true,"href":"https:\/\/ceoparts.com\/de\/wp-json\/wp\/v2\/media\/20189"}],"wp:attachment":[{"href":"https:\/\/ceoparts.com\/de\/wp-json\/wp\/v2\/media?parent=8383"}],"wp:term":[{"taxonomy":"product_brand","embeddable":true,"href":"https:\/\/ceoparts.com\/de\/wp-json\/wp\/v2\/product_brand?post=8383"},{"taxonomy":"product_cat","embeddable":true,"href":"https:\/\/ceoparts.com\/de\/wp-json\/wp\/v2\/product_cat?post=8383"},{"taxonomy":"product_tag","embeddable":true,"href":"https:\/\/ceoparts.com\/de\/wp-json\/wp\/v2\/product_tag?post=8383"}],"curies":[{"name":"wp","href":"https:\/\/api.w.org\/{rel}","templated":true}]}}