{"id":8385,"date":"2021-02-14T22:58:43","date_gmt":"2021-02-14T19:58:43","guid":{"rendered":"https:\/\/ceoparts.com\/?post_type=product&#038;p=8385"},"modified":"2026-05-16T16:07:25","modified_gmt":"2026-05-16T13:07:25","slug":"85x82-87-20-yuk-tekeri","status":"publish","type":"product","link":"https:\/\/ceoparts.com\/de\/urun\/85x82-87-20-yuk-tekeri\/","title":{"rendered":"85&#215;82\/87-20 Ceoparts Lastrad"},"content":{"rendered":"<p>85&#215;82\/87-20 Ceoparts Lastrad<\/p>","protected":false},"excerpt":{"rendered":"<p data-start=\"99\" data-end=\"609\"><br data-start=\"1826\" data-end=\"1829\" \/>Das <strong data-start=\"1833\" data-end=\"1867\">85\u00d782\/87-20 Ceoparts Lastenrad<\/strong> ist ein leistungsstarkes, langlebiges Ersatzteil f\u00fcr schwere Lastensysteme in Gabelstaplern und Lagerfahrzeugen. Mit einem robusten Metallkern und einer verschlei\u00dffesten Gummibeschichtung sorgt es auch unter intensiver Nutzung f\u00fcr einen leisen, stabilen und sicheren Betrieb. Hervorragende Bodenhaftung und vibrationsd\u00e4mpfende Eigenschaften verbessern die Leistung und Stabilit\u00e4t des Gabelstaplers. Ideal f\u00fcr Lager, Logistikzentren und industrielle Anwendungen.<\/p>\n<p data-start=\"2331\" data-end=\"2676\"><strong data-start=\"2331\" data-end=\"2348\">Eigenschaften<\/strong><br data-start=\"2348\" data-end=\"2351\" \/><strong data-start=\"2351\" data-end=\"2367\">Produktname:<\/strong> 85\u00d782\/87-20 Ceoparts Lastenrad<br data-start=\"2398\" data-end=\"2401\" \/><strong data-start=\"2401\" data-end=\"2417\">Teilenummer:<\/strong>\u00a0<br data-start=\"2438\" data-end=\"2441\" \/><strong data-start=\"2441\" data-end=\"2454\">Material:<\/strong> Verschlei\u00dffester Gummi und robuste Metalllegierung<br data-start=\"2505\" data-end=\"2508\" \/><strong data-start=\"2508\" data-end=\"2530\">Anwendungsbereich:<\/strong> Lastensysteme f\u00fcr Gabelstapler<br data-start=\"2561\" data-end=\"2564\" \/><strong data-start=\"2564\" data-end=\"2576\">Vorteil:<\/strong> Hohe Sto\u00df- und Abriebfestigkeit, leiser und stabiler Betrieb, lange Lebensdauer, einfache Montage<\/p>\n<hr data-start=\"2678\" data-end=\"2681\" \/>\n<p data-start=\"2683\" data-end=\"3211\">\n","protected":false},"featured_media":15467,"template":"","meta":[],"product_brand":[],"product_cat":[398,400],"product_tag":[],"class_list":{"0":"post-8385","1":"product","2":"type-product","3":"status-publish","4":"has-post-thumbnail","6":"product_cat-catal-tekeri-ceo","7":"product_cat-catal-tekeri","9":"first","10":"instock","11":"taxable","12":"shipping-taxable","13":"purchasable","14":"product-type-simple"},"_links":{"self":[{"href":"https:\/\/ceoparts.com\/de\/wp-json\/wp\/v2\/product\/8385","targetHints":{"allow":["GET"]}}],"collection":[{"href":"https:\/\/ceoparts.com\/de\/wp-json\/wp\/v2\/product"}],"about":[{"href":"https:\/\/ceoparts.com\/de\/wp-json\/wp\/v2\/types\/product"}],"wp:featuredmedia":[{"embeddable":true,"href":"https:\/\/ceoparts.com\/de\/wp-json\/wp\/v2\/media\/15467"}],"wp:attachment":[{"href":"https:\/\/ceoparts.com\/de\/wp-json\/wp\/v2\/media?parent=8385"}],"wp:term":[{"taxonomy":"product_brand","embeddable":true,"href":"https:\/\/ceoparts.com\/de\/wp-json\/wp\/v2\/product_brand?post=8385"},{"taxonomy":"product_cat","embeddable":true,"href":"https:\/\/ceoparts.com\/de\/wp-json\/wp\/v2\/product_cat?post=8385"},{"taxonomy":"product_tag","embeddable":true,"href":"https:\/\/ceoparts.com\/de\/wp-json\/wp\/v2\/product_tag?post=8385"}],"curies":[{"name":"wp","href":"https:\/\/api.w.org\/{rel}","templated":true}]}}