{"id":8386,"date":"2021-02-14T23:00:17","date_gmt":"2021-02-14T20:00:17","guid":{"rendered":"https:\/\/ceoparts.com\/?post_type=product&#038;p=8386"},"modified":"2026-05-16T14:05:29","modified_gmt":"2026-05-16T11:05:29","slug":"85x82-85-25-yuk-tekeri","status":"publish","type":"product","link":"https:\/\/ceoparts.com\/de\/urun\/85x82-85-25-yuk-tekeri\/","title":{"rendered":"85&#215;82\/85-25 Ceoparts Lastrad"},"content":{"rendered":"<p>85&#215;82\/85-25 Ceoparts Lastrad<\/p>","protected":false},"excerpt":{"rendered":"<p data-start=\"99\" data-end=\"645\"><br data-start=\"1872\" data-end=\"1875\" \/>Das <strong data-start=\"1879\" data-end=\"1913\">85\u00d782\/85-25 Ceoparts Lastenrad<\/strong> ist ein leistungsstarkes und langlebiges Ersatzteil f\u00fcr schwere Lastensysteme in Gabelstaplern und Lagerfahrzeugen. Die sto\u00df- und verschlei\u00dffeste Spezialgummibeschichtung sorgt auch unter intensiver Beanspruchung f\u00fcr einen ger\u00e4uscharmen, ausgewogenen und sicheren Betrieb. Der robuste Metallkern verbessert die Tragf\u00e4higkeit und Man\u00f6vrierf\u00e4higkeit des Gabelstaplers und gew\u00e4hrleistet hervorragenden Bodenkontakt. Ideal f\u00fcr Lager, Logistikzentren und Industrieanlagen.<\/p>\n<p data-start=\"2383\" data-end=\"2732\"><strong data-start=\"2383\" data-end=\"2400\">Eigenschaften<\/strong><br data-start=\"2400\" data-end=\"2403\" \/><strong data-start=\"2403\" data-end=\"2419\">Produktname:<\/strong> 85\u00d782\/85-25 Ceoparts Lastenrad<br data-start=\"2450\" data-end=\"2453\" \/><strong data-start=\"2453\" data-end=\"2469\">Teilenummer:<\/strong>\u00a0<br data-start=\"2490\" data-end=\"2493\" \/><strong data-start=\"2493\" data-end=\"2506\">Material:<\/strong> Verschlei\u00dffester Gummi und robuste Metalllegierung<br data-start=\"2557\" data-end=\"2560\" \/><strong data-start=\"2560\" data-end=\"2582\">Anwendungsbereich:<\/strong> Lastensysteme f\u00fcr Gabelstapler<br data-start=\"2613\" data-end=\"2616\" \/><strong data-start=\"2616\" data-end=\"2628\">Vorteil:<\/strong> Hohe Sto\u00df- und Verschlei\u00dffestigkeit, leiser und stabiler Betrieb, lange Lebensdauer, einfache Montage<\/p>\n<hr data-start=\"2734\" data-end=\"2737\" \/>\n<p data-start=\"2739\" data-end=\"3247\">\n","protected":false},"featured_media":15461,"template":"","meta":[],"product_brand":[],"product_cat":[398,400],"product_tag":[],"class_list":{"0":"post-8386","1":"product","2":"type-product","3":"status-publish","4":"has-post-thumbnail","6":"product_cat-catal-tekeri-ceo","7":"product_cat-catal-tekeri","9":"first","10":"instock","11":"taxable","12":"shipping-taxable","13":"purchasable","14":"product-type-simple"},"_links":{"self":[{"href":"https:\/\/ceoparts.com\/de\/wp-json\/wp\/v2\/product\/8386","targetHints":{"allow":["GET"]}}],"collection":[{"href":"https:\/\/ceoparts.com\/de\/wp-json\/wp\/v2\/product"}],"about":[{"href":"https:\/\/ceoparts.com\/de\/wp-json\/wp\/v2\/types\/product"}],"wp:featuredmedia":[{"embeddable":true,"href":"https:\/\/ceoparts.com\/de\/wp-json\/wp\/v2\/media\/15461"}],"wp:attachment":[{"href":"https:\/\/ceoparts.com\/de\/wp-json\/wp\/v2\/media?parent=8386"}],"wp:term":[{"taxonomy":"product_brand","embeddable":true,"href":"https:\/\/ceoparts.com\/de\/wp-json\/wp\/v2\/product_brand?post=8386"},{"taxonomy":"product_cat","embeddable":true,"href":"https:\/\/ceoparts.com\/de\/wp-json\/wp\/v2\/product_cat?post=8386"},{"taxonomy":"product_tag","embeddable":true,"href":"https:\/\/ceoparts.com\/de\/wp-json\/wp\/v2\/product_tag?post=8386"}],"curies":[{"name":"wp","href":"https:\/\/api.w.org\/{rel}","templated":true}]}}