{"id":8388,"date":"2021-02-14T23:02:59","date_gmt":"2021-02-14T20:02:59","guid":{"rendered":"https:\/\/ceoparts.com\/?post_type=product&#038;p=8388"},"modified":"2026-05-16T18:37:35","modified_gmt":"2026-05-16T15:37:35","slug":"85x85-90-17-yuk-tekeri","status":"publish","type":"product","link":"https:\/\/ceoparts.com\/de\/urun\/85x85-90-17-yuk-tekeri\/","title":{"rendered":"85&#215;85\/90-17 Ceoparts Lastrad"},"content":{"rendered":"<p>85&#215;85\/90-17 Ceoparts Lastrad<\/p>","protected":false},"excerpt":{"rendered":"<p data-start=\"99\" data-end=\"605\"><br data-start=\"1867\" data-end=\"1870\" \/>Das <strong data-start=\"1874\" data-end=\"1908\">85\u00d785\/90-17 Ceoparts Lastenrad<\/strong> ist ein langlebiges und leistungsstarkes Ersatzteil f\u00fcr Gabelstapler- und Lagereinrichtungen-Lastensysteme. Mit seiner sto\u00df- und verschlei\u00dffesten Gummibeschichtung und dem robusten Metallkern sorgt es auch unter anspruchsvollen Bedingungen f\u00fcr sicheres, ger\u00e4uscharmes und stabiles Fahren. H\u00e4ufig verwendet in Lagerh\u00e4usern, Logistikzentren und Industrieanlagen \u2014 steigert es die Tragf\u00e4higkeit und Man\u00f6vrierf\u00e4higkeit von Gabelstaplern.<\/p>\n<p data-start=\"2344\" data-end=\"2736\"><strong data-start=\"2344\" data-end=\"2361\">Eigenschaften<\/strong><br data-start=\"2361\" data-end=\"2364\" \/><strong data-start=\"2364\" data-end=\"2380\">Produktname:<\/strong> 85\u00d785\/90-17 Ceoparts Lastenrad<br data-start=\"2411\" data-end=\"2414\" \/><strong data-start=\"2414\" data-end=\"2430\">Teilenummer:<\/strong>\u00a0<br data-start=\"2451\" data-end=\"2454\" \/><strong data-start=\"2454\" data-end=\"2467\">Material:<\/strong> Verschlei\u00dffester Gummi und robuster Metallkern<br data-start=\"2514\" data-end=\"2517\" \/><strong data-start=\"2517\" data-end=\"2539\">Anwendungsbereich:<\/strong> Lastensysteme f\u00fcr Gabelstapler und Lagerfahrzeuge<br data-start=\"2589\" data-end=\"2592\" \/><strong data-start=\"2592\" data-end=\"2604\">Vorteil:<\/strong> Langlebige Konstruktion, ger\u00e4uscharmer und stabiler Betrieb, hohe Sto\u00df- und Abriebfestigkeit, einfache Montage, lange Lebensdauer<\/p>\n<hr data-start=\"2738\" data-end=\"2741\" \/>\n<p data-start=\"2743\" data-end=\"3208\">\n","protected":false},"featured_media":15488,"template":"","meta":[],"product_brand":[],"product_cat":[398,400],"product_tag":[],"class_list":{"0":"post-8388","1":"product","2":"type-product","3":"status-publish","4":"has-post-thumbnail","6":"product_cat-catal-tekeri-ceo","7":"product_cat-catal-tekeri","9":"first","10":"instock","11":"taxable","12":"shipping-taxable","13":"purchasable","14":"product-type-simple"},"_links":{"self":[{"href":"https:\/\/ceoparts.com\/de\/wp-json\/wp\/v2\/product\/8388","targetHints":{"allow":["GET"]}}],"collection":[{"href":"https:\/\/ceoparts.com\/de\/wp-json\/wp\/v2\/product"}],"about":[{"href":"https:\/\/ceoparts.com\/de\/wp-json\/wp\/v2\/types\/product"}],"wp:featuredmedia":[{"embeddable":true,"href":"https:\/\/ceoparts.com\/de\/wp-json\/wp\/v2\/media\/15488"}],"wp:attachment":[{"href":"https:\/\/ceoparts.com\/de\/wp-json\/wp\/v2\/media?parent=8388"}],"wp:term":[{"taxonomy":"product_brand","embeddable":true,"href":"https:\/\/ceoparts.com\/de\/wp-json\/wp\/v2\/product_brand?post=8388"},{"taxonomy":"product_cat","embeddable":true,"href":"https:\/\/ceoparts.com\/de\/wp-json\/wp\/v2\/product_cat?post=8388"},{"taxonomy":"product_tag","embeddable":true,"href":"https:\/\/ceoparts.com\/de\/wp-json\/wp\/v2\/product_tag?post=8388"}],"curies":[{"name":"wp","href":"https:\/\/api.w.org\/{rel}","templated":true}]}}