{"id":8389,"date":"2021-02-14T23:03:59","date_gmt":"2021-02-14T20:03:59","guid":{"rendered":"https:\/\/ceoparts.com\/?post_type=product&#038;p=8389"},"modified":"2026-05-16T15:14:23","modified_gmt":"2026-05-16T12:14:23","slug":"85x85-90-20-yuk-tekeri","status":"publish","type":"product","link":"https:\/\/ceoparts.com\/de\/urun\/85x85-90-20-yuk-tekeri\/","title":{"rendered":"85&#215;85\/90-20 Ceoparts Lastrad &#8211; 452008102 , 4494413 , 0009903501"},"content":{"rendered":"<p>85&#215;85\/90-20 Ceoparts Lastrad &#8211; 452008102 , 4494413 , 0009903501<\/p>\n<p>452008102 Pimespo, \u00a04494413 Still<\/p>\n<p>Still EGV-S 14\u00a0\u00a0\u00a0 3302213<\/p>\n<p>Still EGV-S 20\u00a0\u00a0\u00a0 3302223<\/p>\n<p>Still EGV 20\u00a0\u00a0\u00a0 3302233<\/p>\n<p>Still EGP 14\u00a0\u00a0\u00a0\u00a0 3302273<\/p>\n<p>Still EGP\u00a020\u00a0\u00a0\u00a0\u00a0 3302283<\/p>\n<p>Still EGU 30\u00a0\u00a0\u00a0\u00a0 3301363<\/p>\n<p>Pimespo TL12\/4305<\/p>","protected":false},"excerpt":{"rendered":"<p data-start=\"124\" data-end=\"667\"><br data-start=\"1937\" data-end=\"1940\" \/>Das <strong data-start=\"1944\" data-end=\"1978\">85\u00d785\/90-20 Ceoparts Lastenrad<\/strong> ist ein hochwertiges, verschlei\u00dffestes Ersatzteil, das speziell f\u00fcr intensive Ladeanwendungen bei Gabelstaplern und Lagereinrichtungen entwickelt wurde. Mit einem robusten Metallkern und sto\u00dffester Gummibeschichtung bietet es langlebige Leistung und sichere Beweglichkeit. Dank ger\u00e4uscharmem Betrieb und ausgezeichnetem Bodenkontakt steigert es die Effizienz und sorgt f\u00fcr Stabilit\u00e4t und Sicherheit bei schweren Lasten. Ideal f\u00fcr Lager, Logistikzentren und Industrieanlagen.<\/p>\n<p data-start=\"2455\" data-end=\"2831\"><strong data-start=\"2455\" data-end=\"2472\">Eigenschaften<\/strong><br data-start=\"2472\" data-end=\"2475\" \/><strong data-start=\"2475\" data-end=\"2491\">Produktname:<\/strong> 85\u00d785\/90-20 Ceoparts Lastenrad<br data-start=\"2522\" data-end=\"2525\" \/><strong data-start=\"2525\" data-end=\"2541\">Teilenummer:<\/strong> 452008102, 4494413, 0009903501<br data-start=\"2572\" data-end=\"2575\" \/><strong data-start=\"2575\" data-end=\"2588\">Material:<\/strong> Verschlei\u00dffester Gummi und robuste Metalllegierung<br data-start=\"2639\" data-end=\"2642\" \/><strong data-start=\"2642\" data-end=\"2664\">Anwendungsbereich:<\/strong> Gabelstapler-Lasten- und Stabilisierungssysteme<br data-start=\"2712\" data-end=\"2715\" \/><strong data-start=\"2715\" data-end=\"2727\">Vorteil:<\/strong> Hohe Sto\u00df- und Verschlei\u00dffestigkeit, leiser und stabiler Betrieb, lange Lebensdauer, einfache Montage<\/p>\n<hr data-start=\"2833\" data-end=\"2836\" \/>\n<p data-start=\"2838\" data-end=\"3347\">\n","protected":false},"featured_media":15491,"template":"","meta":[],"product_brand":[],"product_cat":[241,243,398,400],"product_tag":[],"class_list":{"0":"post-8389","1":"product","2":"type-product","3":"status-publish","4":"has-post-thumbnail","6":"product_cat-still","7":"product_cat-catal-tekeri-still","8":"product_cat-catal-tekeri-ceo","9":"product_cat-catal-tekeri","11":"first","12":"instock","13":"taxable","14":"shipping-taxable","15":"purchasable","16":"product-type-simple"},"_links":{"self":[{"href":"https:\/\/ceoparts.com\/de\/wp-json\/wp\/v2\/product\/8389","targetHints":{"allow":["GET"]}}],"collection":[{"href":"https:\/\/ceoparts.com\/de\/wp-json\/wp\/v2\/product"}],"about":[{"href":"https:\/\/ceoparts.com\/de\/wp-json\/wp\/v2\/types\/product"}],"wp:featuredmedia":[{"embeddable":true,"href":"https:\/\/ceoparts.com\/de\/wp-json\/wp\/v2\/media\/15491"}],"wp:attachment":[{"href":"https:\/\/ceoparts.com\/de\/wp-json\/wp\/v2\/media?parent=8389"}],"wp:term":[{"taxonomy":"product_brand","embeddable":true,"href":"https:\/\/ceoparts.com\/de\/wp-json\/wp\/v2\/product_brand?post=8389"},{"taxonomy":"product_cat","embeddable":true,"href":"https:\/\/ceoparts.com\/de\/wp-json\/wp\/v2\/product_cat?post=8389"},{"taxonomy":"product_tag","embeddable":true,"href":"https:\/\/ceoparts.com\/de\/wp-json\/wp\/v2\/product_tag?post=8389"}],"curies":[{"name":"wp","href":"https:\/\/api.w.org\/{rel}","templated":true}]}}