{"id":8393,"date":"2021-02-14T23:08:28","date_gmt":"2021-02-14T20:08:28","guid":{"rendered":"https:\/\/ceoparts.com\/?post_type=product&#038;p=8393"},"modified":"2026-05-16T14:32:59","modified_gmt":"2026-05-16T11:32:59","slug":"85x90-95-17-yuk-tekeri","status":"publish","type":"product","link":"https:\/\/ceoparts.com\/de\/urun\/85x90-95-17-yuk-tekeri\/","title":{"rendered":"85&#215;90\/95-17 Ceoparts Lastrad"},"content":{"rendered":"<p>85&#215;90\/95-17 Ceoparts Lastrad<\/p>","protected":false},"excerpt":{"rendered":"<p data-start=\"99\" data-end=\"611\"><br data-start=\"1731\" data-end=\"1734\" \/>Das <strong data-start=\"1738\" data-end=\"1772\">85\u00d790\/95-17 Ceoparts Lastenrad<\/strong> ist ein hochwertiges und langlebiges Ersatzteil, das f\u00fcr maximale Effizienz und Sicherheit bei intensiven Gabelstapler-Lastenoperationen entwickelt wurde. Mit seiner verschlei\u00df- und sto\u00dffesten Spezialgummibeschichtung und dem robusten Metallkern bietet es eine hervorragende Widerstandsf\u00e4higkeit gegen\u00fcber rauen Bodenbedingungen und starker Beanspruchung. Es sorgt f\u00fcr stabiles, ger\u00e4uscharmes und sicheres Fahren und gew\u00e4hrleistet unterbrechungsfreie Arbeitsabl\u00e4ufe in Lagerhallen, Logistikzentren und Industrieanlagen.<\/p>\n<p data-start=\"2294\" data-end=\"2621\"><strong data-start=\"2294\" data-end=\"2311\">Eigenschaften<\/strong><br data-start=\"2311\" data-end=\"2314\" \/><strong data-start=\"2314\" data-end=\"2330\">Produktname:<\/strong> 85\u00d790\/95-17 Ceoparts Lastenrad<br data-start=\"2361\" data-end=\"2364\" \/><strong data-start=\"2364\" data-end=\"2377\">Material:<\/strong> Verschlei\u00dffester Spezialgummi und robuste Metalllegierung<br data-start=\"2435\" data-end=\"2438\" \/><strong data-start=\"2438\" data-end=\"2460\">Anwendungsbereich:<\/strong> Gabelstapler-Lasten- und Stabilisierungssysteme<br data-start=\"2508\" data-end=\"2511\" \/><strong data-start=\"2511\" data-end=\"2523\">Vorteil:<\/strong> Hohe Sto\u00df- und Verschlei\u00dffestigkeit, lange Lebensdauer, ger\u00e4uscharmer Betrieb, einfache Montage<\/p>\n<hr data-start=\"2623\" data-end=\"2626\" \/>\n<p data-start=\"2628\" data-end=\"3168\">\n","protected":false},"featured_media":15506,"template":"","meta":[],"product_brand":[],"product_cat":[398,400],"product_tag":[],"class_list":{"0":"post-8393","1":"product","2":"type-product","3":"status-publish","4":"has-post-thumbnail","6":"product_cat-catal-tekeri-ceo","7":"product_cat-catal-tekeri","9":"first","10":"instock","11":"taxable","12":"shipping-taxable","13":"purchasable","14":"product-type-simple"},"_links":{"self":[{"href":"https:\/\/ceoparts.com\/de\/wp-json\/wp\/v2\/product\/8393","targetHints":{"allow":["GET"]}}],"collection":[{"href":"https:\/\/ceoparts.com\/de\/wp-json\/wp\/v2\/product"}],"about":[{"href":"https:\/\/ceoparts.com\/de\/wp-json\/wp\/v2\/types\/product"}],"wp:featuredmedia":[{"embeddable":true,"href":"https:\/\/ceoparts.com\/de\/wp-json\/wp\/v2\/media\/15506"}],"wp:attachment":[{"href":"https:\/\/ceoparts.com\/de\/wp-json\/wp\/v2\/media?parent=8393"}],"wp:term":[{"taxonomy":"product_brand","embeddable":true,"href":"https:\/\/ceoparts.com\/de\/wp-json\/wp\/v2\/product_brand?post=8393"},{"taxonomy":"product_cat","embeddable":true,"href":"https:\/\/ceoparts.com\/de\/wp-json\/wp\/v2\/product_cat?post=8393"},{"taxonomy":"product_tag","embeddable":true,"href":"https:\/\/ceoparts.com\/de\/wp-json\/wp\/v2\/product_tag?post=8393"}],"curies":[{"name":"wp","href":"https:\/\/api.w.org\/{rel}","templated":true}]}}