{"id":8395,"date":"2021-02-14T23:10:38","date_gmt":"2021-02-14T20:10:38","guid":{"rendered":"https:\/\/ceoparts.com\/?post_type=product&#038;p=8395"},"modified":"2026-05-16T14:33:01","modified_gmt":"2026-05-16T11:33:01","slug":"85x90-20-yuk-tekeri","status":"publish","type":"product","link":"https:\/\/ceoparts.com\/de\/urun\/85x90-20-yuk-tekeri\/","title":{"rendered":"85&#215;90-20 Ceoparts Lastrad &#8211; 580037613"},"content":{"rendered":"<p>85&#215;90-20 Ceoparts Lastrad &#8211; 580037613<\/p>\n<p>85&#215;90-20 Ceoparts Lastrad &#8211; 580037613<\/p>","protected":false},"excerpt":{"rendered":"<p data-start=\"116\" data-end=\"686\"><br data-start=\"1813\" data-end=\"1816\" \/>Das <strong data-start=\"1820\" data-end=\"1851\">85\u00d790-20 Ceoparts Lastenrad<\/strong> ist ein hochwertiges Ersatzteil, das f\u00fcr hervorragende Leistung, hohe Haltbarkeit und eine lange Lebensdauer in Gabelstapler-Lastenbetriebsystemen entwickelt wurde. Dank seiner verschlei\u00dffesten Gummibeschichtung und dem robusten Metallkern bietet es unter anspruchsvollen Bedingungen maximale Widerstandsf\u00e4higkeit gegen Abnutzung, St\u00f6\u00dfe und Bodenreibung. Es sorgt f\u00fcr sicheres und stabiles Fahrverhalten des Gabelstaplers und reduziert die Wartungskosten durch einfache Montage und lange Lebensdauer.<\/p>\n<p data-start=\"2354\" data-end=\"2687\"><strong data-start=\"2354\" data-end=\"2371\">Eigenschaften<\/strong><br data-start=\"2371\" data-end=\"2374\" \/><strong data-start=\"2374\" data-end=\"2390\">Produktname:<\/strong> 85\u00d790-20 Ceoparts Lastenrad<br data-start=\"2418\" data-end=\"2421\" \/><strong data-start=\"2421\" data-end=\"2437\">Teilenummer:<\/strong> 580037613 , 217298<br data-start=\"2456\" data-end=\"2459\" \/><strong data-start=\"2459\" data-end=\"2472\">Material:<\/strong> Verschlei\u00dffester Gummi und robuste Metalllegierung<br data-start=\"2523\" data-end=\"2526\" \/><strong data-start=\"2526\" data-end=\"2548\">Anwendungsbereich:<\/strong> Gabelstapler-Ladesysteme<br data-start=\"2573\" data-end=\"2576\" \/><strong data-start=\"2576\" data-end=\"2588\">Vorteil:<\/strong> Hohe Verschlei\u00df- und Sto\u00dffestigkeit, lange Lebensdauer, stabiles Fahrverhalten, einfache Montage<\/p>\n<p data-start=\"2689\" data-end=\"3253\">\n","protected":false},"featured_media":15497,"template":"","meta":[],"product_brand":[],"product_cat":[398,400],"product_tag":[],"class_list":{"0":"post-8395","1":"product","2":"type-product","3":"status-publish","4":"has-post-thumbnail","6":"product_cat-catal-tekeri-ceo","7":"product_cat-catal-tekeri","9":"first","10":"instock","11":"taxable","12":"shipping-taxable","13":"purchasable","14":"product-type-simple"},"_links":{"self":[{"href":"https:\/\/ceoparts.com\/de\/wp-json\/wp\/v2\/product\/8395","targetHints":{"allow":["GET"]}}],"collection":[{"href":"https:\/\/ceoparts.com\/de\/wp-json\/wp\/v2\/product"}],"about":[{"href":"https:\/\/ceoparts.com\/de\/wp-json\/wp\/v2\/types\/product"}],"wp:featuredmedia":[{"embeddable":true,"href":"https:\/\/ceoparts.com\/de\/wp-json\/wp\/v2\/media\/15497"}],"wp:attachment":[{"href":"https:\/\/ceoparts.com\/de\/wp-json\/wp\/v2\/media?parent=8395"}],"wp:term":[{"taxonomy":"product_brand","embeddable":true,"href":"https:\/\/ceoparts.com\/de\/wp-json\/wp\/v2\/product_brand?post=8395"},{"taxonomy":"product_cat","embeddable":true,"href":"https:\/\/ceoparts.com\/de\/wp-json\/wp\/v2\/product_cat?post=8395"},{"taxonomy":"product_tag","embeddable":true,"href":"https:\/\/ceoparts.com\/de\/wp-json\/wp\/v2\/product_tag?post=8395"}],"curies":[{"name":"wp","href":"https:\/\/api.w.org\/{rel}","templated":true}]}}