{"id":8397,"date":"2021-02-14T23:13:24","date_gmt":"2021-02-14T20:13:24","guid":{"rendered":"https:\/\/ceoparts.com\/?post_type=product&#038;p=8397"},"modified":"2026-05-16T16:07:30","modified_gmt":"2026-05-16T13:07:30","slug":"85x95-97-25-yuk-tekeri","status":"publish","type":"product","link":"https:\/\/ceoparts.com\/de\/urun\/85x95-97-25-yuk-tekeri\/","title":{"rendered":"85&#215;95\/97-25 Ceoparts Lastrad &#8211; 253072 , 7509449"},"content":{"rendered":"<p>85&#215;95\/97-25 Ceoparts Lastrad &#8211; 253072 , 7509449<\/p>\n<p>BT TOYOTA<\/p>\n<p>BT SWE 120L<\/p>\n<p>BT SWE 140L<\/p>\n<p>LPE220 \/ LPE250 \/ LWE200<\/p>","protected":false},"excerpt":{"rendered":"<p data-start=\"118\" data-end=\"706\"><br data-start=\"1907\" data-end=\"1910\" \/>Das <strong data-start=\"1914\" data-end=\"1948\">85\u00d795\/97-25 Ceoparts Lastenrad<\/strong> ist ein hochwertiges und langlebiges Rad, das f\u00fcr anspruchsvolle Gabelstapler-Lastenoperationen entwickelt wurde. Seine speziell formulierte Gummibeschichtung und der robuste Metallkern bieten maximale Widerstandsf\u00e4higkeit gegen Verschlei\u00df, St\u00f6\u00dfe und raue Bodenbedingungen. Es verbessert das stabile und sichere Fahrverhalten des Gabelstaplers, sorgt f\u00fcr eine lange Lebensdauer und geringe Wartungskosten. Ideal f\u00fcr den Einsatz in Lagerlogistiksystemen, produziert nach Ceoparts-Qualit\u00e4tsstandards.<\/p>\n<p data-start=\"2449\" data-end=\"2813\"><strong data-start=\"2449\" data-end=\"2466\">Eigenschaften<\/strong><br data-start=\"2466\" data-end=\"2469\" \/><strong data-start=\"2469\" data-end=\"2485\">Produktname:<\/strong> 85\u00d795\/97-25 Ceoparts Lastenrad<br data-start=\"2516\" data-end=\"2519\" \/><strong data-start=\"2519\" data-end=\"2535\">Teilenummer:<\/strong> 253072 , 7509449<br data-start=\"2552\" data-end=\"2555\" \/><strong data-start=\"2555\" data-end=\"2568\">Material:<\/strong> Verschlei\u00dffester Spezialgummi und robuste Metalllegierung<br data-start=\"2626\" data-end=\"2629\" \/><strong data-start=\"2629\" data-end=\"2651\">Anwendungsbereich:<\/strong> Lasten- und Stabilisierungsbetrieb f\u00fcr Gabelstapler<br data-start=\"2703\" data-end=\"2706\" \/><strong data-start=\"2706\" data-end=\"2718\">Vorteil:<\/strong> Hohe Verschlei\u00df- und Sto\u00dffestigkeit, lange Lebensdauer, sichere Verwendung, einfache Montage<\/p>\n<p data-start=\"2815\" data-end=\"3314\">\n","protected":false},"featured_media":16016,"template":"","meta":[],"product_brand":[],"product_cat":[251,253,398,400,521,526],"product_tag":[],"class_list":{"0":"post-8397","1":"product","2":"type-product","3":"status-publish","4":"has-post-thumbnail","6":"product_cat-bt","7":"product_cat-catal-tekeri-bt","8":"product_cat-catal-tekeri-ceo","9":"product_cat-catal-tekeri","10":"product_cat-toyota","11":"product_cat-catal-tekeri-toyota","13":"first","14":"instock","15":"taxable","16":"shipping-taxable","17":"purchasable","18":"product-type-simple"},"_links":{"self":[{"href":"https:\/\/ceoparts.com\/de\/wp-json\/wp\/v2\/product\/8397","targetHints":{"allow":["GET"]}}],"collection":[{"href":"https:\/\/ceoparts.com\/de\/wp-json\/wp\/v2\/product"}],"about":[{"href":"https:\/\/ceoparts.com\/de\/wp-json\/wp\/v2\/types\/product"}],"wp:featuredmedia":[{"embeddable":true,"href":"https:\/\/ceoparts.com\/de\/wp-json\/wp\/v2\/media\/16016"}],"wp:attachment":[{"href":"https:\/\/ceoparts.com\/de\/wp-json\/wp\/v2\/media?parent=8397"}],"wp:term":[{"taxonomy":"product_brand","embeddable":true,"href":"https:\/\/ceoparts.com\/de\/wp-json\/wp\/v2\/product_brand?post=8397"},{"taxonomy":"product_cat","embeddable":true,"href":"https:\/\/ceoparts.com\/de\/wp-json\/wp\/v2\/product_cat?post=8397"},{"taxonomy":"product_tag","embeddable":true,"href":"https:\/\/ceoparts.com\/de\/wp-json\/wp\/v2\/product_tag?post=8397"}],"curies":[{"name":"wp","href":"https:\/\/api.w.org\/{rel}","templated":true}]}}