{"id":8398,"date":"2021-02-14T23:14:38","date_gmt":"2021-02-14T20:14:38","guid":{"rendered":"https:\/\/ceoparts.com\/?post_type=product&#038;p=8398"},"modified":"2026-05-16T18:09:50","modified_gmt":"2026-05-16T15:09:50","slug":"85x95-100-17-yuk-tekeri","status":"publish","type":"product","link":"https:\/\/ceoparts.com\/de\/urun\/85x95-100-17-yuk-tekeri\/","title":{"rendered":"85&#215;95\/100-17 Ceoparts Lastrad"},"content":{"rendered":"<p>85&#215;95\/100-17 Ceoparts Lastrad<\/p>","protected":false},"excerpt":{"rendered":"<p data-start=\"101\" data-end=\"568\"><br data-start=\"1587\" data-end=\"1590\" \/>Das <strong data-start=\"1594\" data-end=\"1629\">85\u00d795\/100-17 Ceoparts Lastenrad<\/strong> ist ein hochwertiges und langlebiges Lastenrad, das speziell f\u00fcr den Einsatz in Gabelstapler-Ladesystemen entwickelt wurde. Mit seiner verschlei\u00dffesten Gummibeschichtung und einem robusten Metallkern bietet es eine zuverl\u00e4ssige und langanhaltende Leistung unter anspruchsvollen Arbeitsbedingungen. Es unterst\u00fctzt ein stabiles Fahrverhalten des Staplers und verbessert die Sicherheit und Effizienz beim Lastenhandling. Mit Ceoparts-Qualit\u00e4t garantiert es einfache Montage und geringen Wartungsaufwand.<\/p>\n<p data-start=\"2132\" data-end=\"2437\"><strong data-start=\"2132\" data-end=\"2149\">Eigenschaften<\/strong><br data-start=\"2149\" data-end=\"2152\" \/><strong data-start=\"2152\" data-end=\"2168\">Produktname:<\/strong> 85\u00d795\/100-17 Ceoparts Lastenrad<br data-start=\"2200\" data-end=\"2203\" \/><strong data-start=\"2203\" data-end=\"2216\">Material:<\/strong> Verschlei\u00dffester Gummi und robuste Metalllegierung<br data-start=\"2267\" data-end=\"2270\" \/><strong data-start=\"2270\" data-end=\"2292\">Anwendungsbereich:<\/strong> Gabelstapler-Lade- und Stabilisierungsanlagen<br data-start=\"2338\" data-end=\"2341\" \/><strong data-start=\"2341\" data-end=\"2353\">Vorteil:<\/strong> Hohe Verschlei\u00dffestigkeit, lange Lebensdauer, sichere Anwendung, einfache Montage<\/p>\n<p data-start=\"2439\" data-end=\"2917\">\n","protected":false},"featured_media":16004,"template":"","meta":[],"product_brand":[],"product_cat":[398,400],"product_tag":[],"class_list":{"0":"post-8398","1":"product","2":"type-product","3":"status-publish","4":"has-post-thumbnail","6":"product_cat-catal-tekeri-ceo","7":"product_cat-catal-tekeri","9":"first","10":"instock","11":"taxable","12":"shipping-taxable","13":"purchasable","14":"product-type-simple"},"_links":{"self":[{"href":"https:\/\/ceoparts.com\/de\/wp-json\/wp\/v2\/product\/8398","targetHints":{"allow":["GET"]}}],"collection":[{"href":"https:\/\/ceoparts.com\/de\/wp-json\/wp\/v2\/product"}],"about":[{"href":"https:\/\/ceoparts.com\/de\/wp-json\/wp\/v2\/types\/product"}],"wp:featuredmedia":[{"embeddable":true,"href":"https:\/\/ceoparts.com\/de\/wp-json\/wp\/v2\/media\/16004"}],"wp:attachment":[{"href":"https:\/\/ceoparts.com\/de\/wp-json\/wp\/v2\/media?parent=8398"}],"wp:term":[{"taxonomy":"product_brand","embeddable":true,"href":"https:\/\/ceoparts.com\/de\/wp-json\/wp\/v2\/product_brand?post=8398"},{"taxonomy":"product_cat","embeddable":true,"href":"https:\/\/ceoparts.com\/de\/wp-json\/wp\/v2\/product_cat?post=8398"},{"taxonomy":"product_tag","embeddable":true,"href":"https:\/\/ceoparts.com\/de\/wp-json\/wp\/v2\/product_tag?post=8398"}],"curies":[{"name":"wp","href":"https:\/\/api.w.org\/{rel}","templated":true}]}}