{"id":8402,"date":"2021-02-14T23:20:53","date_gmt":"2021-02-14T20:20:53","guid":{"rendered":"https:\/\/ceoparts.com\/?post_type=product&#038;p=8402"},"modified":"2026-05-16T14:06:41","modified_gmt":"2026-05-16T11:06:41","slug":"85x100-105-12-yuk-tekeri","status":"publish","type":"product","link":"https:\/\/ceoparts.com\/de\/urun\/85x100-105-12-yuk-tekeri\/","title":{"rendered":"85&#215;100\/105-12 Ceoparts Lastrad"},"content":{"rendered":"<p>85&#215;100\/105-12 Ceoparts Lastrad<\/p>","protected":false},"excerpt":{"rendered":"<p data-start=\"97\" data-end=\"519\"><br data-start=\"1439\" data-end=\"1442\" \/>Das <strong data-start=\"1446\" data-end=\"1482\">85\u00d7100\/105-12 Ceoparts Lastenrad<\/strong> ist ein langlebiges und hochwertiges Lastenrad, das entwickelt wurde, um die Tragf\u00e4higkeit von Gabelstaplern zu verbessern. Hergestellt aus verschlei\u00dffestem Gummi und robustem Metalllegierung, gew\u00e4hrleistet es eine lange Lebensdauer unter harten Arbeitsbedingungen. Dieses Rad unterst\u00fctzt eine stabile und sichere Bewegung des Gabelstaplers. Mit Ceoparts-Qualit\u00e4t bietet es einfache Montage und maximale Effizienz.<\/p>\n<p data-start=\"1899\" data-end=\"2190\"><strong data-start=\"1899\" data-end=\"1916\">Eigenschaften<\/strong><br data-start=\"1916\" data-end=\"1919\" \/><strong data-start=\"1919\" data-end=\"1935\">Produktname:<\/strong> 85\u00d7100\/105-12 Ceoparts Lastenrad<br data-start=\"1968\" data-end=\"1971\" \/><strong data-start=\"1971\" data-end=\"1984\">Material:<\/strong> Hochfester Gummi und Metalllegierung<br data-start=\"2021\" data-end=\"2024\" \/><strong data-start=\"2024\" data-end=\"2046\">Anwendungsbereich:<\/strong> Tragf\u00e4higkeitssystem f\u00fcr Gabelstapler<br data-start=\"2084\" data-end=\"2087\" \/><strong data-start=\"2087\" data-end=\"2099\">Vorteil:<\/strong> Hohe Verschlei\u00dffestigkeit, langlebige Konstruktion, einfache Montage, sichere Verwendung<\/p>\n<p data-start=\"2192\" data-end=\"2626\">\n","protected":false},"featured_media":15564,"template":"","meta":[],"product_brand":[],"product_cat":[398,400],"product_tag":[],"class_list":{"0":"post-8402","1":"product","2":"type-product","3":"status-publish","4":"has-post-thumbnail","6":"product_cat-catal-tekeri-ceo","7":"product_cat-catal-tekeri","9":"first","10":"instock","11":"taxable","12":"shipping-taxable","13":"purchasable","14":"product-type-simple"},"_links":{"self":[{"href":"https:\/\/ceoparts.com\/de\/wp-json\/wp\/v2\/product\/8402","targetHints":{"allow":["GET"]}}],"collection":[{"href":"https:\/\/ceoparts.com\/de\/wp-json\/wp\/v2\/product"}],"about":[{"href":"https:\/\/ceoparts.com\/de\/wp-json\/wp\/v2\/types\/product"}],"wp:featuredmedia":[{"embeddable":true,"href":"https:\/\/ceoparts.com\/de\/wp-json\/wp\/v2\/media\/15564"}],"wp:attachment":[{"href":"https:\/\/ceoparts.com\/de\/wp-json\/wp\/v2\/media?parent=8402"}],"wp:term":[{"taxonomy":"product_brand","embeddable":true,"href":"https:\/\/ceoparts.com\/de\/wp-json\/wp\/v2\/product_brand?post=8402"},{"taxonomy":"product_cat","embeddable":true,"href":"https:\/\/ceoparts.com\/de\/wp-json\/wp\/v2\/product_cat?post=8402"},{"taxonomy":"product_tag","embeddable":true,"href":"https:\/\/ceoparts.com\/de\/wp-json\/wp\/v2\/product_tag?post=8402"}],"curies":[{"name":"wp","href":"https:\/\/api.w.org\/{rel}","templated":true}]}}