{"id":8403,"date":"2021-02-14T23:22:07","date_gmt":"2021-02-14T20:22:07","guid":{"rendered":"https:\/\/ceoparts.com\/?post_type=product&#038;p=8403"},"modified":"2026-05-16T11:49:05","modified_gmt":"2026-05-16T08:49:05","slug":"85x100-105-17-yuk-tekeri","status":"publish","type":"product","link":"https:\/\/ceoparts.com\/de\/urun\/85x100-105-17-yuk-tekeri\/","title":{"rendered":"85&#215;100\/105-17 Ceoparts Lastrad"},"content":{"rendered":"<p>85&#215;100\/105-17 Ceoparts Lastrad<\/p>","protected":false},"excerpt":{"rendered":"<p data-start=\"97\" data-end=\"571\"><br data-start=\"1508\" data-end=\"1511\" \/>Das <strong data-start=\"1515\" data-end=\"1551\">85\u00d7100\/105-17 Ceoparts Lastenrad<\/strong> ist ein langlebiges, hochwertiges Rad, das entwickelt wurde, um die Tragf\u00e4higkeit von Gabelstaplern zu erh\u00f6hen. Hergestellt aus verschlei\u00dffestem Gummi und robustem Metalllegierung, bietet es eine lange Lebensdauer unter schwierigen Arbeitsbedingungen. Dieses Rad verbessert die Stabilit\u00e4t und Man\u00f6vrierf\u00e4higkeit des Gabelstaplers und sorgt f\u00fcr sichere Lastenhandhabung. Mit Ceoparts-Qualit\u00e4t bietet es einfache Montage und langlebige Nutzung.<\/p>\n<p data-start=\"1996\" data-end=\"2287\"><strong data-start=\"1996\" data-end=\"2013\">Eigenschaften<\/strong><br data-start=\"2013\" data-end=\"2016\" \/><strong data-start=\"2016\" data-end=\"2032\">Produktname:<\/strong> 85\u00d7100\/105-17 Ceoparts Lastenrad<br data-start=\"2065\" data-end=\"2068\" \/><strong data-start=\"2068\" data-end=\"2081\">Material:<\/strong> Hochfester Gummi und Metalllegierung<br data-start=\"2118\" data-end=\"2121\" \/><strong data-start=\"2121\" data-end=\"2143\">Anwendungsbereich:<\/strong> Tragf\u00e4higkeitssystem f\u00fcr Gabelstapler<br data-start=\"2181\" data-end=\"2184\" \/><strong data-start=\"2184\" data-end=\"2196\">Vorteil:<\/strong> Hohe Verschlei\u00dffestigkeit, langlebige Konstruktion, einfache Montage, sichere Verwendung<\/p>\n<p data-start=\"2289\" data-end=\"2740\">\n","protected":false},"featured_media":15567,"template":"","meta":[],"product_brand":[],"product_cat":[398,400],"product_tag":[],"class_list":{"0":"post-8403","1":"product","2":"type-product","3":"status-publish","4":"has-post-thumbnail","6":"product_cat-catal-tekeri-ceo","7":"product_cat-catal-tekeri","9":"first","10":"instock","11":"taxable","12":"shipping-taxable","13":"purchasable","14":"product-type-simple"},"_links":{"self":[{"href":"https:\/\/ceoparts.com\/de\/wp-json\/wp\/v2\/product\/8403","targetHints":{"allow":["GET"]}}],"collection":[{"href":"https:\/\/ceoparts.com\/de\/wp-json\/wp\/v2\/product"}],"about":[{"href":"https:\/\/ceoparts.com\/de\/wp-json\/wp\/v2\/types\/product"}],"wp:featuredmedia":[{"embeddable":true,"href":"https:\/\/ceoparts.com\/de\/wp-json\/wp\/v2\/media\/15567"}],"wp:attachment":[{"href":"https:\/\/ceoparts.com\/de\/wp-json\/wp\/v2\/media?parent=8403"}],"wp:term":[{"taxonomy":"product_brand","embeddable":true,"href":"https:\/\/ceoparts.com\/de\/wp-json\/wp\/v2\/product_brand?post=8403"},{"taxonomy":"product_cat","embeddable":true,"href":"https:\/\/ceoparts.com\/de\/wp-json\/wp\/v2\/product_cat?post=8403"},{"taxonomy":"product_tag","embeddable":true,"href":"https:\/\/ceoparts.com\/de\/wp-json\/wp\/v2\/product_tag?post=8403"}],"curies":[{"name":"wp","href":"https:\/\/api.w.org\/{rel}","templated":true}]}}