{"id":8404,"date":"2021-02-14T23:23:10","date_gmt":"2021-02-14T20:23:10","guid":{"rendered":"https:\/\/ceoparts.com\/?post_type=product&#038;p=8404"},"modified":"2026-05-16T15:26:33","modified_gmt":"2026-05-16T12:26:33","slug":"85x100-105-20-yuk-tekeri","status":"publish","type":"product","link":"https:\/\/ceoparts.com\/de\/urun\/85x100-105-20-yuk-tekeri\/","title":{"rendered":"85&#215;100\/105-20 Ceoparts Lastrad &#8211; 50452737"},"content":{"rendered":"<p>85&#215;100\/105-20 Ceoparts Lastrad &#8211; 50452737<\/p>\n<p>85&#215;100\/105-20 Ceoparts Lastrad<\/p>","protected":false},"excerpt":{"rendered":"<p data-start=\"108\" data-end=\"535\"><br data-start=\"1485\" data-end=\"1488\" \/>Das <strong data-start=\"1492\" data-end=\"1528\">85\u00d7100\/105-20 Ceoparts Lastenrad<\/strong> ist ein langlebiges und hochwertiges Lastenrad, das speziell entwickelt wurde, um die Tragf\u00e4higkeit von Gabelstaplern zu erh\u00f6hen. Hergestellt aus verschlei\u00dffestem Gummi und robustem Metalllegierung, verbessert dieses Rad die Stabilit\u00e4t und Man\u00f6vrierf\u00e4higkeit des Gabelstaplers und sorgt f\u00fcr eine sichere und effiziente Lastenhandhabung. Mit Ceoparts-Qualit\u00e4t bietet es einfache Montage und lange Lebensdauer.<\/p>\n<p data-start=\"1939\" data-end=\"2259\"><strong data-start=\"1939\" data-end=\"1956\">Eigenschaften<\/strong><br data-start=\"1956\" data-end=\"1959\" \/><strong data-start=\"1959\" data-end=\"1975\">Produktname:<\/strong> 85\u00d7100\/105-20 Ceoparts Lastenrad<br data-start=\"2008\" data-end=\"2011\" \/><strong data-start=\"2011\" data-end=\"2027\">Teilenummer:<\/strong> 50452737<br data-start=\"2036\" data-end=\"2039\" \/><strong data-start=\"2039\" data-end=\"2052\">Material:<\/strong> Langlebiger Gummi und Metalllegierung<br data-start=\"2090\" data-end=\"2093\" \/><strong data-start=\"2093\" data-end=\"2115\">Anwendungsbereich:<\/strong> Tragf\u00e4higkeitssystem f\u00fcr Gabelstapler<br data-start=\"2153\" data-end=\"2156\" \/><strong data-start=\"2156\" data-end=\"2168\">Vorteil:<\/strong> Hohe Verschlei\u00dffestigkeit, langlebige Konstruktion, einfache Montage, sichere Verwendung<\/p>\n<p data-start=\"2261\" data-end=\"2679\">\n","protected":false},"featured_media":15570,"template":"","meta":[],"product_brand":[],"product_cat":[400,398],"product_tag":[],"class_list":{"0":"post-8404","1":"product","2":"type-product","3":"status-publish","4":"has-post-thumbnail","6":"product_cat-catal-tekeri","7":"product_cat-catal-tekeri-ceo","9":"first","10":"instock","11":"taxable","12":"shipping-taxable","13":"purchasable","14":"product-type-simple"},"_links":{"self":[{"href":"https:\/\/ceoparts.com\/de\/wp-json\/wp\/v2\/product\/8404","targetHints":{"allow":["GET"]}}],"collection":[{"href":"https:\/\/ceoparts.com\/de\/wp-json\/wp\/v2\/product"}],"about":[{"href":"https:\/\/ceoparts.com\/de\/wp-json\/wp\/v2\/types\/product"}],"wp:featuredmedia":[{"embeddable":true,"href":"https:\/\/ceoparts.com\/de\/wp-json\/wp\/v2\/media\/15570"}],"wp:attachment":[{"href":"https:\/\/ceoparts.com\/de\/wp-json\/wp\/v2\/media?parent=8404"}],"wp:term":[{"taxonomy":"product_brand","embeddable":true,"href":"https:\/\/ceoparts.com\/de\/wp-json\/wp\/v2\/product_brand?post=8404"},{"taxonomy":"product_cat","embeddable":true,"href":"https:\/\/ceoparts.com\/de\/wp-json\/wp\/v2\/product_cat?post=8404"},{"taxonomy":"product_tag","embeddable":true,"href":"https:\/\/ceoparts.com\/de\/wp-json\/wp\/v2\/product_tag?post=8404"}],"curies":[{"name":"wp","href":"https:\/\/api.w.org\/{rel}","templated":true}]}}