{"id":8405,"date":"2021-02-14T23:24:14","date_gmt":"2021-02-14T20:24:14","guid":{"rendered":"https:\/\/ceoparts.com\/?post_type=product&#038;p=8405"},"modified":"2026-05-16T16:33:10","modified_gmt":"2026-05-16T13:33:10","slug":"85x100-105-25-yuk-tekeri","status":"publish","type":"product","link":"https:\/\/ceoparts.com\/de\/urun\/85x100-105-25-yuk-tekeri\/","title":{"rendered":"85&#215;100\/105-25 Ceoparts Lastrad &#8211; 27631330 , 51064610"},"content":{"rendered":"<p>85&#215;100\/105-25 Ceoparts Lastrad &#8211; 27631330 , 51064610<\/p>\n<p>Jungheinrich 85&#215;100\/105-25<\/p>\n<p>27631330 50410186, 51064610<\/p>\n<p>EJC 12 &#8211; 5.94 &#8211; 6.94<br \/>\nEJC 12-16 &#8211; 7.96 &#8211; 4.98<br \/>\nEJC 12,5\/15 &#8211; 10,84 &#8211; 4,87<br \/>\nEJC 15 &#8211; 5.87 &#8211; 9.88<br \/>\nEJC 16 &#8211; 11.92 &#8211; 7.93<br \/>\nEJC 220 &#8211; 8.06 &#8211;<br \/>\nEJC-Z 12.5 &#8211; 10.88 &#8211; 12.92<br \/>\nEJC c 12,5\/16 &#8211; 2.85 &#8211; 5.87<br \/>\nEJC c 12,5\/16 &#8211; 2,88 &#8211; 9,88<br \/>\nEJC c 12.5\/16 &#8211; 6.87 &#8211; 1.88<\/p>\n<p>EJG 06-10 &#8211; 12.04 &#8211;<br \/>\nEJG 06-10 (PR) &#8211; 1.98 &#8211; 4.05<\/p>\n<p>EKC 12,5 &#8211; 6,86 &#8211; 12,90<br \/>\nEKC 12,5 \/ 16 &#8211; 1.00 &#8211; 4.04<br \/>\nEKC 12,5 \/ 16 &#8211; 2,95 &#8211; 12,99<br \/>\nEKC 20 &#8211; 5.04 &#8211; 12.04<\/p>\n<p>EKE 20 48V &#8211; 8,94 &#8211; 10,97<\/p>\n<p>ERC 12,5 &#8211; 4,87 &#8211; 6,88<br \/>\nERC 12,5 &#8211; 6,84 &#8211; 7,85<br \/>\nERC 12,5 &#8211; 8,85 &#8211; 3,87<\/p>\n<p>&nbsp;<\/p>","protected":false},"excerpt":{"rendered":"<p data-start=\"118\" data-end=\"580\"><br data-start=\"1617\" data-end=\"1620\" \/>Das <strong data-start=\"1624\" data-end=\"1660\">85\u00d7100\/105-25 Ceoparts Lastenrad<\/strong> ist ein langlebiges, hochwertiges Lastenrad, das entwickelt wurde, um die Tragf\u00e4higkeit von Gabelstaplern zu erh\u00f6hen und die Betriebsleistung zu optimieren. Hergestellt aus speziellem Gummi und Metalllegierung mit hervorragender Verschlei\u00dffestigkeit, bietet es eine lange Lebensdauer unter harten Arbeitsbedingungen. Dieses Lastenrad unterst\u00fctzt eine stabile und sichere Bewegung des Gabelstaplers. Mit Ceoparts-Qualit\u00e4t gew\u00e4hrleistet es einfache Montage und maximale Effizienz.<\/p>\n<p data-start=\"2141\" data-end=\"2457\"><strong data-start=\"2141\" data-end=\"2158\">Eigenschaften<\/strong><br data-start=\"2158\" data-end=\"2161\" \/><strong data-start=\"2161\" data-end=\"2177\">Produktname:<\/strong> 85\u00d7100\/105-25 Ceoparts Lastenrad<br data-start=\"2210\" data-end=\"2213\" \/><strong data-start=\"2213\" data-end=\"2230\">Teilenummern:<\/strong> 27631330, 51064610<br data-start=\"2249\" data-end=\"2252\" \/><strong data-start=\"2252\" data-end=\"2265\">Material:<\/strong> Hochfester Gummi und Metalllegierung<br data-start=\"2302\" data-end=\"2305\" \/><strong data-start=\"2305\" data-end=\"2327\">Anwendungsbereich:<\/strong> Tragf\u00e4higkeitssystem f\u00fcr Gabelstapler<br data-start=\"2365\" data-end=\"2368\" \/><strong data-start=\"2368\" data-end=\"2380\">Vorteil:<\/strong> Hohe Verschlei\u00dffestigkeit, langlebig, einfache Montage, sichere Verwendung<\/p>\n<p data-start=\"2459\" data-end=\"2951\">\n","protected":false},"featured_media":15576,"template":"","meta":[],"product_brand":[],"product_cat":[236,238,398,400],"product_tag":[],"class_list":{"0":"post-8405","1":"product","2":"type-product","3":"status-publish","4":"has-post-thumbnail","6":"product_cat-jungheinrich","7":"product_cat-catal-tekeri-jungheinrich","8":"product_cat-catal-tekeri-ceo","9":"product_cat-catal-tekeri","11":"first","12":"instock","13":"taxable","14":"shipping-taxable","15":"purchasable","16":"product-type-simple"},"_links":{"self":[{"href":"https:\/\/ceoparts.com\/de\/wp-json\/wp\/v2\/product\/8405","targetHints":{"allow":["GET"]}}],"collection":[{"href":"https:\/\/ceoparts.com\/de\/wp-json\/wp\/v2\/product"}],"about":[{"href":"https:\/\/ceoparts.com\/de\/wp-json\/wp\/v2\/types\/product"}],"wp:featuredmedia":[{"embeddable":true,"href":"https:\/\/ceoparts.com\/de\/wp-json\/wp\/v2\/media\/15576"}],"wp:attachment":[{"href":"https:\/\/ceoparts.com\/de\/wp-json\/wp\/v2\/media?parent=8405"}],"wp:term":[{"taxonomy":"product_brand","embeddable":true,"href":"https:\/\/ceoparts.com\/de\/wp-json\/wp\/v2\/product_brand?post=8405"},{"taxonomy":"product_cat","embeddable":true,"href":"https:\/\/ceoparts.com\/de\/wp-json\/wp\/v2\/product_cat?post=8405"},{"taxonomy":"product_tag","embeddable":true,"href":"https:\/\/ceoparts.com\/de\/wp-json\/wp\/v2\/product_tag?post=8405"}],"curies":[{"name":"wp","href":"https:\/\/api.w.org\/{rel}","templated":true}]}}