{"id":8407,"date":"2021-02-14T23:27:50","date_gmt":"2021-02-14T20:27:50","guid":{"rendered":"https:\/\/ceoparts.com\/?post_type=product&#038;p=8407"},"modified":"2026-05-16T17:28:15","modified_gmt":"2026-05-16T14:28:15","slug":"85x105-110-20-yuk-tekeri","status":"publish","type":"product","link":"https:\/\/ceoparts.com\/de\/urun\/85x105-110-20-yuk-tekeri\/","title":{"rendered":"85&#215;105\/110-20 Ceoparts Lastrad Linde 0009903532 , 0039933604"},"content":{"rendered":"<p>85&#215;105\/110-20 Ceoparts Lastrad Linde 0009903532 , 0039933604<\/p>\n<p>Linde 0009903532 85&#215;105\/110-20<\/p>\n<table border=\"0\" width=\"209\" cellspacing=\"0\" cellpadding=\"0\">\n<colgroup>\n<col width=\"64\" \/>\n<col width=\"145\" \/><\/colgroup>\n<tbody>\n<tr>\n<td width=\"64\" height=\"19\"><span style=\"font-family: Calibri;\">1151<\/span><\/td>\n<td width=\"145\"><span style=\"font-family: Calibri;\">T16\/T16P\/T20\/T20P<\/span><\/td>\n<\/tr>\n<tr>\n<td height=\"19\"><span style=\"font-family: Calibri;\">1152<\/span><\/td>\n<td><span style=\"font-family: Calibri;\">T16\/T18\/T20\/T16L<\/span><\/td>\n<\/tr>\n<tr>\n<td height=\"19\"><span style=\"font-family: Calibri;\">131<\/span><\/td>\n<td><span style=\"font-family: Calibri;\">T20AP\/T20SP<\/span><\/td>\n<\/tr>\n<tr>\n<td height=\"19\"><span style=\"font-family: Calibri;\">132<\/span><\/td>\n<td><span style=\"font-family: Calibri;\">N20\/N24\/N20L\/N20LI<\/span><\/td>\n<\/tr>\n<tr>\n<td height=\"19\"><span style=\"font-family: Calibri;\">140<\/span><\/td>\n<td><span style=\"font-family: Calibri;\">T20R<\/span><\/td>\n<\/tr>\n<tr>\n<td height=\"19\"><span style=\"font-family: Calibri;\">140<\/span><\/td>\n<td><span style=\"font-family: Calibri;\">T20R<\/span><\/td>\n<\/tr>\n<tr>\n<td height=\"19\"><span style=\"font-family: Calibri;\">141<\/span><\/td>\n<td><span style=\"font-family: Calibri;\">T20AP<\/span><\/td>\n<\/tr>\n<tr>\n<td height=\"19\"><span style=\"font-family: Calibri;\">141<\/span><\/td>\n<td><span style=\"font-family: Calibri;\">T20AP<\/span><\/td>\n<\/tr>\n<tr>\n<td height=\"19\"><span style=\"font-family: Calibri;\">141<\/span><\/td>\n<td><span style=\"font-family: Calibri;\">T20\/30<\/span><\/td>\n<\/tr>\n<tr>\n<td height=\"19\"><span style=\"font-family: Calibri;\">141<\/span><\/td>\n<td><span style=\"font-family: Calibri;\">T20\/30<\/span><\/td>\n<\/tr>\n<tr>\n<td height=\"19\"><span style=\"font-family: Calibri;\">144<\/span><\/td>\n<td><span style=\"font-family: Calibri;\">T20S\/T20SF<\/span><\/td>\n<\/tr>\n<tr>\n<td height=\"19\"><span style=\"font-family: Calibri;\">144<\/span><\/td>\n<td><span style=\"font-family: Calibri;\">T20S\/T20SF<\/span><\/td>\n<\/tr>\n<tr>\n<td height=\"19\"><span style=\"font-family: Calibri;\">149<\/span><\/td>\n<td><span style=\"font-family: Calibri;\">N20\/N25\/N20L\/LI\/LX<\/span><\/td>\n<\/tr>\n<tr>\n<td height=\"19\"><span style=\"font-family: Calibri;\">149<\/span><\/td>\n<td><span style=\"font-family: Calibri;\">N20\/N25\/N20L\/LI\/LX<\/span><\/td>\n<\/tr>\n<tr>\n<td height=\"19\"><span style=\"font-family: Calibri;\">360<\/span><\/td>\n<td><span style=\"font-family: Calibri;\">T16\/T18\/T20\/T16L<\/span><\/td>\n<\/tr>\n<tr>\n<td height=\"19\"><span style=\"font-family: Calibri;\">360<\/span><\/td>\n<td><span style=\"font-family: Calibri;\">T16\/T18\/T20\/T16L<\/span><\/td>\n<\/tr>\n<\/tbody>\n<\/table>","protected":false},"excerpt":{"rendered":"<p data-start=\"128\" data-end=\"540\"><br data-start=\"1602\" data-end=\"1605\" \/>Das <strong data-start=\"1609\" data-end=\"1655\">85\u00d7105\/110-20 Ceoparts Lastenrad f\u00fcr Linde<\/strong> ist ein spezielles Lastenrad, das hohe Leistung und Haltbarkeit f\u00fcr Gabelstapler bietet. Speziell f\u00fcr Linde-Gabelstapler entwickelt, wird dieses Rad aus hochwertigen Materialien hergestellt, die eine ausgezeichnete Verschlei\u00dffestigkeit bieten. Es verbessert die Stabilit\u00e4t Ihres Gabelstaplers und sorgt f\u00fcr sichere Lastenhandhabung. Mit der Garantie von Ceoparts bietet es einfache Montage und lange Lebensdauer.<\/p>\n<p data-start=\"2070\" data-end=\"2420\"><strong data-start=\"2070\" data-end=\"2087\">Eigenschaften<\/strong><br data-start=\"2087\" data-end=\"2090\" \/><strong data-start=\"2090\" data-end=\"2106\">Produktname:<\/strong> 85\u00d7105\/110-20 Ceoparts Lastenrad f\u00fcr Linde<br data-start=\"2149\" data-end=\"2152\" \/><strong data-start=\"2152\" data-end=\"2169\">Teilenummern:<\/strong> 0009903532, 0039933604<br data-start=\"2192\" data-end=\"2195\" \/><strong data-start=\"2195\" data-end=\"2208\">Material:<\/strong> Hochfester Gummi und Metalllegierung<br data-start=\"2245\" data-end=\"2248\" \/><strong data-start=\"2248\" data-end=\"2270\">Anwendungsbereich:<\/strong> Tragf\u00e4higkeitssystem f\u00fcr Linde-Gabelstapler<br data-start=\"2314\" data-end=\"2317\" \/><strong data-start=\"2317\" data-end=\"2329\">Vorteil:<\/strong> Hohe Verschlei\u00dffestigkeit, langlebige Konstruktion, einfache Montage, sichere Verwendung<\/p>\n<p data-start=\"2422\" data-end=\"2885\">\n","protected":false},"featured_media":15582,"template":"","meta":[],"product_brand":[],"product_cat":[246,248,398,400],"product_tag":[],"class_list":{"0":"post-8407","1":"product","2":"type-product","3":"status-publish","4":"has-post-thumbnail","6":"product_cat-linde","7":"product_cat-catal-tekeri-linde","8":"product_cat-catal-tekeri-ceo","9":"product_cat-catal-tekeri","11":"first","12":"instock","13":"taxable","14":"shipping-taxable","15":"purchasable","16":"product-type-simple"},"_links":{"self":[{"href":"https:\/\/ceoparts.com\/de\/wp-json\/wp\/v2\/product\/8407","targetHints":{"allow":["GET"]}}],"collection":[{"href":"https:\/\/ceoparts.com\/de\/wp-json\/wp\/v2\/product"}],"about":[{"href":"https:\/\/ceoparts.com\/de\/wp-json\/wp\/v2\/types\/product"}],"wp:featuredmedia":[{"embeddable":true,"href":"https:\/\/ceoparts.com\/de\/wp-json\/wp\/v2\/media\/15582"}],"wp:attachment":[{"href":"https:\/\/ceoparts.com\/de\/wp-json\/wp\/v2\/media?parent=8407"}],"wp:term":[{"taxonomy":"product_brand","embeddable":true,"href":"https:\/\/ceoparts.com\/de\/wp-json\/wp\/v2\/product_brand?post=8407"},{"taxonomy":"product_cat","embeddable":true,"href":"https:\/\/ceoparts.com\/de\/wp-json\/wp\/v2\/product_cat?post=8407"},{"taxonomy":"product_tag","embeddable":true,"href":"https:\/\/ceoparts.com\/de\/wp-json\/wp\/v2\/product_tag?post=8407"}],"curies":[{"name":"wp","href":"https:\/\/api.w.org\/{rel}","templated":true}]}}