{"id":8408,"date":"2021-02-14T23:28:52","date_gmt":"2021-02-14T20:28:52","guid":{"rendered":"https:\/\/ceoparts.com\/?post_type=product&#038;p=8408"},"modified":"2026-05-16T17:15:19","modified_gmt":"2026-05-16T14:15:19","slug":"85x105-110-25-yuk-tekeri","status":"publish","type":"product","link":"https:\/\/ceoparts.com\/de\/urun\/85x105-110-25-yuk-tekeri\/","title":{"rendered":"85&#215;105\/110-25 Ceoparts Lastrad &#8211; 0009903555 , 51064610"},"content":{"rendered":"<p>85&#215;105\/110-25 Ceoparts Lastrad &#8211; 0009903555 , 51064610<\/p>","protected":false},"excerpt":{"rendered":"<p data-start=\"120\" data-end=\"582\"><br data-start=\"1613\" data-end=\"1616\" \/>Das <strong data-start=\"1620\" data-end=\"1656\">85\u00d7105\/110-25 Ceoparts Lastenrad<\/strong> ist ein langlebiges und hochwertiges Rad, das die Tragf\u00e4higkeit von Gabelstaplern verbessert. Es wird aus verschlei\u00dffesten Materialien hergestellt und ist widerstandsf\u00e4hig gegen harte Arbeitsbedingungen. Dieses Rad erh\u00f6ht die Stabilit\u00e4t und Mobilit\u00e4t Ihres Gabelstaplers und erm\u00f6glicht eine sichere und effiziente Lastenhandhabung. Mit der Garantie von Ceoparts bietet es einfache Montage und lange Lebensdauer.<\/p>\n<p data-start=\"2070\" data-end=\"2402\"><strong data-start=\"2070\" data-end=\"2087\">Eigenschaften<\/strong><br data-start=\"2087\" data-end=\"2090\" \/><strong data-start=\"2090\" data-end=\"2106\">Produktname:<\/strong> 85\u00d7105\/110-25 Ceoparts Lastenrad<br data-start=\"2139\" data-end=\"2142\" \/><strong data-start=\"2142\" data-end=\"2159\">Teilenummern:<\/strong> 0009903555, 51064610<br data-start=\"2180\" data-end=\"2183\" \/><strong data-start=\"2183\" data-end=\"2196\">Material:<\/strong> Hochfester Gummi und Metalllegierung<br data-start=\"2233\" data-end=\"2236\" \/><strong data-start=\"2236\" data-end=\"2258\">Anwendungsbereich:<\/strong> Tragf\u00e4higkeitssystem f\u00fcr Gabelstapler<br data-start=\"2296\" data-end=\"2299\" \/><strong data-start=\"2299\" data-end=\"2311\">Vorteil:<\/strong> Hohe Verschlei\u00dffestigkeit, langlebige Konstruktion, einfache Montage, sichere Verwendung<\/p>\n<p data-start=\"2404\" data-end=\"2811\">\n","protected":false},"featured_media":15920,"template":"","meta":[],"product_brand":[],"product_cat":[398,400],"product_tag":[],"class_list":{"0":"post-8408","1":"product","2":"type-product","3":"status-publish","4":"has-post-thumbnail","6":"product_cat-catal-tekeri-ceo","7":"product_cat-catal-tekeri","9":"first","10":"instock","11":"taxable","12":"shipping-taxable","13":"purchasable","14":"product-type-simple"},"_links":{"self":[{"href":"https:\/\/ceoparts.com\/de\/wp-json\/wp\/v2\/product\/8408","targetHints":{"allow":["GET"]}}],"collection":[{"href":"https:\/\/ceoparts.com\/de\/wp-json\/wp\/v2\/product"}],"about":[{"href":"https:\/\/ceoparts.com\/de\/wp-json\/wp\/v2\/types\/product"}],"wp:featuredmedia":[{"embeddable":true,"href":"https:\/\/ceoparts.com\/de\/wp-json\/wp\/v2\/media\/15920"}],"wp:attachment":[{"href":"https:\/\/ceoparts.com\/de\/wp-json\/wp\/v2\/media?parent=8408"}],"wp:term":[{"taxonomy":"product_brand","embeddable":true,"href":"https:\/\/ceoparts.com\/de\/wp-json\/wp\/v2\/product_brand?post=8408"},{"taxonomy":"product_cat","embeddable":true,"href":"https:\/\/ceoparts.com\/de\/wp-json\/wp\/v2\/product_cat?post=8408"},{"taxonomy":"product_tag","embeddable":true,"href":"https:\/\/ceoparts.com\/de\/wp-json\/wp\/v2\/product_tag?post=8408"}],"curies":[{"name":"wp","href":"https:\/\/api.w.org\/{rel}","templated":true}]}}