{"id":8410,"date":"2021-02-14T23:32:47","date_gmt":"2021-02-14T20:32:47","guid":{"rendered":"https:\/\/ceoparts.com\/?post_type=product&#038;p=8410"},"modified":"2026-05-16T17:28:51","modified_gmt":"2026-05-16T14:28:51","slug":"85x110-115-17-yuk-tekeri","status":"publish","type":"product","link":"https:\/\/ceoparts.com\/de\/urun\/85x110-115-17-yuk-tekeri\/","title":{"rendered":"85&#215;110\/115-17 Ceoparts Lastrad &#8211; 4081700 , 4081636, 582032968"},"content":{"rendered":"<p>85&#215;110\/115-17 Ceoparts Lastrad &#8211; 4081700 , 4081636, 582032968<\/p>\n<p>Hyster 4081700 P 1,6 A418<\/p>\n<p>Yale 582032968 MP16<\/p>","protected":false},"excerpt":{"rendered":"<p data-start=\"127\" data-end=\"588\"><br data-start=\"1718\" data-end=\"1721\" \/>Das <strong data-start=\"1725\" data-end=\"1791\">85\u00d7110\/115-17 Ceoparts Lastrolle \u2013 4081700, 4081636, 582032968<\/strong> ist speziell f\u00fcr Gabelstapler und Baumaschinen hergestellt und bietet hohe Tragf\u00e4higkeit und Haltbarkeit. Die Kombination aus hochwertigem Gummi und robustem Metallk\u00f6rper sorgt f\u00fcr eine lange Lebensdauer unter rauen Bedingungen. Es erh\u00f6ht die Maschineneffizienz durch hohe Tragf\u00e4higkeit und reduziert Vibrationen zur Unterst\u00fctzung des Bedienkomforts. Einfach zu warten und verbessert die Arbeitssicherheit.<\/p>\n<p data-start=\"2200\" data-end=\"2559\"><strong data-start=\"2200\" data-end=\"2217\">Eigenschaften<\/strong><br data-start=\"2217\" data-end=\"2220\" \/><strong data-start=\"2220\" data-end=\"2236\">Produktname:<\/strong> Lastrolle<br data-start=\"2246\" data-end=\"2249\" \/><strong data-start=\"2249\" data-end=\"2265\">Teilenummer:<\/strong> 4081700, 4081636, 582032968<br data-start=\"2293\" data-end=\"2296\" \/><strong data-start=\"2296\" data-end=\"2309\">Material:<\/strong> Robuster Gummi, verst\u00e4rkter Metallk\u00f6rper<br data-start=\"2350\" data-end=\"2353\" \/><strong data-start=\"2353\" data-end=\"2375\">Anwendungsbereich:<\/strong> Lastentragendes System f\u00fcr Gabelstapler und Baumaschinen<br data-start=\"2432\" data-end=\"2435\" \/><strong data-start=\"2435\" data-end=\"2447\">Vorteil:<\/strong> Hohe Verschlei\u00dffestigkeit, lange Lebensdauer, Vibrationsreduzierung, einfache Wartung, verbesserte Stabilit\u00e4t<\/p>\n<p data-start=\"2561\" data-end=\"3039\">\n","protected":false},"featured_media":15935,"template":"","meta":[],"product_brand":[],"product_cat":[256,259,395,398,400],"product_tag":[],"class_list":{"0":"post-8410","1":"product","2":"type-product","3":"status-publish","4":"has-post-thumbnail","6":"product_cat-hyster","7":"product_cat-catal-tekeri-hyster","8":"product_cat-ceoparts","9":"product_cat-catal-tekeri-ceo","10":"product_cat-catal-tekeri","12":"first","13":"instock","14":"taxable","15":"shipping-taxable","16":"purchasable","17":"product-type-simple"},"_links":{"self":[{"href":"https:\/\/ceoparts.com\/de\/wp-json\/wp\/v2\/product\/8410","targetHints":{"allow":["GET"]}}],"collection":[{"href":"https:\/\/ceoparts.com\/de\/wp-json\/wp\/v2\/product"}],"about":[{"href":"https:\/\/ceoparts.com\/de\/wp-json\/wp\/v2\/types\/product"}],"wp:featuredmedia":[{"embeddable":true,"href":"https:\/\/ceoparts.com\/de\/wp-json\/wp\/v2\/media\/15935"}],"wp:attachment":[{"href":"https:\/\/ceoparts.com\/de\/wp-json\/wp\/v2\/media?parent=8410"}],"wp:term":[{"taxonomy":"product_brand","embeddable":true,"href":"https:\/\/ceoparts.com\/de\/wp-json\/wp\/v2\/product_brand?post=8410"},{"taxonomy":"product_cat","embeddable":true,"href":"https:\/\/ceoparts.com\/de\/wp-json\/wp\/v2\/product_cat?post=8410"},{"taxonomy":"product_tag","embeddable":true,"href":"https:\/\/ceoparts.com\/de\/wp-json\/wp\/v2\/product_tag?post=8410"}],"curies":[{"name":"wp","href":"https:\/\/api.w.org\/{rel}","templated":true}]}}