{"id":8411,"date":"2021-02-14T23:33:44","date_gmt":"2021-02-14T20:33:44","guid":{"rendered":"https:\/\/ceoparts.com\/?post_type=product&#038;p=8411"},"modified":"2026-05-16T15:08:15","modified_gmt":"2026-05-16T12:08:15","slug":"85x110-115-20-yuk-tekeri","status":"publish","type":"product","link":"https:\/\/ceoparts.com\/de\/urun\/85x110-115-20-yuk-tekeri\/","title":{"rendered":"85&#215;110\/115-20 Ceoparts Lastrad"},"content":{"rendered":"<p>85&#215;110\/115-20 Ceoparts Lastrad<\/p>","protected":false},"excerpt":{"rendered":"<p data-start=\"97\" data-end=\"510\"><br data-start=\"1592\" data-end=\"1595\" \/>Das <strong data-start=\"1599\" data-end=\"1635\">85\u00d7110\/115-20 Ceoparts Lastrolle<\/strong> ist speziell f\u00fcr Gabelstapler und Baumaschinen hergestellt und bietet hohe Tragf\u00e4higkeit und Haltbarkeit. Die Kombination aus hochwertigem Gummi und robustem Metallk\u00f6rper sorgt f\u00fcr eine lange Lebensdauer unter rauen Bedingungen. Es verbessert die Maschineneffizienz und reduziert Vibrationen zur Unterst\u00fctzung des Bedienkomforts. Einfach zu warten und ein wichtiger Bestandteil f\u00fcr die Arbeitssicherheit.<\/p>\n<p data-start=\"2042\" data-end=\"2389\"><strong data-start=\"2042\" data-end=\"2059\">Eigenschaften<\/strong><br data-start=\"2059\" data-end=\"2062\" \/><strong data-start=\"2062\" data-end=\"2078\">Produktname:<\/strong> Lastrolle<br data-start=\"2088\" data-end=\"2091\" \/><strong data-start=\"2091\" data-end=\"2107\">Teilenummer:<\/strong> &#8211;<br data-start=\"2130\" data-end=\"2133\" \/><strong data-start=\"2133\" data-end=\"2146\">Material:<\/strong> Robuster Gummi, verst\u00e4rkter Metallk\u00f6rper<br data-start=\"2187\" data-end=\"2190\" \/><strong data-start=\"2190\" data-end=\"2212\">Anwendungsbereich:<\/strong> Lastentragendes System f\u00fcr Gabelstapler und Baumaschinen<br data-start=\"2269\" data-end=\"2272\" \/><strong data-start=\"2272\" data-end=\"2284\">Vorteil:<\/strong> Hohe Tragf\u00e4higkeit, lange Lebensdauer, Vibrationsreduzierung, einfache Wartung, verbesserte Stabilit\u00e4t<\/p>\n<p data-start=\"2391\" data-end=\"2814\">\n","protected":false},"featured_media":15941,"template":"","meta":[],"product_brand":[],"product_cat":[395,398,400],"product_tag":[],"class_list":{"0":"post-8411","1":"product","2":"type-product","3":"status-publish","4":"has-post-thumbnail","6":"product_cat-ceoparts","7":"product_cat-catal-tekeri-ceo","8":"product_cat-catal-tekeri","10":"first","11":"instock","12":"taxable","13":"shipping-taxable","14":"purchasable","15":"product-type-simple"},"_links":{"self":[{"href":"https:\/\/ceoparts.com\/de\/wp-json\/wp\/v2\/product\/8411","targetHints":{"allow":["GET"]}}],"collection":[{"href":"https:\/\/ceoparts.com\/de\/wp-json\/wp\/v2\/product"}],"about":[{"href":"https:\/\/ceoparts.com\/de\/wp-json\/wp\/v2\/types\/product"}],"wp:featuredmedia":[{"embeddable":true,"href":"https:\/\/ceoparts.com\/de\/wp-json\/wp\/v2\/media\/15941"}],"wp:attachment":[{"href":"https:\/\/ceoparts.com\/de\/wp-json\/wp\/v2\/media?parent=8411"}],"wp:term":[{"taxonomy":"product_brand","embeddable":true,"href":"https:\/\/ceoparts.com\/de\/wp-json\/wp\/v2\/product_brand?post=8411"},{"taxonomy":"product_cat","embeddable":true,"href":"https:\/\/ceoparts.com\/de\/wp-json\/wp\/v2\/product_cat?post=8411"},{"taxonomy":"product_tag","embeddable":true,"href":"https:\/\/ceoparts.com\/de\/wp-json\/wp\/v2\/product_tag?post=8411"}],"curies":[{"name":"wp","href":"https:\/\/api.w.org\/{rel}","templated":true}]}}