{"id":8419,"date":"2021-02-15T01:52:32","date_gmt":"2021-02-14T22:52:32","guid":{"rendered":"https:\/\/ceoparts.com\/?post_type=product&#038;p=8419"},"modified":"2026-05-16T06:16:16","modified_gmt":"2026-05-16T03:16:16","slug":"100x40-20-denge-tekeri","status":"publish","type":"product","link":"https:\/\/ceoparts.com\/de\/urun\/100x40-20-denge-tekeri\/","title":{"rendered":"100&#215;40-20 Wicke Ausgleichsrad &#8211; 580037736 , 1530397 , 51161163"},"content":{"rendered":"<p>100&#215;40-20 Wicke Ausgleichsrad &#8211; 580037736 , 1530397 , 51161163<\/p>\n<p>Yale MP16\/18\/20\u00a0 Serie C 841X\u00a0\u00a0 100&#215;40-20<\/p>\n<p><span style=\"color: #231f20; font-family: Arial; font-size: xx-large;\"><span style=\"color: #000000; font-family: Times New Roman; font-size: medium;\">Hyster P 1.6\/1.8\/2.0 Serie C437<\/span><\/span><\/p>","protected":false},"excerpt":{"rendered":"<p data-start=\"123\" data-end=\"608\"><br data-start=\"1790\" data-end=\"1793\" \/>Das <strong data-start=\"1797\" data-end=\"1856\">100\u00d740-20 Wicke St\u00fctzrad \u2013 580037736, 1530397, 51161163<\/strong> ist speziell f\u00fcr Gabelstapler und Baumaschinen hergestellt und bietet hohe Haltbarkeit und Stabilit\u00e4t. Die Kombination aus hochwertigem Gummi und verst\u00e4rktem Metallk\u00f6rper sorgt f\u00fcr eine lange Lebensdauer unter rauen Bedingungen. Es minimiert Vibrationen zur Erh\u00f6hung des Bedienkomforts, reduziert den Wartungsbedarf und verbessert die Maschineneffizienz. Ideal f\u00fcr Gabelstapler, die in engen und anspruchsvollen Bereichen arbeiten, und unterst\u00fctzt die Arbeitssicherheit.<\/p>\n<p data-start=\"2329\" data-end=\"2689\"><strong data-start=\"2329\" data-end=\"2346\">Eigenschaften<\/strong><br data-start=\"2346\" data-end=\"2349\" \/><strong data-start=\"2349\" data-end=\"2365\">Produktname:<\/strong> St\u00fctzrad<br data-start=\"2374\" data-end=\"2377\" \/><strong data-start=\"2377\" data-end=\"2393\">Teilenummer:<\/strong> 580037736, 1530397, 51161163<br data-start=\"2422\" data-end=\"2425\" \/><strong data-start=\"2425\" data-end=\"2438\">Material:<\/strong> Robuster Gummi, verst\u00e4rkter Metallk\u00f6rper<br data-start=\"2479\" data-end=\"2482\" \/><strong data-start=\"2482\" data-end=\"2504\">Anwendungsbereich:<\/strong> Stabilisierendes System f\u00fcr Gabelstapler und Baumaschinen<br data-start=\"2562\" data-end=\"2565\" \/><strong data-start=\"2565\" data-end=\"2577\">Vorteil:<\/strong> Hohe Verschlei\u00dffestigkeit, lange Lebensdauer, Vibrationsreduzierung, einfache Wartung, verbesserte Stabilit\u00e4t<\/p>\n<p data-start=\"2691\" data-end=\"3220\">\n","protected":false},"featured_media":15080,"template":"","meta":[],"product_brand":[],"product_cat":[256,258,403,185],"product_tag":[],"class_list":{"0":"post-8419","1":"product","2":"type-product","3":"status-publish","4":"has-post-thumbnail","6":"product_cat-hyster","7":"product_cat-denge-tekeri-hyster","8":"product_cat-denge-tekeri-wicke","9":"product_cat-denge-tekeri","11":"first","12":"instock","13":"taxable","14":"shipping-taxable","15":"purchasable","16":"product-type-simple"},"_links":{"self":[{"href":"https:\/\/ceoparts.com\/de\/wp-json\/wp\/v2\/product\/8419","targetHints":{"allow":["GET"]}}],"collection":[{"href":"https:\/\/ceoparts.com\/de\/wp-json\/wp\/v2\/product"}],"about":[{"href":"https:\/\/ceoparts.com\/de\/wp-json\/wp\/v2\/types\/product"}],"wp:featuredmedia":[{"embeddable":true,"href":"https:\/\/ceoparts.com\/de\/wp-json\/wp\/v2\/media\/15080"}],"wp:attachment":[{"href":"https:\/\/ceoparts.com\/de\/wp-json\/wp\/v2\/media?parent=8419"}],"wp:term":[{"taxonomy":"product_brand","embeddable":true,"href":"https:\/\/ceoparts.com\/de\/wp-json\/wp\/v2\/product_brand?post=8419"},{"taxonomy":"product_cat","embeddable":true,"href":"https:\/\/ceoparts.com\/de\/wp-json\/wp\/v2\/product_cat?post=8419"},{"taxonomy":"product_tag","embeddable":true,"href":"https:\/\/ceoparts.com\/de\/wp-json\/wp\/v2\/product_tag?post=8419"}],"curies":[{"name":"wp","href":"https:\/\/api.w.org\/{rel}","templated":true}]}}