{"id":8420,"date":"2021-02-15T01:53:29","date_gmt":"2021-02-14T22:53:29","guid":{"rendered":"https:\/\/ceoparts.com\/?post_type=product&#038;p=8420"},"modified":"2026-05-16T06:16:16","modified_gmt":"2026-05-16T03:16:16","slug":"115x55x20-denge-tekeri","status":"publish","type":"product","link":"https:\/\/ceoparts.com\/de\/urun\/115x55x20-denge-tekeri\/","title":{"rendered":"115&#215;55-20 Ceoparts Ausgleichsrad &#8211; 2700332001 , 2700332003"},"content":{"rendered":"<p>115&#215;55-20 Ceoparts Ausgleichsrad &#8211; 2700332001 , 2700332003<\/p>\n<p>2700300000 2700332001 2700332003<\/p>\n<p>Heli CBD25<\/p>\n<p>CBD20-460\/470,<\/p>\n<p>CDD14-16L-930\/950\/960\/980<\/p>\n<p>CDD12-030<\/p>\n<p>CDD10-050 CDD10-070 CDD10-080 CDD10-090<\/p>","protected":false},"excerpt":{"rendered":"<p data-start=\"120\" data-end=\"621\"><br data-start=\"1792\" data-end=\"1795\" \/>Das <strong data-start=\"1799\" data-end=\"1855\">115\u00d755-20 Ceoparts St\u00fctzrad \u2013 2700332001, 2700332003<\/strong> ist speziell f\u00fcr Gabelstapler und Baumaschinen entwickelt und bietet hohe Haltbarkeit und \u00fcberlegene Stabilit\u00e4t. Die Kombination aus hochwertigem Gummi und verst\u00e4rktem Metallk\u00f6rper sorgt f\u00fcr eine lange Lebensdauer unter rauen Arbeitsbedingungen. Es reduziert Vibrationen, erh\u00f6ht den Bedienkomfort und unterst\u00fctzt die Maschineneffizienz. Einfach zu warten und ideal f\u00fcr Gabelstapler in beengten R\u00e4umen. Eine wichtige Komponente f\u00fcr Sicherheit und Leistung.<\/p>\n<p data-start=\"2313\" data-end=\"2667\"><strong data-start=\"2313\" data-end=\"2330\">Eigenschaften<\/strong><br data-start=\"2330\" data-end=\"2333\" \/><strong data-start=\"2333\" data-end=\"2349\">Produktname:<\/strong> St\u00fctzrad<br data-start=\"2358\" data-end=\"2361\" \/><strong data-start=\"2361\" data-end=\"2377\">Teilenummer:<\/strong> 2700332001, 2700332003<br data-start=\"2400\" data-end=\"2403\" \/><strong data-start=\"2403\" data-end=\"2416\">Material:<\/strong> Robuster Gummi, verst\u00e4rkter Metallk\u00f6rper<br data-start=\"2457\" data-end=\"2460\" \/><strong data-start=\"2460\" data-end=\"2482\">Anwendungsbereich:<\/strong> Stabilisierendes System f\u00fcr Gabelstapler und Baumaschinen<br data-start=\"2540\" data-end=\"2543\" \/><strong data-start=\"2543\" data-end=\"2555\">Vorteil:<\/strong> Hohe Verschlei\u00dffestigkeit, lange Lebensdauer, Vibrationsreduzierung, einfache Wartung, verbesserte Stabilit\u00e4t<\/p>\n<p data-start=\"2669\" data-end=\"3244\">\n","protected":false},"featured_media":15083,"template":"","meta":[],"product_brand":[],"product_cat":[396,185],"product_tag":[],"class_list":{"0":"post-8420","1":"product","2":"type-product","3":"status-publish","4":"has-post-thumbnail","6":"product_cat-denge-tekeri-ceo","7":"product_cat-denge-tekeri","9":"first","10":"instock","11":"taxable","12":"shipping-taxable","13":"purchasable","14":"product-type-simple"},"_links":{"self":[{"href":"https:\/\/ceoparts.com\/de\/wp-json\/wp\/v2\/product\/8420","targetHints":{"allow":["GET"]}}],"collection":[{"href":"https:\/\/ceoparts.com\/de\/wp-json\/wp\/v2\/product"}],"about":[{"href":"https:\/\/ceoparts.com\/de\/wp-json\/wp\/v2\/types\/product"}],"wp:featuredmedia":[{"embeddable":true,"href":"https:\/\/ceoparts.com\/de\/wp-json\/wp\/v2\/media\/15083"}],"wp:attachment":[{"href":"https:\/\/ceoparts.com\/de\/wp-json\/wp\/v2\/media?parent=8420"}],"wp:term":[{"taxonomy":"product_brand","embeddable":true,"href":"https:\/\/ceoparts.com\/de\/wp-json\/wp\/v2\/product_brand?post=8420"},{"taxonomy":"product_cat","embeddable":true,"href":"https:\/\/ceoparts.com\/de\/wp-json\/wp\/v2\/product_cat?post=8420"},{"taxonomy":"product_tag","embeddable":true,"href":"https:\/\/ceoparts.com\/de\/wp-json\/wp\/v2\/product_tag?post=8420"}],"curies":[{"name":"wp","href":"https:\/\/api.w.org\/{rel}","templated":true}]}}