{"id":8422,"date":"2021-02-15T10:20:17","date_gmt":"2021-02-15T07:20:17","guid":{"rendered":"https:\/\/ceoparts.com\/?post_type=product&#038;p=8422"},"modified":"2026-05-16T17:22:29","modified_gmt":"2026-05-16T14:22:29","slug":"125x40-40-15-denge-tekeri-dokum","status":"publish","type":"product","link":"https:\/\/ceoparts.com\/de\/urun\/125x40-40-15-denge-tekeri-dokum\/","title":{"rendered":"125&#215;40\/40-15  Ausgleichsrad"},"content":{"rendered":"<p>125&#215;40\/40-15  Ausgleichsrad<\/p>","protected":false},"excerpt":{"rendered":"<p data-start=\"169\" data-end=\"625\"><br data-start=\"1768\" data-end=\"1771\" \/>Das <strong data-start=\"1775\" data-end=\"1800\">125\u00d740\/40-15 St\u00fctzrad<\/strong> ist f\u00fcr Gabelstapler und Baumaschinen entwickelt und bietet hohe Haltbarkeit und Stabilit\u00e4t. Die Kombination aus hochwertigem Gummi und robustem Metallk\u00f6rper sorgt f\u00fcr eine lange Lebensdauer, selbst bei schweren Lasten. Es reduziert Vibrationen, erh\u00f6ht den Bedienkomfort, ist widerstandsf\u00e4hig gegen raue Bedingungen und minimiert den Wartungsaufwand. Ideal f\u00fcr Maschinen, die auf engen und unebenen Fl\u00e4chen arbeiten, und verbessert somit Sicherheit und Effizienz.<\/p>\n<p data-start=\"2266\" data-end=\"2644\"><strong data-start=\"2266\" data-end=\"2283\">Eigenschaften<\/strong><br data-start=\"2283\" data-end=\"2286\" \/><strong data-start=\"2286\" data-end=\"2302\">Produktname:<\/strong> St\u00fctzrad<br data-start=\"2311\" data-end=\"2314\" \/><strong data-start=\"2314\" data-end=\"2330\">Teilenummer:<\/strong> (Sollte auf dem Produktetikett angegeben sein)<br data-start=\"2377\" data-end=\"2380\" \/><strong data-start=\"2380\" data-end=\"2393\">Material:<\/strong> Robuster Gummi, verst\u00e4rkter Metallk\u00f6rper<br data-start=\"2434\" data-end=\"2437\" \/><strong data-start=\"2437\" data-end=\"2459\">Anwendungsbereich:<\/strong> Stabilisierendes System f\u00fcr Gabelstapler und Baumaschinen<br data-start=\"2517\" data-end=\"2520\" \/><strong data-start=\"2520\" data-end=\"2532\">Vorteil:<\/strong> Hohe Verschlei\u00dffestigkeit, lange Lebensdauer, Vibrationsreduzierung, einfache Wartung, verbesserte Stabilit\u00e4t<\/p>\n<p data-start=\"2646\" data-end=\"3142\">\n","protected":false},"featured_media":17641,"template":"","meta":[],"product_brand":[],"product_cat":[185],"product_tag":[],"class_list":{"0":"post-8422","1":"product","2":"type-product","3":"status-publish","4":"has-post-thumbnail","6":"product_cat-denge-tekeri","8":"first","9":"instock","10":"taxable","11":"shipping-taxable","12":"purchasable","13":"product-type-simple"},"_links":{"self":[{"href":"https:\/\/ceoparts.com\/de\/wp-json\/wp\/v2\/product\/8422","targetHints":{"allow":["GET"]}}],"collection":[{"href":"https:\/\/ceoparts.com\/de\/wp-json\/wp\/v2\/product"}],"about":[{"href":"https:\/\/ceoparts.com\/de\/wp-json\/wp\/v2\/types\/product"}],"wp:featuredmedia":[{"embeddable":true,"href":"https:\/\/ceoparts.com\/de\/wp-json\/wp\/v2\/media\/17641"}],"wp:attachment":[{"href":"https:\/\/ceoparts.com\/de\/wp-json\/wp\/v2\/media?parent=8422"}],"wp:term":[{"taxonomy":"product_brand","embeddable":true,"href":"https:\/\/ceoparts.com\/de\/wp-json\/wp\/v2\/product_brand?post=8422"},{"taxonomy":"product_cat","embeddable":true,"href":"https:\/\/ceoparts.com\/de\/wp-json\/wp\/v2\/product_cat?post=8422"},{"taxonomy":"product_tag","embeddable":true,"href":"https:\/\/ceoparts.com\/de\/wp-json\/wp\/v2\/product_tag?post=8422"}],"curies":[{"name":"wp","href":"https:\/\/api.w.org\/{rel}","templated":true}]}}