{"id":8423,"date":"2021-02-15T10:22:55","date_gmt":"2021-02-15T07:22:55","guid":{"rendered":"https:\/\/ceoparts.com\/?post_type=product&#038;p=8423"},"modified":"2026-05-16T18:47:24","modified_gmt":"2026-05-16T15:47:24","slug":"125x40-45-15-alu-denge-tekeri","status":"publish","type":"product","link":"https:\/\/ceoparts.com\/de\/urun\/125x40-45-15-alu-denge-tekeri\/","title":{"rendered":"125&#215;40\/45-15 Alu Ausgleichsrad"},"content":{"rendered":"<p>125&#215;40\/45-15 Alu Ausgleichsrad<\/p>","protected":false},"excerpt":{"rendered":"<p data-start=\"185\" data-end=\"821\"><br data-start=\"2113\" data-end=\"2116\" \/>Das <strong data-start=\"2120\" data-end=\"2149\">125\u00d740\/45-15 Alu St\u00fctzrad<\/strong> ist speziell f\u00fcr Gabelstapler und Baumaschinen entwickelt und bietet durch seinen Aluminiumk\u00f6rper sowohl Leichtigkeit als auch Haltbarkeit. In Kombination mit hochwertigen Gummireifen bietet dieses St\u00fctzrad auch unter schweren Lasten hervorragende Stabilit\u00e4t und minimiert Vibrationen, um den Bedienkomfort zu erh\u00f6hen. Das Aluminiummaterial ist korrosionsbest\u00e4ndig und gew\u00e4hrleistet eine lange Lebensdauer unter rauen Arbeitsbedingungen. Das Design erm\u00f6glicht eine einfache Wartung und sorgt f\u00fcr \u00fcberlegene Sicherheit und Effizienz im St\u00fctzsyste von Gabelstaplern und Maschinen. Ideal f\u00fcr Maschinen, die in pr\u00e4zisen und beengten Bereichen arbeiten.<\/p>\n<p data-start=\"2800\" data-end=\"3131\"><strong data-start=\"2800\" data-end=\"2817\">Eigenschaften<\/strong><br data-start=\"2817\" data-end=\"2820\" \/><strong data-start=\"2820\" data-end=\"2836\">Produktname:<\/strong> St\u00fctzrad<br data-start=\"2845\" data-end=\"2848\" \/><strong data-start=\"2848\" data-end=\"2864\">Teilenummer:<\/strong> (Sollte auf dem Produktetikett angegeben sein)<br data-start=\"2911\" data-end=\"2914\" \/><strong data-start=\"2914\" data-end=\"2927\">Material:<\/strong> Aluminiumk\u00f6rper, hochwertiger Gummi<br data-start=\"2963\" data-end=\"2966\" \/><strong data-start=\"2966\" data-end=\"2988\">Anwendungsbereich:<\/strong> St\u00fctzsystem f\u00fcr Gabelstapler und Baumaschinen<br data-start=\"3034\" data-end=\"3037\" \/><strong data-start=\"3037\" data-end=\"3049\">Vorteil:<\/strong> Leicht, korrosionsbest\u00e4ndig, vibrationsreduzierend, langlebig, einfache Wartung<\/p>\n<p data-start=\"3133\" data-end=\"3774\">\n","protected":false},"featured_media":17640,"template":"","meta":[],"product_brand":[],"product_cat":[185],"product_tag":[],"class_list":{"0":"post-8423","1":"product","2":"type-product","3":"status-publish","4":"has-post-thumbnail","6":"product_cat-denge-tekeri","8":"first","9":"instock","10":"taxable","11":"shipping-taxable","12":"purchasable","13":"product-type-simple"},"_links":{"self":[{"href":"https:\/\/ceoparts.com\/de\/wp-json\/wp\/v2\/product\/8423","targetHints":{"allow":["GET"]}}],"collection":[{"href":"https:\/\/ceoparts.com\/de\/wp-json\/wp\/v2\/product"}],"about":[{"href":"https:\/\/ceoparts.com\/de\/wp-json\/wp\/v2\/types\/product"}],"wp:featuredmedia":[{"embeddable":true,"href":"https:\/\/ceoparts.com\/de\/wp-json\/wp\/v2\/media\/17640"}],"wp:attachment":[{"href":"https:\/\/ceoparts.com\/de\/wp-json\/wp\/v2\/media?parent=8423"}],"wp:term":[{"taxonomy":"product_brand","embeddable":true,"href":"https:\/\/ceoparts.com\/de\/wp-json\/wp\/v2\/product_brand?post=8423"},{"taxonomy":"product_cat","embeddable":true,"href":"https:\/\/ceoparts.com\/de\/wp-json\/wp\/v2\/product_cat?post=8423"},{"taxonomy":"product_tag","embeddable":true,"href":"https:\/\/ceoparts.com\/de\/wp-json\/wp\/v2\/product_tag?post=8423"}],"curies":[{"name":"wp","href":"https:\/\/api.w.org\/{rel}","templated":true}]}}