{"id":8425,"date":"2021-02-15T10:33:50","date_gmt":"2021-02-15T07:33:50","guid":{"rendered":"https:\/\/ceoparts.com\/?post_type=product&#038;p=8425"},"modified":"2026-05-16T14:33:04","modified_gmt":"2026-05-16T11:33:04","slug":"125x50-54-20-denge-tekeri","status":"publish","type":"product","link":"https:\/\/ceoparts.com\/de\/urun\/125x50-54-20-denge-tekeri\/","title":{"rendered":"125&#215;50\/54-20 Ceoparts Ausgleichsrad &#8211; 156259"},"content":{"rendered":"<p>125&#215;50\/54-20 Ceoparts Ausgleichsrad &#8211; 156259<\/p>\n<p>MO 15<\/p>\n<p>PPO 1500MX<\/p>\n<p>MPH 16<br \/>\nMPL 10<br \/>\nMPL 12<br \/>\nMPL 12 F<br \/>\nMPL 16D<\/p>\n<p>PPH 1600 MX<\/p>\n<p>PPS 1000 MX<br \/>\nPPS 1200 MX<br \/>\nPPS 1200MXF<br \/>\nPPS 1600 MXD<\/p>\n<p>S12 F<br \/>\nS16 D<\/p>\n<p>SWE 080 L<br \/>\nSWE100 STAXIO<br \/>\nSWE 120 IKEA<br \/>\nSWE 120 STAXIO<br \/>\nSWE 120 L<br \/>\nSWE 120 LIKEA<br \/>\nSWE 140 STAXIO<br \/>\nSWE 140 L STAXIO<br \/>\nSWE 160 D IKEA<br \/>\nSWE 160D<br \/>\nSWE 200 D IKEA<br \/>\nSWE 200 D<\/p>\n<p>LWE 140 LEVIO<br \/>\nLWE 160LEVIO<br \/>\nLWE 180<br \/>\nLWE 180 LEVIO<br \/>\nLWE 200<br \/>\nLWE 200 N<br \/>\nLWE 250LEVIO<\/p>\n<p>MP 14 C<br \/>\nMP 14<br \/>\nMP 16<br \/>\nMP 20<br \/>\nMP 20L<\/p>\n<p>PPL 2000 MX<\/p>\n<p>PPT 1400 C<br \/>\nPPT 1400 MX<br \/>\nPPT 1400MXC<br \/>\nPPT 1600 MX<br \/>\nPPT 1800 MMD<br \/>\nPPT 2000 MX<br \/>\nPPT 2000MMD<\/p>\n<p>W18 ORION<br \/>\nW20 ORION<br \/>\nW20 N<\/p>","protected":false},"excerpt":{"rendered":"<p data-start=\"203\" data-end=\"789\"><br data-start=\"2009\" data-end=\"2012\" \/>Das <strong data-start=\"2016\" data-end=\"2059\">125\u00d750\/54-20 Ceoparts St\u00fctzrad \u2013 156259<\/strong> wurde f\u00fcr Gabelstapler und Baumaschinen entwickelt, um die Fahrzeugstabilit\u00e4t zu verbessern und einen sicheren, ausgewogenen Betrieb zu gew\u00e4hrleisten. Hergestellt aus hochwertigem Gummi und robustem Metall bietet dieses St\u00fctzrad auch unter schweren Lasten eine lange Lebensdauer. Es reduziert Vibrationen, erh\u00f6ht den Bedienkomfort und verbessert die Effizienz der Maschine. Die robuste Konstruktion h\u00e4lt rauen Arbeitsbedingungen stand und minimiert den Wartungsaufwand. Es erm\u00f6glicht Gabelstaplern eine stabilere Bewegung in engen Bereichen und schwierigem Gel\u00e4nde und erh\u00f6ht die Arbeitssicherheit.<\/p>\n<p data-start=\"2660\" data-end=\"2998\"><strong data-start=\"2660\" data-end=\"2677\">Eigenschaften<\/strong><br data-start=\"2677\" data-end=\"2680\" \/><strong data-start=\"2680\" data-end=\"2696\">Produktname:<\/strong> St\u00fctzrad<br data-start=\"2705\" data-end=\"2708\" \/><strong data-start=\"2708\" data-end=\"2724\">Teilenummer:<\/strong> 156259<br data-start=\"2731\" data-end=\"2734\" \/><strong data-start=\"2734\" data-end=\"2747\">Material:<\/strong> Robuster Gummi, verst\u00e4rkter Metallk\u00f6rper<br data-start=\"2788\" data-end=\"2791\" \/><strong data-start=\"2791\" data-end=\"2813\">Anwendungsbereich:<\/strong> Stabilisierendes System f\u00fcr Gabelstapler und Baumaschinen<br data-start=\"2871\" data-end=\"2874\" \/><strong data-start=\"2874\" data-end=\"2886\">Vorteil:<\/strong> Hohe Verschlei\u00dffestigkeit, lange Lebensdauer, Vibrationsreduzierung, einfache Wartung, verbesserte Stabilit\u00e4t<\/p>\n<p data-start=\"3000\" data-end=\"3636\">\n","protected":false},"featured_media":12048,"template":"","meta":[],"product_brand":[],"product_cat":[396,185],"product_tag":[],"class_list":{"0":"post-8425","1":"product","2":"type-product","3":"status-publish","4":"has-post-thumbnail","6":"product_cat-denge-tekeri-ceo","7":"product_cat-denge-tekeri","9":"first","10":"instock","11":"taxable","12":"shipping-taxable","13":"purchasable","14":"product-type-simple"},"_links":{"self":[{"href":"https:\/\/ceoparts.com\/de\/wp-json\/wp\/v2\/product\/8425","targetHints":{"allow":["GET"]}}],"collection":[{"href":"https:\/\/ceoparts.com\/de\/wp-json\/wp\/v2\/product"}],"about":[{"href":"https:\/\/ceoparts.com\/de\/wp-json\/wp\/v2\/types\/product"}],"wp:featuredmedia":[{"embeddable":true,"href":"https:\/\/ceoparts.com\/de\/wp-json\/wp\/v2\/media\/12048"}],"wp:attachment":[{"href":"https:\/\/ceoparts.com\/de\/wp-json\/wp\/v2\/media?parent=8425"}],"wp:term":[{"taxonomy":"product_brand","embeddable":true,"href":"https:\/\/ceoparts.com\/de\/wp-json\/wp\/v2\/product_brand?post=8425"},{"taxonomy":"product_cat","embeddable":true,"href":"https:\/\/ceoparts.com\/de\/wp-json\/wp\/v2\/product_cat?post=8425"},{"taxonomy":"product_tag","embeddable":true,"href":"https:\/\/ceoparts.com\/de\/wp-json\/wp\/v2\/product_tag?post=8425"}],"curies":[{"name":"wp","href":"https:\/\/api.w.org\/{rel}","templated":true}]}}