{"id":8426,"date":"2021-02-15T10:34:59","date_gmt":"2021-02-15T07:34:59","guid":{"rendered":"https:\/\/ceoparts.com\/?post_type=product&#038;p=8426"},"modified":"2026-05-16T14:33:04","modified_gmt":"2026-05-16T11:33:04","slug":"125x50-60-143-denge-tekeri","status":"publish","type":"product","link":"https:\/\/ceoparts.com\/de\/urun\/125x50-60-143-denge-tekeri\/","title":{"rendered":"125&#215;50\/60-14,3 Ceoparts Ausgleichsrad"},"content":{"rendered":"<p>125&#215;50\/60-14,3 Ceoparts Ausgleichsrad<\/p>","protected":false},"excerpt":{"rendered":"<p data-start=\"214\" data-end=\"869\"><br data-start=\"2186\" data-end=\"2189\" \/>Das <strong data-start=\"2193\" data-end=\"2229\">125&#215;50\/60-14,3 Ceoparts St\u00fctzrad<\/strong> wurde speziell f\u00fcr Gabelstapler und Baumaschinen entwickelt, um die Fahrzeugstabilit\u00e4t und das Gleichgewicht zu verbessern. Hergestellt aus hochwertigem Gummi und robustem Metall, bietet dieses St\u00fctzrad eine lange Lebensdauer, selbst unter schweren Lasten und rauen Arbeitsbedingungen. Es reduziert effektiv Vibrationen, erh\u00f6ht den Bedienkomfort und verbessert die Betriebssicherheit. Die verschlei\u00dffeste Konstruktion erfordert nur minimale Wartung und gew\u00e4hrleistet einen kontinuierlichen Betrieb und hohe Produktivit\u00e4t. Ideal f\u00fcr Gabelstapler und Maschinen, die in engen und unebenen Bereichen arbeiten.<\/p>\n<p data-start=\"2837\" data-end=\"3222\"><strong data-start=\"2837\" data-end=\"2854\">Eigenschaften<\/strong><br data-start=\"2854\" data-end=\"2857\" \/><strong data-start=\"2857\" data-end=\"2873\">Produktname:<\/strong> St\u00fctzrad<br data-start=\"2882\" data-end=\"2885\" \/><strong data-start=\"2885\" data-end=\"2901\">Teilenummer:<\/strong> (Teilenummer sollte auf dem Produktetikett angegeben sein)<br data-start=\"2960\" data-end=\"2963\" \/><strong data-start=\"2963\" data-end=\"2976\">Material:<\/strong> Hochbelastbarer Gummi, verst\u00e4rkter Metallk\u00f6rper<br data-start=\"3024\" data-end=\"3027\" \/><strong data-start=\"3027\" data-end=\"3049\">Anwendungsbereich:<\/strong> St\u00fctzsystem f\u00fcr Gabelstapler und Baumaschinen<br data-start=\"3095\" data-end=\"3098\" \/><strong data-start=\"3098\" data-end=\"3110\">Vorteil:<\/strong> Hohe Verschlei\u00dffestigkeit, lange Lebensdauer, Vibrationsreduzierung, einfache Wartung, verbesserte Stabilit\u00e4t<\/p>\n<p data-start=\"3224\" data-end=\"3838\">\n","protected":false},"featured_media":10507,"template":"","meta":[],"product_brand":[],"product_cat":[396,185],"product_tag":[],"class_list":{"0":"post-8426","1":"product","2":"type-product","3":"status-publish","4":"has-post-thumbnail","6":"product_cat-denge-tekeri-ceo","7":"product_cat-denge-tekeri","9":"first","10":"instock","11":"taxable","12":"shipping-taxable","13":"purchasable","14":"product-type-simple"},"_links":{"self":[{"href":"https:\/\/ceoparts.com\/de\/wp-json\/wp\/v2\/product\/8426","targetHints":{"allow":["GET"]}}],"collection":[{"href":"https:\/\/ceoparts.com\/de\/wp-json\/wp\/v2\/product"}],"about":[{"href":"https:\/\/ceoparts.com\/de\/wp-json\/wp\/v2\/types\/product"}],"wp:featuredmedia":[{"embeddable":true,"href":"https:\/\/ceoparts.com\/de\/wp-json\/wp\/v2\/media\/10507"}],"wp:attachment":[{"href":"https:\/\/ceoparts.com\/de\/wp-json\/wp\/v2\/media?parent=8426"}],"wp:term":[{"taxonomy":"product_brand","embeddable":true,"href":"https:\/\/ceoparts.com\/de\/wp-json\/wp\/v2\/product_brand?post=8426"},{"taxonomy":"product_cat","embeddable":true,"href":"https:\/\/ceoparts.com\/de\/wp-json\/wp\/v2\/product_cat?post=8426"},{"taxonomy":"product_tag","embeddable":true,"href":"https:\/\/ceoparts.com\/de\/wp-json\/wp\/v2\/product_tag?post=8426"}],"curies":[{"name":"wp","href":"https:\/\/api.w.org\/{rel}","templated":true}]}}