{"id":8428,"date":"2021-02-15T10:40:31","date_gmt":"2021-02-15T07:40:31","guid":{"rendered":"https:\/\/ceoparts.com\/?post_type=product&#038;p=8428"},"modified":"2026-05-02T18:09:45","modified_gmt":"2026-05-02T15:09:45","slug":"125x50-60-20-alu-denge-tekeri","status":"publish","type":"product","link":"https:\/\/ceoparts.com\/de\/urun\/125x50-60-20-alu-denge-tekeri\/","title":{"rendered":"125&#215;50\/60-20 Tellure Rota Ausgleichsrad 7563324 \/ 50464813 \/ 7611201"},"content":{"rendered":"<p>125&#215;50\/60-20 Tellure Rota Ausgleichsrad 7563324 \/ 50464813 \/ 7611201<\/p>\n<div class=\"font12\">BT LPE200 \/LPE220 \/ LPE250 z 2016r.<\/div>\n<div class=\"font12\">SPE160 L po 2015<\/div>","protected":false},"excerpt":{"rendered":"<div>\n<p data-start=\"122\" data-end=\"558\"><br data-start=\"1719\" data-end=\"1722\" \/>Das <strong data-start=\"1726\" data-end=\"1764\">125\u00d750\/60-20 Tellure Rota St\u00fctzrad<\/strong> ist ein hochwertiges, langlebiges St\u00fctzrad, das speziell f\u00fcr Gabelstapler und schwere Maschinen entwickelt wurde. Dieses St\u00fctzrad der Marke Tellure Rota verf\u00fcgt \u00fcber einen robusten Metallkern mit Gummi- oder Polyurethanbeschichtung und gew\u00e4hrleistet eine lange Lebensdauer sowie einen leisen Betrieb. Es verbessert die Stabilit\u00e4t von Gabelstaplern und Maschinen und sorgt f\u00fcr einen sicheren und effizienten Betrieb.<\/p>\n<p data-start=\"2182\" data-end=\"2569\"><strong data-start=\"2182\" data-end=\"2199\">Eigenschaften<\/strong><br data-start=\"2199\" data-end=\"2202\" \/><strong data-start=\"2202\" data-end=\"2218\">Produktname:<\/strong> 125\u00d750\/60-20 Tellure Rota St\u00fctzrad<br data-start=\"2253\" data-end=\"2256\" \/><strong data-start=\"2256\" data-end=\"2272\">Teilenummer:<\/strong> 7563324 \/ 50464813<br data-start=\"2291\" data-end=\"2294\" \/><strong data-start=\"2294\" data-end=\"2307\">Material:<\/strong> Robuster Metallkern, Gummi- oder Polyurethanbeschichtung<br data-start=\"2364\" data-end=\"2367\" \/><strong data-start=\"2367\" data-end=\"2389\">Anwendungsbereich:<\/strong> Balance-Systeme f\u00fcr Gabelstapler und schwere Maschinen<br data-start=\"2444\" data-end=\"2447\" \/><strong data-start=\"2447\" data-end=\"2459\">Vorteil:<\/strong> Hohe Haltbarkeit, lange Lebensdauer, leiser Betrieb, hervorragende Balance und Stabilit\u00e4t, einfache Montage<\/p>\n<hr data-start=\"2571\" data-end=\"2574\" \/>\n<p data-start=\"2576\" data-end=\"3020\">\n<\/div>\n","protected":false},"featured_media":11476,"template":"","meta":[],"product_brand":[],"product_cat":[251,252,412,413,185],"product_tag":[],"class_list":{"0":"post-8428","1":"product","2":"type-product","3":"status-publish","4":"has-post-thumbnail","6":"product_cat-bt","7":"product_cat-denge-tekeri-bt","8":"product_cat-tellure-rota","9":"product_cat-tellure-rota-denge-tekeri","10":"product_cat-denge-tekeri","12":"first","13":"instock","14":"taxable","15":"shipping-taxable","16":"purchasable","17":"product-type-simple"},"_links":{"self":[{"href":"https:\/\/ceoparts.com\/de\/wp-json\/wp\/v2\/product\/8428","targetHints":{"allow":["GET"]}}],"collection":[{"href":"https:\/\/ceoparts.com\/de\/wp-json\/wp\/v2\/product"}],"about":[{"href":"https:\/\/ceoparts.com\/de\/wp-json\/wp\/v2\/types\/product"}],"wp:featuredmedia":[{"embeddable":true,"href":"https:\/\/ceoparts.com\/de\/wp-json\/wp\/v2\/media\/11476"}],"wp:attachment":[{"href":"https:\/\/ceoparts.com\/de\/wp-json\/wp\/v2\/media?parent=8428"}],"wp:term":[{"taxonomy":"product_brand","embeddable":true,"href":"https:\/\/ceoparts.com\/de\/wp-json\/wp\/v2\/product_brand?post=8428"},{"taxonomy":"product_cat","embeddable":true,"href":"https:\/\/ceoparts.com\/de\/wp-json\/wp\/v2\/product_cat?post=8428"},{"taxonomy":"product_tag","embeddable":true,"href":"https:\/\/ceoparts.com\/de\/wp-json\/wp\/v2\/product_tag?post=8428"}],"curies":[{"name":"wp","href":"https:\/\/api.w.org\/{rel}","templated":true}]}}