{"id":8429,"date":"2021-02-15T10:46:45","date_gmt":"2021-02-15T07:46:45","guid":{"rendered":"https:\/\/ceoparts.com\/?post_type=product&#038;p=8429"},"modified":"2026-05-16T13:22:15","modified_gmt":"2026-05-16T10:22:15","slug":"125x54-60-20-alu-denge-tekeri","status":"publish","type":"product","link":"https:\/\/ceoparts.com\/de\/urun\/125x54-60-20-alu-denge-tekeri\/","title":{"rendered":"125&#215;54\/60-20 Wicke Ausgleichsrad &#8211; 0009934060"},"content":{"rendered":"<p>125&#215;54\/60-20 Wicke Ausgleichsrad &#8211; 0009934060<\/p>\n<p>125&#215;54\/60-20\u00a0 Linde \/ Still\u00a00009934060<\/p>\n<p>EXH 25-30 EXH-SF 20-25 (2360-2363)<\/p>","protected":false},"excerpt":{"rendered":"<p data-start=\"110\" data-end=\"533\"><br data-start=\"1658\" data-end=\"1661\" \/>Das <strong data-start=\"1665\" data-end=\"1696\">125\u00d754\/60-20 Wicke St\u00fctzrad<\/strong> ist ein hochwertiges, langlebiges St\u00fctzrad, das speziell f\u00fcr Gabelstapler und schwere Maschinen entwickelt wurde. Dieses St\u00fctzrad der Marke Wicke verf\u00fcgt \u00fcber einen robusten Metallkern mit Gummi- oder Polyurethanbeschichtung und gew\u00e4hrleistet eine lange Lebensdauer sowie einen leisen Betrieb. Es verbessert die Stabilit\u00e4t von Gabelstaplern und Maschinen und sorgt f\u00fcr einen sicheren und effizienten Betrieb.<\/p>\n<p data-start=\"2107\" data-end=\"2479\"><strong data-start=\"2107\" data-end=\"2124\">Eigenschaften<\/strong><br data-start=\"2124\" data-end=\"2127\" \/><strong data-start=\"2127\" data-end=\"2143\">Produktname:<\/strong> 125\u00d754\/60-20 Wicke St\u00fctzrad<br data-start=\"2171\" data-end=\"2174\" \/><strong data-start=\"2174\" data-end=\"2190\">Teilenummer:<\/strong> 0009934060<br data-start=\"2201\" data-end=\"2204\" \/><strong data-start=\"2204\" data-end=\"2217\">Material:<\/strong> Robuster Metallkern, Gummi- oder Polyurethanbeschichtung<br data-start=\"2274\" data-end=\"2277\" \/><strong data-start=\"2277\" data-end=\"2299\">Anwendungsbereich:<\/strong> Balance-Systeme f\u00fcr Gabelstapler und schwere Maschinen<br data-start=\"2354\" data-end=\"2357\" \/><strong data-start=\"2357\" data-end=\"2369\">Vorteil:<\/strong> Hohe Haltbarkeit, lange Lebensdauer, leiser Betrieb, hervorragende Balance und Stabilit\u00e4t, einfache Montage<\/p>\n<hr data-start=\"2481\" data-end=\"2484\" \/>\n<p data-start=\"2486\" data-end=\"2916\">\n","protected":false},"featured_media":11369,"template":"","meta":[],"product_brand":[],"product_cat":[401,403,241,242,246,247,185],"product_tag":[],"class_list":{"0":"post-8429","1":"product","2":"type-product","3":"status-publish","4":"has-post-thumbnail","6":"product_cat-wicke","7":"product_cat-denge-tekeri-wicke","8":"product_cat-still","9":"product_cat-denge-tekeri-still","10":"product_cat-linde","11":"product_cat-denge-tekeri-linde","12":"product_cat-denge-tekeri","14":"first","15":"instock","16":"taxable","17":"shipping-taxable","18":"purchasable","19":"product-type-simple"},"_links":{"self":[{"href":"https:\/\/ceoparts.com\/de\/wp-json\/wp\/v2\/product\/8429","targetHints":{"allow":["GET"]}}],"collection":[{"href":"https:\/\/ceoparts.com\/de\/wp-json\/wp\/v2\/product"}],"about":[{"href":"https:\/\/ceoparts.com\/de\/wp-json\/wp\/v2\/types\/product"}],"wp:featuredmedia":[{"embeddable":true,"href":"https:\/\/ceoparts.com\/de\/wp-json\/wp\/v2\/media\/11369"}],"wp:attachment":[{"href":"https:\/\/ceoparts.com\/de\/wp-json\/wp\/v2\/media?parent=8429"}],"wp:term":[{"taxonomy":"product_brand","embeddable":true,"href":"https:\/\/ceoparts.com\/de\/wp-json\/wp\/v2\/product_brand?post=8429"},{"taxonomy":"product_cat","embeddable":true,"href":"https:\/\/ceoparts.com\/de\/wp-json\/wp\/v2\/product_cat?post=8429"},{"taxonomy":"product_tag","embeddable":true,"href":"https:\/\/ceoparts.com\/de\/wp-json\/wp\/v2\/product_tag?post=8429"}],"curies":[{"name":"wp","href":"https:\/\/api.w.org\/{rel}","templated":true}]}}