{"id":8433,"date":"2021-02-15T10:53:57","date_gmt":"2021-02-15T07:53:57","guid":{"rendered":"https:\/\/ceoparts.com\/?post_type=product&#038;p=8433"},"modified":"2026-05-16T09:32:44","modified_gmt":"2026-05-16T06:32:44","slug":"125x60-60-20-denge-tekeri","status":"publish","type":"product","link":"https:\/\/ceoparts.com\/de\/urun\/125x60-60-20-denge-tekeri\/","title":{"rendered":"125&#215;60\/60-20 Ausgleichsrad"},"content":{"rendered":"<p>125&#215;60\/60-20 Ausgleichsrad<\/p>","protected":false},"excerpt":{"rendered":"<p data-start=\"88\" data-end=\"447\"><br data-start=\"1433\" data-end=\"1436\" \/>Das <strong data-start=\"1440\" data-end=\"1465\">125\u00d760\/60-20 St\u00fctzrad<\/strong> ist ein langlebiges und robustes St\u00fctzrad, das f\u00fcr Gabelstapler und schwere Maschinen entwickelt wurde. Es verf\u00fcgt \u00fcber einen stabilen Metallkern mit Gummi- oder Polyurethanbeschichtung und bietet eine lange Lebensdauer, leisen Betrieb und zuverl\u00e4ssige Leistung. Es verbessert die Stabilit\u00e4t von Gabelstaplern und Maschinen und sorgt f\u00fcr einen sicheren und effizienten Betrieb.<\/p>\n<p data-start=\"1845\" data-end=\"2181\"><strong data-start=\"1845\" data-end=\"1862\">Eigenschaften<\/strong><br data-start=\"1862\" data-end=\"1865\" \/><strong data-start=\"1865\" data-end=\"1881\">Produktname:<\/strong> 125\u00d760\/60-20 St\u00fctzrad<br data-start=\"1903\" data-end=\"1906\" \/><strong data-start=\"1906\" data-end=\"1919\">Material:<\/strong> Stabiler Metallkern, Gummi- oder Polyurethanbeschichtung<br data-start=\"1976\" data-end=\"1979\" \/><strong data-start=\"1979\" data-end=\"2001\">Anwendungsbereich:<\/strong> Balance-Systeme f\u00fcr Gabelstapler und schwere Maschinen<br data-start=\"2056\" data-end=\"2059\" \/><strong data-start=\"2059\" data-end=\"2071\">Vorteil:<\/strong> Hohe Haltbarkeit, lange Lebensdauer, leiser Betrieb, hervorragende Balance und Stabilit\u00e4t, einfache Montage<\/p>\n<hr data-start=\"2183\" data-end=\"2186\" \/>\n<p data-start=\"2188\" data-end=\"2551\">\n","protected":false},"featured_media":17645,"template":"","meta":[],"product_brand":[],"product_cat":[185],"product_tag":[],"class_list":{"0":"post-8433","1":"product","2":"type-product","3":"status-publish","4":"has-post-thumbnail","6":"product_cat-denge-tekeri","8":"first","9":"instock","10":"taxable","11":"shipping-taxable","12":"purchasable","13":"product-type-simple"},"_links":{"self":[{"href":"https:\/\/ceoparts.com\/de\/wp-json\/wp\/v2\/product\/8433","targetHints":{"allow":["GET"]}}],"collection":[{"href":"https:\/\/ceoparts.com\/de\/wp-json\/wp\/v2\/product"}],"about":[{"href":"https:\/\/ceoparts.com\/de\/wp-json\/wp\/v2\/types\/product"}],"wp:featuredmedia":[{"embeddable":true,"href":"https:\/\/ceoparts.com\/de\/wp-json\/wp\/v2\/media\/17645"}],"wp:attachment":[{"href":"https:\/\/ceoparts.com\/de\/wp-json\/wp\/v2\/media?parent=8433"}],"wp:term":[{"taxonomy":"product_brand","embeddable":true,"href":"https:\/\/ceoparts.com\/de\/wp-json\/wp\/v2\/product_brand?post=8433"},{"taxonomy":"product_cat","embeddable":true,"href":"https:\/\/ceoparts.com\/de\/wp-json\/wp\/v2\/product_cat?post=8433"},{"taxonomy":"product_tag","embeddable":true,"href":"https:\/\/ceoparts.com\/de\/wp-json\/wp\/v2\/product_tag?post=8433"}],"curies":[{"name":"wp","href":"https:\/\/api.w.org\/{rel}","templated":true}]}}