{"id":8437,"date":"2021-02-15T11:00:24","date_gmt":"2021-02-15T08:00:24","guid":{"rendered":"https:\/\/ceoparts.com\/?post_type=product&#038;p=8437"},"modified":"2026-05-16T14:00:33","modified_gmt":"2026-05-16T11:00:33","slug":"140x50-62-20-denge-tekeri-39933811","status":"publish","type":"product","link":"https:\/\/ceoparts.com\/de\/urun\/140x50-62-20-denge-tekeri-39933811\/","title":{"rendered":"140&#215;50\/62-20 Ceoparts Ausgleichsrad &#8211; 0039933811"},"content":{"rendered":"<p>140&#215;50\/62-20 Ceoparts Ausgleichsrad &#8211; 0039933811<\/p>\n<p>132\u00a0N20\/N24\/N20L\/N20LI<br \/>\n133\u00a0L12\/L14-L12L\/L14L-L12LHP<br \/>\n140\u00a0T20R<br \/>\n144\u00a0T20S\/T20SF<br \/>\n149\u00a0N20\/N25\/N20L\/LI\/LX<br \/>\n149\u00a0N20V-N20VI<br \/>\n372\u00a0L14\/16\/L14AP\/16AP<\/p>","protected":false},"excerpt":{"rendered":"<p data-start=\"110\" data-end=\"527\"><br data-start=\"1634\" data-end=\"1637\" \/>Das <strong data-start=\"1641\" data-end=\"1675\">140\u00d750\/62-20 Ceoparts St\u00fctzrad<\/strong> ist ein langlebiges, leistungsstarkes St\u00fctzrad, das f\u00fcr Gabelstapler und schwere Maschinen entwickelt wurde und mit Ceoparts-Qualit\u00e4t gefertigt ist. Es verf\u00fcgt \u00fcber einen robusten Metallkern und eine Gummi- oder Polyurethanbeschichtung, die eine lange Lebensdauer, leisen Betrieb und zuverl\u00e4ssige Leistung gew\u00e4hrleistet. Es verbessert die Stabilit\u00e4t von Gabelstaplern und Maschinen und unterst\u00fctzt einen sicheren und effizienten Betrieb.<\/p>\n<p data-start=\"2115\" data-end=\"2499\"><strong data-start=\"2115\" data-end=\"2132\">Eigenschaften<\/strong><br data-start=\"2132\" data-end=\"2135\" \/><strong data-start=\"2135\" data-end=\"2151\">Produktname:<\/strong> 140\u00d750\/62-20 Ceoparts St\u00fctzrad<br data-start=\"2182\" data-end=\"2185\" \/><strong data-start=\"2185\" data-end=\"2201\">Teilenummer:<\/strong> 0039933811<br data-start=\"2212\" data-end=\"2215\" \/><strong data-start=\"2215\" data-end=\"2228\">Material:<\/strong> Robuster Metallkern, Gummi- oder Polyurethanbeschichtung<br data-start=\"2285\" data-end=\"2288\" \/><strong data-start=\"2288\" data-end=\"2310\">Anwendungsbereich:<\/strong> Balance- und St\u00fctzsystme f\u00fcr Gabelstapler und schwere Maschinen<br data-start=\"2374\" data-end=\"2377\" \/><strong data-start=\"2377\" data-end=\"2389\">Vorteil:<\/strong> Hohe Haltbarkeit, lange Lebensdauer, leiser Betrieb, hervorragende Balance und Stabilit\u00e4t, einfache Montage<\/p>\n<hr data-start=\"2501\" data-end=\"2504\" \/>\n<p data-start=\"2506\" data-end=\"2943\">\n","protected":false},"featured_media":16423,"template":"","meta":[],"product_brand":[],"product_cat":[396,185],"product_tag":[],"class_list":{"0":"post-8437","1":"product","2":"type-product","3":"status-publish","4":"has-post-thumbnail","6":"product_cat-denge-tekeri-ceo","7":"product_cat-denge-tekeri","9":"first","10":"instock","11":"taxable","12":"shipping-taxable","13":"purchasable","14":"product-type-simple"},"_links":{"self":[{"href":"https:\/\/ceoparts.com\/de\/wp-json\/wp\/v2\/product\/8437","targetHints":{"allow":["GET"]}}],"collection":[{"href":"https:\/\/ceoparts.com\/de\/wp-json\/wp\/v2\/product"}],"about":[{"href":"https:\/\/ceoparts.com\/de\/wp-json\/wp\/v2\/types\/product"}],"wp:featuredmedia":[{"embeddable":true,"href":"https:\/\/ceoparts.com\/de\/wp-json\/wp\/v2\/media\/16423"}],"wp:attachment":[{"href":"https:\/\/ceoparts.com\/de\/wp-json\/wp\/v2\/media?parent=8437"}],"wp:term":[{"taxonomy":"product_brand","embeddable":true,"href":"https:\/\/ceoparts.com\/de\/wp-json\/wp\/v2\/product_brand?post=8437"},{"taxonomy":"product_cat","embeddable":true,"href":"https:\/\/ceoparts.com\/de\/wp-json\/wp\/v2\/product_cat?post=8437"},{"taxonomy":"product_tag","embeddable":true,"href":"https:\/\/ceoparts.com\/de\/wp-json\/wp\/v2\/product_tag?post=8437"}],"curies":[{"name":"wp","href":"https:\/\/api.w.org\/{rel}","templated":true}]}}