{"id":8438,"date":"2021-02-15T11:01:34","date_gmt":"2021-02-15T08:01:34","guid":{"rendered":"https:\/\/ceoparts.com\/?post_type=product&#038;p=8438"},"modified":"2026-05-16T21:05:45","modified_gmt":"2026-05-16T18:05:45","slug":"140x50-62-20-denge-tekeri-2","status":"publish","type":"product","link":"https:\/\/ceoparts.com\/de\/urun\/140x50-62-20-denge-tekeri-2\/","title":{"rendered":"140&#215;50\/62-20 Ausgleichsrad"},"content":{"rendered":"<p>140&#215;50\/62-20 Ausgleichsrad<\/p>","protected":false},"excerpt":{"rendered":"<p data-start=\"88\" data-end=\"455\"><br data-start=\"1416\" data-end=\"1419\" \/>Das <strong data-start=\"1423\" data-end=\"1448\">140\u00d750\/62-20 St\u00fctzrad<\/strong> ist ein hochwertiges, langlebiges St\u00fctzrad, das f\u00fcr Gabelstapler und schwere Maschinen entwickelt wurde. Es verf\u00fcgt \u00fcber einen robusten Metallkern mit Gummi- oder Polyurethanbeschichtung und bietet eine lange Lebensdauer, leisen Betrieb und zuverl\u00e4ssige Leistung. Es verbessert die Stabilit\u00e4t der Maschinen und unterst\u00fctzt einen sicheren und effizienten Betrieb.<\/p>\n<p data-start=\"1813\" data-end=\"2158\"><strong data-start=\"1813\" data-end=\"1830\">Eigenschaften<\/strong><br data-start=\"1830\" data-end=\"1833\" \/><strong data-start=\"1833\" data-end=\"1849\">Produktname:<\/strong> 140\u00d750\/62-20 St\u00fctzrad<br data-start=\"1871\" data-end=\"1874\" \/><strong data-start=\"1874\" data-end=\"1887\">Material:<\/strong> Robuster Metallkern, Gummi- oder Polyurethanbeschichtung<br data-start=\"1944\" data-end=\"1947\" \/><strong data-start=\"1947\" data-end=\"1969\">Anwendungsbereich:<\/strong> Balance- und St\u00fctzsystme f\u00fcr Gabelstapler und schwere Maschinen<br data-start=\"2033\" data-end=\"2036\" \/><strong data-start=\"2036\" data-end=\"2048\">Vorteil:<\/strong> Hohe Haltbarkeit, lange Lebensdauer, leiser Betrieb, hervorragende Balance und Stabilit\u00e4t, einfache Montage<\/p>\n<hr data-start=\"2160\" data-end=\"2163\" \/>\n<p data-start=\"2165\" data-end=\"2533\">\n","protected":false},"featured_media":17647,"template":"","meta":[],"product_brand":[],"product_cat":[185],"product_tag":[],"class_list":{"0":"post-8438","1":"product","2":"type-product","3":"status-publish","4":"has-post-thumbnail","6":"product_cat-denge-tekeri","8":"first","9":"instock","10":"taxable","11":"shipping-taxable","12":"purchasable","13":"product-type-simple"},"_links":{"self":[{"href":"https:\/\/ceoparts.com\/de\/wp-json\/wp\/v2\/product\/8438","targetHints":{"allow":["GET"]}}],"collection":[{"href":"https:\/\/ceoparts.com\/de\/wp-json\/wp\/v2\/product"}],"about":[{"href":"https:\/\/ceoparts.com\/de\/wp-json\/wp\/v2\/types\/product"}],"wp:featuredmedia":[{"embeddable":true,"href":"https:\/\/ceoparts.com\/de\/wp-json\/wp\/v2\/media\/17647"}],"wp:attachment":[{"href":"https:\/\/ceoparts.com\/de\/wp-json\/wp\/v2\/media?parent=8438"}],"wp:term":[{"taxonomy":"product_brand","embeddable":true,"href":"https:\/\/ceoparts.com\/de\/wp-json\/wp\/v2\/product_brand?post=8438"},{"taxonomy":"product_cat","embeddable":true,"href":"https:\/\/ceoparts.com\/de\/wp-json\/wp\/v2\/product_cat?post=8438"},{"taxonomy":"product_tag","embeddable":true,"href":"https:\/\/ceoparts.com\/de\/wp-json\/wp\/v2\/product_tag?post=8438"}],"curies":[{"name":"wp","href":"https:\/\/api.w.org\/{rel}","templated":true}]}}