{"id":8439,"date":"2021-02-15T11:02:26","date_gmt":"2021-02-15T08:02:26","guid":{"rendered":"https:\/\/ceoparts.com\/?post_type=product&#038;p=8439"},"modified":"2026-05-16T12:15:31","modified_gmt":"2026-05-16T09:15:31","slug":"140x55-64-143-denge-tekeri","status":"publish","type":"product","link":"https:\/\/ceoparts.com\/de\/urun\/140x55-64-143-denge-tekeri\/","title":{"rendered":"140&#215;55\/64-14,3 Ausgleichsrad"},"content":{"rendered":"<p>140&#215;55\/64-14,3 Ausgleichsrad<\/p>","protected":false},"excerpt":{"rendered":"<p data-start=\"90\" data-end=\"443\"><br data-start=\"1408\" data-end=\"1411\" \/>Das <strong data-start=\"1415\" data-end=\"1442\">140\u00d755\/64-14,3 St\u00fctzrad<\/strong> ist ein langlebiges, leistungsstarkes St\u00fctzrad, das f\u00fcr Gabelstapler und schwere Maschinen entwickelt wurde. Es verf\u00fcgt \u00fcber einen robusten Metallkern und eine Gummi- oder Polyurethanbeschichtung, die eine lange Lebensdauer, einen leisen Betrieb und zuverl\u00e4ssige Leistung gew\u00e4hrleistet. Es verbessert die Stabilit\u00e4t der Maschinen und erm\u00f6glicht einen sicheren und effizienten Betrieb.<\/p>\n<p data-start=\"1829\" data-end=\"2176\"><strong data-start=\"1829\" data-end=\"1846\">Eigenschaften<\/strong><br data-start=\"1846\" data-end=\"1849\" \/><strong data-start=\"1849\" data-end=\"1865\">Produktname:<\/strong> 140\u00d755\/64-14,3 St\u00fctzrad<br data-start=\"1889\" data-end=\"1892\" \/><strong data-start=\"1892\" data-end=\"1905\">Material:<\/strong> Robuster Metallkern, Gummi- oder Polyurethanbeschichtung<br data-start=\"1962\" data-end=\"1965\" \/><strong data-start=\"1965\" data-end=\"1987\">Anwendungsbereich:<\/strong> Balance- und St\u00fctzsystme f\u00fcr Gabelstapler und schwere Maschinen<br data-start=\"2051\" data-end=\"2054\" \/><strong data-start=\"2054\" data-end=\"2066\">Vorteil:<\/strong> Hohe Haltbarkeit, lange Lebensdauer, leiser Betrieb, hervorragende Balance und Stabilit\u00e4t, einfache Montage<\/p>\n<hr data-start=\"2178\" data-end=\"2181\" \/>\n<p data-start=\"2183\" data-end=\"2563\">\n","protected":false},"featured_media":17648,"template":"","meta":[],"product_brand":[],"product_cat":[185],"product_tag":[],"class_list":{"0":"post-8439","1":"product","2":"type-product","3":"status-publish","4":"has-post-thumbnail","6":"product_cat-denge-tekeri","8":"first","9":"instock","10":"taxable","11":"shipping-taxable","12":"purchasable","13":"product-type-simple"},"_links":{"self":[{"href":"https:\/\/ceoparts.com\/de\/wp-json\/wp\/v2\/product\/8439","targetHints":{"allow":["GET"]}}],"collection":[{"href":"https:\/\/ceoparts.com\/de\/wp-json\/wp\/v2\/product"}],"about":[{"href":"https:\/\/ceoparts.com\/de\/wp-json\/wp\/v2\/types\/product"}],"wp:featuredmedia":[{"embeddable":true,"href":"https:\/\/ceoparts.com\/de\/wp-json\/wp\/v2\/media\/17648"}],"wp:attachment":[{"href":"https:\/\/ceoparts.com\/de\/wp-json\/wp\/v2\/media?parent=8439"}],"wp:term":[{"taxonomy":"product_brand","embeddable":true,"href":"https:\/\/ceoparts.com\/de\/wp-json\/wp\/v2\/product_brand?post=8439"},{"taxonomy":"product_cat","embeddable":true,"href":"https:\/\/ceoparts.com\/de\/wp-json\/wp\/v2\/product_cat?post=8439"},{"taxonomy":"product_tag","embeddable":true,"href":"https:\/\/ceoparts.com\/de\/wp-json\/wp\/v2\/product_tag?post=8439"}],"curies":[{"name":"wp","href":"https:\/\/api.w.org\/{rel}","templated":true}]}}