{"id":8445,"date":"2021-02-15T12:10:08","date_gmt":"2021-02-15T09:10:08","guid":{"rendered":"https:\/\/ceoparts.com\/?post_type=product&#038;p=8445"},"modified":"2026-05-16T10:46:35","modified_gmt":"2026-05-16T07:46:35","slug":"150x40-50-20-denge-tekeri","status":"publish","type":"product","link":"https:\/\/ceoparts.com\/de\/urun\/150x40-50-20-denge-tekeri\/","title":{"rendered":"150&#215;40\/50-20 Ausgleichsrad"},"content":{"rendered":"<p>150&#215;40\/50-20 Ausgleichsrad<\/p>","protected":false},"excerpt":{"rendered":"<p data-start=\"88\" data-end=\"497\"><br data-start=\"1515\" data-end=\"1518\" \/>Das <strong data-start=\"1522\" data-end=\"1547\">150\u00d740\/50-20 St\u00fctzrad<\/strong> ist ein langlebiges, leistungsstarkes St\u00fctzrad, das f\u00fcr Gabelstapler und schwere Maschinen entwickelt wurde. Es verf\u00fcgt \u00fcber einen robusten Metallkern und eine Gummi- oder Polyurethanbeschichtung, die eine lange Lebensdauer, einen leisen Betrieb und zuverl\u00e4ssige Leistung gew\u00e4hrleistet. Es sorgt f\u00fcr hervorragende Balance und Stabilit\u00e4t in industriellen Umgebungen und tr\u00e4gt zu einem sicheren und effizienten Betrieb der Maschinen bei.<\/p>\n<p data-start=\"1985\" data-end=\"2330\"><strong data-start=\"1985\" data-end=\"2002\">Eigenschaften<\/strong><br data-start=\"2002\" data-end=\"2005\" \/><strong data-start=\"2005\" data-end=\"2021\">Produktname:<\/strong> 150\u00d740\/50-20 St\u00fctzrad<br data-start=\"2043\" data-end=\"2046\" \/><strong data-start=\"2046\" data-end=\"2059\">Material:<\/strong> Robuster Metallkern, Gummi- oder Polyurethanbeschichtung<br data-start=\"2116\" data-end=\"2119\" \/><strong data-start=\"2119\" data-end=\"2141\">Anwendungsbereich:<\/strong> Balance- und St\u00fctzsystme f\u00fcr Gabelstapler und schwere Maschinen<br data-start=\"2205\" data-end=\"2208\" \/><strong data-start=\"2208\" data-end=\"2220\">Vorteil:<\/strong> Hohe Haltbarkeit, lange Lebensdauer, leiser Betrieb, hervorragende Balance und Stabilit\u00e4t, einfache Montage<\/p>\n<hr data-start=\"2332\" data-end=\"2335\" \/>\n<p data-start=\"2337\" data-end=\"2767\">\n","protected":false},"featured_media":17650,"template":"","meta":[],"product_brand":[],"product_cat":[185],"product_tag":[],"class_list":{"0":"post-8445","1":"product","2":"type-product","3":"status-publish","4":"has-post-thumbnail","6":"product_cat-denge-tekeri","8":"first","9":"instock","10":"taxable","11":"shipping-taxable","12":"purchasable","13":"product-type-simple"},"_links":{"self":[{"href":"https:\/\/ceoparts.com\/de\/wp-json\/wp\/v2\/product\/8445","targetHints":{"allow":["GET"]}}],"collection":[{"href":"https:\/\/ceoparts.com\/de\/wp-json\/wp\/v2\/product"}],"about":[{"href":"https:\/\/ceoparts.com\/de\/wp-json\/wp\/v2\/types\/product"}],"wp:featuredmedia":[{"embeddable":true,"href":"https:\/\/ceoparts.com\/de\/wp-json\/wp\/v2\/media\/17650"}],"wp:attachment":[{"href":"https:\/\/ceoparts.com\/de\/wp-json\/wp\/v2\/media?parent=8445"}],"wp:term":[{"taxonomy":"product_brand","embeddable":true,"href":"https:\/\/ceoparts.com\/de\/wp-json\/wp\/v2\/product_brand?post=8445"},{"taxonomy":"product_cat","embeddable":true,"href":"https:\/\/ceoparts.com\/de\/wp-json\/wp\/v2\/product_cat?post=8445"},{"taxonomy":"product_tag","embeddable":true,"href":"https:\/\/ceoparts.com\/de\/wp-json\/wp\/v2\/product_tag?post=8445"}],"curies":[{"name":"wp","href":"https:\/\/api.w.org\/{rel}","templated":true}]}}