{"id":8447,"date":"2021-02-15T12:12:00","date_gmt":"2021-02-15T09:12:00","guid":{"rendered":"https:\/\/ceoparts.com\/?post_type=product&#038;p=8447"},"modified":"2026-05-16T17:05:09","modified_gmt":"2026-05-16T14:05:09","slug":"150x40-55-125-denge-tekeri","status":"publish","type":"product","link":"https:\/\/ceoparts.com\/de\/urun\/150x40-55-125-denge-tekeri\/","title":{"rendered":"150&#215;40\/55-12,5 Ausgleichsrad"},"content":{"rendered":"<p>150&#215;40\/55-12,5 Ausgleichsrad<\/p>","protected":false},"excerpt":{"rendered":"<p data-start=\"90\" data-end=\"513\"><br data-start=\"1558\" data-end=\"1561\" \/>Das <strong data-start=\"1565\" data-end=\"1592\">150\u00d740\/55-12,5 St\u00fctzrad<\/strong> ist ein langlebiges, leistungsstarkes St\u00fctzrad, das f\u00fcr Gabelstapler und schwere Maschinen entwickelt wurde. Es verf\u00fcgt \u00fcber einen robusten Metallkern und eine verschlei\u00dffeste Gummi- oder Polyurethanbeschichtung, die eine lange Lebensdauer, einen leisen Betrieb und zuverl\u00e4ssige Leistung gew\u00e4hrleistet. Es sorgt f\u00fcr hervorragende Balance und Stabilit\u00e4t in industriellen Umgebungen und tr\u00e4gt zur sicheren und effizienten Nutzung der Maschinen bei.<\/p>\n<p data-start=\"2041\" data-end=\"2388\"><strong data-start=\"2041\" data-end=\"2058\">Eigenschaften<\/strong><br data-start=\"2058\" data-end=\"2061\" \/><strong data-start=\"2061\" data-end=\"2077\">Produktname:<\/strong> 150\u00d740\/55-12,5 St\u00fctzrad<br data-start=\"2101\" data-end=\"2104\" \/><strong data-start=\"2104\" data-end=\"2117\">Material:<\/strong> Robuster Metallkern, Gummi- oder Polyurethanbeschichtung<br data-start=\"2174\" data-end=\"2177\" \/><strong data-start=\"2177\" data-end=\"2199\">Anwendungsbereich:<\/strong> Balance- und St\u00fctzsystme f\u00fcr Gabelstapler und schwere Maschinen<br data-start=\"2263\" data-end=\"2266\" \/><strong data-start=\"2266\" data-end=\"2278\">Vorteil:<\/strong> Lange Lebensdauer, hohe Haltbarkeit, leiser Betrieb, hervorragende Balance und Stabilit\u00e4t, einfache Montage<\/p>\n<hr data-start=\"2390\" data-end=\"2393\" \/>\n<p data-start=\"2395\" data-end=\"2841\">\n","protected":false},"featured_media":17652,"template":"","meta":[],"product_brand":[],"product_cat":[185],"product_tag":[],"class_list":{"0":"post-8447","1":"product","2":"type-product","3":"status-publish","4":"has-post-thumbnail","6":"product_cat-denge-tekeri","8":"first","9":"instock","10":"taxable","11":"shipping-taxable","12":"purchasable","13":"product-type-simple"},"_links":{"self":[{"href":"https:\/\/ceoparts.com\/de\/wp-json\/wp\/v2\/product\/8447","targetHints":{"allow":["GET"]}}],"collection":[{"href":"https:\/\/ceoparts.com\/de\/wp-json\/wp\/v2\/product"}],"about":[{"href":"https:\/\/ceoparts.com\/de\/wp-json\/wp\/v2\/types\/product"}],"wp:featuredmedia":[{"embeddable":true,"href":"https:\/\/ceoparts.com\/de\/wp-json\/wp\/v2\/media\/17652"}],"wp:attachment":[{"href":"https:\/\/ceoparts.com\/de\/wp-json\/wp\/v2\/media?parent=8447"}],"wp:term":[{"taxonomy":"product_brand","embeddable":true,"href":"https:\/\/ceoparts.com\/de\/wp-json\/wp\/v2\/product_brand?post=8447"},{"taxonomy":"product_cat","embeddable":true,"href":"https:\/\/ceoparts.com\/de\/wp-json\/wp\/v2\/product_cat?post=8447"},{"taxonomy":"product_tag","embeddable":true,"href":"https:\/\/ceoparts.com\/de\/wp-json\/wp\/v2\/product_tag?post=8447"}],"curies":[{"name":"wp","href":"https:\/\/api.w.org\/{rel}","templated":true}]}}