{"id":8448,"date":"2021-02-15T12:13:16","date_gmt":"2021-02-15T09:13:16","guid":{"rendered":"https:\/\/ceoparts.com\/?post_type=product&#038;p=8448"},"modified":"2026-05-16T17:22:29","modified_gmt":"2026-05-16T14:22:29","slug":"150x40-55-20-denge-tekeri","status":"publish","type":"product","link":"https:\/\/ceoparts.com\/de\/urun\/150x40-55-20-denge-tekeri\/","title":{"rendered":"150&#215;40\/55-20  Ausgleichsrad"},"content":{"rendered":"<p>150&#215;40\/55-20  Ausgleichsrad<\/p>","protected":false},"excerpt":{"rendered":"<p data-start=\"88\" data-end=\"477\"><br data-start=\"1481\" data-end=\"1484\" \/>Das <strong data-start=\"1488\" data-end=\"1513\">150\u00d740\/55-20 St\u00fctzrad<\/strong> ist ein langlebiges, leistungsstarkes St\u00fctzrad, das in Gabelstaplern und schweren Maschinen verwendet wird. Es verf\u00fcgt \u00fcber einen robusten Metallkern und eine Gummi- oder Polyurethanbeschichtung, die eine lange Lebensdauer, leisen Betrieb und zuverl\u00e4ssige Leistung bietet. Es sorgt f\u00fcr hervorragende Balance und Stabilit\u00e4t in industriellen Umgebungen und tr\u00e4gt zu einem effizienten Betrieb der Maschinen bei.<\/p>\n<p data-start=\"1924\" data-end=\"2269\"><strong data-start=\"1924\" data-end=\"1941\">Eigenschaften<\/strong><br data-start=\"1941\" data-end=\"1944\" \/><strong data-start=\"1944\" data-end=\"1960\">Produktname:<\/strong> 150\u00d740\/55-20 St\u00fctzrad<br data-start=\"1982\" data-end=\"1985\" \/><strong data-start=\"1985\" data-end=\"1998\">Material:<\/strong> Robuster Metallkern, Gummi- oder Polyurethanbeschichtung<br data-start=\"2055\" data-end=\"2058\" \/><strong data-start=\"2058\" data-end=\"2080\">Anwendungsbereich:<\/strong> Balance- und St\u00fctzsystme f\u00fcr Gabelstapler und schwere Maschinen<br data-start=\"2144\" data-end=\"2147\" \/><strong data-start=\"2147\" data-end=\"2159\">Vorteil:<\/strong> Hohe Haltbarkeit, lange Lebensdauer, leiser Betrieb, hervorragende Balance und Stabilit\u00e4t, einfache Montage<\/p>\n<hr data-start=\"2271\" data-end=\"2274\" \/>\n<p data-start=\"2276\" data-end=\"2682\">\n","protected":false},"featured_media":17653,"template":"","meta":[],"product_brand":[],"product_cat":[185],"product_tag":[],"class_list":{"0":"post-8448","1":"product","2":"type-product","3":"status-publish","4":"has-post-thumbnail","6":"product_cat-denge-tekeri","8":"first","9":"instock","10":"taxable","11":"shipping-taxable","12":"purchasable","13":"product-type-simple"},"_links":{"self":[{"href":"https:\/\/ceoparts.com\/de\/wp-json\/wp\/v2\/product\/8448","targetHints":{"allow":["GET"]}}],"collection":[{"href":"https:\/\/ceoparts.com\/de\/wp-json\/wp\/v2\/product"}],"about":[{"href":"https:\/\/ceoparts.com\/de\/wp-json\/wp\/v2\/types\/product"}],"wp:featuredmedia":[{"embeddable":true,"href":"https:\/\/ceoparts.com\/de\/wp-json\/wp\/v2\/media\/17653"}],"wp:attachment":[{"href":"https:\/\/ceoparts.com\/de\/wp-json\/wp\/v2\/media?parent=8448"}],"wp:term":[{"taxonomy":"product_brand","embeddable":true,"href":"https:\/\/ceoparts.com\/de\/wp-json\/wp\/v2\/product_brand?post=8448"},{"taxonomy":"product_cat","embeddable":true,"href":"https:\/\/ceoparts.com\/de\/wp-json\/wp\/v2\/product_cat?post=8448"},{"taxonomy":"product_tag","embeddable":true,"href":"https:\/\/ceoparts.com\/de\/wp-json\/wp\/v2\/product_tag?post=8448"}],"curies":[{"name":"wp","href":"https:\/\/api.w.org\/{rel}","templated":true}]}}